{"id":231972,"date":"2026-02-23T10:58:00","date_gmt":"2026-02-23T09:58:00","guid":{"rendered":"https:\/\/www.tendenzeshabbychic.it\/prodotto\/decoracion-perfumada-mesange-fleur-de-cerisier\/"},"modified":"2026-02-23T10:58:00","modified_gmt":"2026-02-23T09:58:00","slug":"decoracion-perfumada-mesange-fleur-de-cerisier","status":"publish","type":"product","link":"https:\/\/www.tendenzeshabbychic.it\/es\/producto\/decoracion-perfumada-mesange-fleur-de-cerisier\/","title":{"rendered":"Decoraci\u00f3n perfumada M\u00e9sange Fleur de Cerisier"},"content":{"rendered":"<ul>\n<li>Modelo: M\u00e9sange<\/li>\n<li>Fragancia: Fleur de Cerisier<\/li>\n<li>Dimensiones: 8 x 8,3 x 2,4 cm<\/li>\n<li>Con cinta para colgar<\/li>\n<\/ul>\n<p><strong>Recomendaciones de uso<\/strong><br \/>\nCu\u00e9lgalo en armarios o tiradores, o gu\u00e1rdalo en un caj\u00f3n. Para evitar halos, no lo pongas en contacto directo con tejidos delicados: utiliza una bolsita o un peque\u00f1o soporte. <\/p>\n","protected":false},"excerpt":{"rendered":"<p>Una delicada decoraci\u00f3n perfumada en forma de p\u00e1jaro entre flores, con cinta para colgar: ideal para perfumar armarios, cajones y peque\u00f1os espacios con una nota primaveral.<\/p>\n<p><strong>Fragancia FLEUR DE CERISIER<\/strong><br \/>\nSuave y luminosa, evoca los primeros cerezos en flor: la apertura combina espino blanco y manzana, el coraz\u00f3n revela la delicadeza de la flor del cerezo, mientras que el fondo de cedro y vainilla deja una estela elegante y envolvente.<\/p>\n<p><strong>Pir\u00e1mide olfativa<\/strong><\/p>\n<ul>\n<li>Notas altas: <strong>Espino blanco, Manzana<\/strong><\/li>\n<li>Notas de coraz\u00f3n: <strong>Flor de cerezo<\/strong><\/li>\n<li>Notas de fondo: <strong>Madera de cedro, Vainilla<\/strong><\/li>\n<\/ul>\n","protected":false},"featured_media":231967,"comment_status":"closed","ping_status":"closed","template":"","meta":{"_joinchat":[]},"pwb-brand":[2089],"product_brand":[],"product_cat":[2363,2344],"product_tag":[],"class_list":{"0":"post-231972","1":"product","2":"type-product","3":"status-publish","4":"has-post-thumbnail","6":"pwb-brand-mathilde-m-es","7":"product_cat-tizas-perfumadas","8":"product_cat-perfumistas","10":"first","11":"instock","12":"taxable","13":"shipping-taxable","14":"purchasable","15":"product-type-simple"},"brands":[{"id":2089,"name":"Mathilde M.","slug":"mathilde-m-es"}],"_links":{"self":[{"href":"https:\/\/www.tendenzeshabbychic.it\/es\/wp-json\/wp\/v2\/product\/231972","targetHints":{"allow":["GET"]}}],"collection":[{"href":"https:\/\/www.tendenzeshabbychic.it\/es\/wp-json\/wp\/v2\/product"}],"about":[{"href":"https:\/\/www.tendenzeshabbychic.it\/es\/wp-json\/wp\/v2\/types\/product"}],"replies":[{"embeddable":true,"href":"https:\/\/www.tendenzeshabbychic.it\/es\/wp-json\/wp\/v2\/comments?post=231972"}],"wp:featuredmedia":[{"embeddable":true,"href":"https:\/\/www.tendenzeshabbychic.it\/es\/wp-json\/wp\/v2\/media\/231967"}],"wp:attachment":[{"href":"https:\/\/www.tendenzeshabbychic.it\/es\/wp-json\/wp\/v2\/media?parent=231972"}],"wp:term":[{"taxonomy":"pwb-brand","embeddable":true,"href":"https:\/\/www.tendenzeshabbychic.it\/es\/wp-json\/wp\/v2\/pwb-brand?post=231972"},{"taxonomy":"product_brand","embeddable":true,"href":"https:\/\/www.tendenzeshabbychic.it\/es\/wp-json\/wp\/v2\/product_brand?post=231972"},{"taxonomy":"product_cat","embeddable":true,"href":"https:\/\/www.tendenzeshabbychic.it\/es\/wp-json\/wp\/v2\/product_cat?post=231972"},{"taxonomy":"product_tag","embeddable":true,"href":"https:\/\/www.tendenzeshabbychic.it\/es\/wp-json\/wp\/v2\/product_tag?post=231972"}],"curies":[{"name":"wp","href":"https:\/\/api.w.org\/{rel}","templated":true}]}}