{"id":231949,"date":"2026-02-24T15:25:01","date_gmt":"2026-02-24T14:25:01","guid":{"rendered":"https:\/\/www.tendenzeshabbychic.it\/prodotto\/nuvole-di-stoffa-cesta-ovalada-de-mimbre-pepen-con-asas\/"},"modified":"2026-02-19T12:47:01","modified_gmt":"2026-02-19T11:47:01","slug":"nuvole-di-stoffa-cesta-ovalada-de-mimbre-pepen-con-asas","status":"publish","type":"product","link":"https:\/\/www.tendenzeshabbychic.it\/es\/producto\/nuvole-di-stoffa-cesta-ovalada-de-mimbre-pepen-con-asas\/","title":{"rendered":"Nuvole di Stoffa Cesta ovalada de mimbre PePen con asas"},"content":{"rendered":"<p>La cesta ovalada Nuvole di Stoffa de PePen est\u00e1 hecha de mimbre tejido de color natural con delicados matices, un grueso borde acabado y dos robustas asas laterales. Util\u00edzala como centro de mesa con flores y velas, para pan y servilletas, o en el ba\u00f1o para toallas y art\u00edculos de aseo. <\/p>\n<ul>\n<li>Elegante forma ovalada<\/li>\n<li>C\u00f3modas asas trenzadas<\/li>\n<li>Borde reforzado<\/li>\n<li>Tres medidas de coordinaci\u00f3n<\/li>\n<li>Aspecto natural y refinado<\/li>\n<\/ul>\n","protected":false},"excerpt":{"rendered":"<p>Cesta ovalada de mimbre natural con un acabado c\u00e1lido y ligeramente desgastado. Borde enrollado y reforzado, trama gruesa y asas laterales tejidas para moverla con facilidad. Una \u00abcesta-bandeja\u00bb vers\u00e1til y superchic, perfecta para crear arreglos de estilo shabby. Colecci\u00f3n PePen.   <\/p>\n<p>Dimensiones: Peque\u00f1o <strong>15 x 39 x 15 cm<\/strong> &#8211; Mediano <strong>25 x 45 x 17 cm<\/strong> &#8211; Grande <strong>34 x 52 x 20 cm<\/strong><\/p>\n","protected":false},"featured_media":231894,"comment_status":"open","ping_status":"closed","template":"","meta":{"_joinchat":[]},"pwb-brand":[2090],"product_brand":[],"product_cat":[2396],"product_tag":[2809,2941,2818],"class_list":{"0":"post-231949","1":"product","2":"type-product","3":"status-publish","4":"has-post-thumbnail","6":"pwb-brand-nuvole-di-stoffa-es","7":"product_cat-objetos","8":"product_tag-cesta","9":"product_tag-jardin-es","10":"product_tag-mimbre-y-ratan","12":"first","13":"instock","14":"taxable","15":"shipping-taxable","16":"purchasable","17":"product-type-variable"},"brands":[{"id":2090,"name":"Nuvole di Stoffa","slug":"nuvole-di-stoffa-es"}],"_links":{"self":[{"href":"https:\/\/www.tendenzeshabbychic.it\/es\/wp-json\/wp\/v2\/product\/231949","targetHints":{"allow":["GET"]}}],"collection":[{"href":"https:\/\/www.tendenzeshabbychic.it\/es\/wp-json\/wp\/v2\/product"}],"about":[{"href":"https:\/\/www.tendenzeshabbychic.it\/es\/wp-json\/wp\/v2\/types\/product"}],"replies":[{"embeddable":true,"href":"https:\/\/www.tendenzeshabbychic.it\/es\/wp-json\/wp\/v2\/comments?post=231949"}],"wp:featuredmedia":[{"embeddable":true,"href":"https:\/\/www.tendenzeshabbychic.it\/es\/wp-json\/wp\/v2\/media\/231894"}],"wp:attachment":[{"href":"https:\/\/www.tendenzeshabbychic.it\/es\/wp-json\/wp\/v2\/media?parent=231949"}],"wp:term":[{"taxonomy":"pwb-brand","embeddable":true,"href":"https:\/\/www.tendenzeshabbychic.it\/es\/wp-json\/wp\/v2\/pwb-brand?post=231949"},{"taxonomy":"product_brand","embeddable":true,"href":"https:\/\/www.tendenzeshabbychic.it\/es\/wp-json\/wp\/v2\/product_brand?post=231949"},{"taxonomy":"product_cat","embeddable":true,"href":"https:\/\/www.tendenzeshabbychic.it\/es\/wp-json\/wp\/v2\/product_cat?post=231949"},{"taxonomy":"product_tag","embeddable":true,"href":"https:\/\/www.tendenzeshabbychic.it\/es\/wp-json\/wp\/v2\/product_tag?post=231949"}],"curies":[{"name":"wp","href":"https:\/\/api.w.org\/{rel}","templated":true}]}}