{"id":231888,"date":"2026-02-23T14:11:28","date_gmt":"2026-02-23T13:11:28","guid":{"rendered":"https:\/\/www.tendenzeshabbychic.it\/prodotto\/edg-mantel-individual-rosa-margarita-o-38-cm\/"},"modified":"2026-02-18T18:11:28","modified_gmt":"2026-02-18T17:11:28","slug":"edg-mantel-individual-rosa-margarita-o-38-cm","status":"publish","type":"product","link":"https:\/\/www.tendenzeshabbychic.it\/es\/producto\/edg-mantel-individual-rosa-margarita-o-38-cm\/","title":{"rendered":"EDG Mantel Individual Rosa Margarita \u00d8 38 cm"},"content":{"rendered":"<p>El mantel individual Margherita <strong>Enzo de Gasperi<\/strong> viste la mesa con delicadeza: p\u00e9talos rosa empolvado con textura efecto cuero, centro redondo marfil y pespuntes regulares que resaltan cada rebanada. El pespunte perimetral define el perfil y le da un aspecto entallado, perfecto para un equipamiento currado. Composici\u00f3n: <strong>90% PVC, 10% poli\u00e9ster<\/strong>. No lavar a m\u00e1quina: se limpia f\u00e1cilmente con un pa\u00f1o h\u00famedo.   <\/p>\n<p>Ideal como bajoplato para desayunos lentos, t\u00e9 con amigos o mise en place primaveral, tambi\u00e9n en mesas de colores claros o de madera natural.<\/p>\n<ul>\n<li>Rosa empolvado suave con centro marfil en contraste<\/li>\n<li>Costuras decorativas visibles y acabado limpio<\/li>\n<li>Protege la parte superior de peque\u00f1as marcas y ca\u00eddas<\/li>\n<li>F\u00e1cil de limpiar, perfecto para el uso diario<\/li>\n<li>Bellamente mezclado con cer\u00e1mica blanca y cuberter\u00eda dorada<\/li>\n<\/ul>\n","protected":false},"excerpt":{"rendered":"<p>Mantel individual margarita rosa empolvado de PVC efecto piel con centro marfil y pespuntes a tono: rom\u00e1ntico, elegante y pr\u00e1ctico.<br \/>\n\ud83d\udccf A 38 x P 38 cm<\/p>\n","protected":false},"featured_media":231862,"comment_status":"open","ping_status":"closed","template":"","meta":{"_joinchat":[]},"pwb-brand":[2084],"product_brand":[],"product_cat":[2339,2377],"product_tag":[],"class_list":{"0":"post-231888","1":"product","2":"type-product","3":"status-publish","4":"has-post-thumbnail","6":"pwb-brand-edg-enzo-de-gasperi","7":"product_cat-manteles-individuales","8":"product_cat-la-mesa","10":"first","11":"instock","12":"taxable","13":"shipping-taxable","14":"purchasable","15":"product-type-simple"},"brands":[{"id":2084,"name":"EDG - Enzo De Gasperi","slug":"edg-enzo-de-gasperi"}],"_links":{"self":[{"href":"https:\/\/www.tendenzeshabbychic.it\/es\/wp-json\/wp\/v2\/product\/231888","targetHints":{"allow":["GET"]}}],"collection":[{"href":"https:\/\/www.tendenzeshabbychic.it\/es\/wp-json\/wp\/v2\/product"}],"about":[{"href":"https:\/\/www.tendenzeshabbychic.it\/es\/wp-json\/wp\/v2\/types\/product"}],"replies":[{"embeddable":true,"href":"https:\/\/www.tendenzeshabbychic.it\/es\/wp-json\/wp\/v2\/comments?post=231888"}],"wp:featuredmedia":[{"embeddable":true,"href":"https:\/\/www.tendenzeshabbychic.it\/es\/wp-json\/wp\/v2\/media\/231862"}],"wp:attachment":[{"href":"https:\/\/www.tendenzeshabbychic.it\/es\/wp-json\/wp\/v2\/media?parent=231888"}],"wp:term":[{"taxonomy":"pwb-brand","embeddable":true,"href":"https:\/\/www.tendenzeshabbychic.it\/es\/wp-json\/wp\/v2\/pwb-brand?post=231888"},{"taxonomy":"product_brand","embeddable":true,"href":"https:\/\/www.tendenzeshabbychic.it\/es\/wp-json\/wp\/v2\/product_brand?post=231888"},{"taxonomy":"product_cat","embeddable":true,"href":"https:\/\/www.tendenzeshabbychic.it\/es\/wp-json\/wp\/v2\/product_cat?post=231888"},{"taxonomy":"product_tag","embeddable":true,"href":"https:\/\/www.tendenzeshabbychic.it\/es\/wp-json\/wp\/v2\/product_tag?post=231888"}],"curies":[{"name":"wp","href":"https:\/\/api.w.org\/{rel}","templated":true}]}}