{"id":231875,"date":"2026-02-24T15:28:19","date_gmt":"2026-02-24T14:28:19","guid":{"rendered":"https:\/\/www.tendenzeshabbychic.it\/prodotto\/anfora-de-cristal-con-tapa-de-mimbre-13x13x36-cm\/"},"modified":"2026-02-19T13:26:19","modified_gmt":"2026-02-19T12:26:19","slug":"anfora-de-cristal-con-tapa-de-mimbre-13x13x36-cm","status":"publish","type":"product","link":"https:\/\/www.tendenzeshabbychic.it\/es\/producto\/anfora-de-cristal-con-tapa-de-mimbre-13x13x36-cm\/","title":{"rendered":"\u00c1nfora de cristal con tapa de mimbre 13x13x36 cm"},"content":{"rendered":"<p>Un \u00e1nfora de cristal con tapa de mimbre y asa de cuerda: un accesorio de decoraci\u00f3n con sabor natural, perfecto para colgar en la pared o utilizar como peque\u00f1o jarr\u00f3n decorativo.<\/p>\n<p>Realza las flores secas y las ramas, creando un c\u00e1lido efecto Country Chic en casa o en la veranda. Medidas 13x13x36 cm <\/p>\n","protected":false},"excerpt":{"rendered":"<p>\u00c1nfora decorativa <strong>de cristal<\/strong> con <strong>revestimiento de mimbre tejido<\/strong> y <strong>asa de cuerda<\/strong> para colgarla o trasladarla f\u00e1cilmente. Ideal como jarr\u00f3n para flores secas, ramas o peque\u00f1as composiciones.<br \/>\n<strong>Dimensiones:<\/strong> 13 x 13 x 36 cm<\/p>\n","protected":false},"featured_media":231839,"comment_status":"open","ping_status":"closed","template":"","meta":{"_joinchat":[]},"pwb-brand":[2090],"product_brand":[],"product_cat":[2357],"product_tag":[3439,2818],"class_list":{"0":"post-231875","1":"product","2":"type-product","3":"status-publish","4":"has-post-thumbnail","6":"pwb-brand-nuvole-di-stoffa-es","7":"product_cat-jarrones","8":"product_tag-decoraciones-colgantes","9":"product_tag-mimbre-y-ratan","11":"first","12":"instock","13":"taxable","14":"shipping-taxable","15":"purchasable","16":"product-type-simple"},"brands":[{"id":2090,"name":"Nuvole di Stoffa","slug":"nuvole-di-stoffa-es"}],"_links":{"self":[{"href":"https:\/\/www.tendenzeshabbychic.it\/es\/wp-json\/wp\/v2\/product\/231875","targetHints":{"allow":["GET"]}}],"collection":[{"href":"https:\/\/www.tendenzeshabbychic.it\/es\/wp-json\/wp\/v2\/product"}],"about":[{"href":"https:\/\/www.tendenzeshabbychic.it\/es\/wp-json\/wp\/v2\/types\/product"}],"replies":[{"embeddable":true,"href":"https:\/\/www.tendenzeshabbychic.it\/es\/wp-json\/wp\/v2\/comments?post=231875"}],"wp:featuredmedia":[{"embeddable":true,"href":"https:\/\/www.tendenzeshabbychic.it\/es\/wp-json\/wp\/v2\/media\/231839"}],"wp:attachment":[{"href":"https:\/\/www.tendenzeshabbychic.it\/es\/wp-json\/wp\/v2\/media?parent=231875"}],"wp:term":[{"taxonomy":"pwb-brand","embeddable":true,"href":"https:\/\/www.tendenzeshabbychic.it\/es\/wp-json\/wp\/v2\/pwb-brand?post=231875"},{"taxonomy":"product_brand","embeddable":true,"href":"https:\/\/www.tendenzeshabbychic.it\/es\/wp-json\/wp\/v2\/product_brand?post=231875"},{"taxonomy":"product_cat","embeddable":true,"href":"https:\/\/www.tendenzeshabbychic.it\/es\/wp-json\/wp\/v2\/product_cat?post=231875"},{"taxonomy":"product_tag","embeddable":true,"href":"https:\/\/www.tendenzeshabbychic.it\/es\/wp-json\/wp\/v2\/product_tag?post=231875"}],"curies":[{"name":"wp","href":"https:\/\/api.w.org\/{rel}","templated":true}]}}