{"id":231774,"date":"2026-02-24T15:27:19","date_gmt":"2026-02-24T14:27:19","guid":{"rendered":"https:\/\/www.tendenzeshabbychic.it\/prodotto\/anfora-de-cristal-con-cubierta-de-mimbre-20x20x40-cm\/"},"modified":"2026-02-24T10:27:56","modified_gmt":"2026-02-24T09:27:56","slug":"anfora-de-cristal-con-cubierta-de-mimbre-20x20x40-cm","status":"publish","type":"product","link":"https:\/\/www.tendenzeshabbychic.it\/es\/producto\/anfora-de-cristal-con-cubierta-de-mimbre-20x20x40-cm\/","title":{"rendered":"\u00c1nfora de cristal con cubierta de mimbre 20x20x40 cm"},"content":{"rendered":"<p>\u00c1nfora de cristal con tapa de mimbre tejido y asa de cuerda: un accesorio de decoraci\u00f3n natural, de estilo campestre, ideal para colocar o colgar y crear rincones decorativos luminosos.<\/p>\n<p>Perfecta con flores secas, ramas o como simple objeto esc\u00e9nico.<\/p>\n<p>Medidas 20x20x40 cm.<\/p>\n","protected":false},"excerpt":{"rendered":"<p>\u00c1nfora decorativa <strong>de cristal<\/strong> con <strong>revestimiento de mimbre tejido<\/strong> y <strong>asa de cuerda<\/strong> para colgarla o moverla con facilidad. Perfecta como jarr\u00f3n para flores secas o ramas decorativas, o como mueble natural.<br \/>\n<strong>Dimensiones:<\/strong> 20 x 20 x 40 cm<\/p>\n","protected":false},"featured_media":231760,"comment_status":"open","ping_status":"closed","template":"","meta":{"_joinchat":[]},"pwb-brand":[2090],"product_brand":[],"product_cat":[2357],"product_tag":[3439,2818],"class_list":{"0":"post-231774","1":"product","2":"type-product","3":"status-publish","4":"has-post-thumbnail","6":"pwb-brand-nuvole-di-stoffa-es","7":"product_cat-jarrones","8":"product_tag-decoraciones-colgantes","9":"product_tag-mimbre-y-ratan","11":"first","12":"instock","13":"taxable","14":"shipping-taxable","15":"purchasable","16":"product-type-simple"},"brands":[{"id":2090,"name":"Nuvole di Stoffa","slug":"nuvole-di-stoffa-es"}],"_links":{"self":[{"href":"https:\/\/www.tendenzeshabbychic.it\/es\/wp-json\/wp\/v2\/product\/231774","targetHints":{"allow":["GET"]}}],"collection":[{"href":"https:\/\/www.tendenzeshabbychic.it\/es\/wp-json\/wp\/v2\/product"}],"about":[{"href":"https:\/\/www.tendenzeshabbychic.it\/es\/wp-json\/wp\/v2\/types\/product"}],"replies":[{"embeddable":true,"href":"https:\/\/www.tendenzeshabbychic.it\/es\/wp-json\/wp\/v2\/comments?post=231774"}],"wp:featuredmedia":[{"embeddable":true,"href":"https:\/\/www.tendenzeshabbychic.it\/es\/wp-json\/wp\/v2\/media\/231760"}],"wp:attachment":[{"href":"https:\/\/www.tendenzeshabbychic.it\/es\/wp-json\/wp\/v2\/media?parent=231774"}],"wp:term":[{"taxonomy":"pwb-brand","embeddable":true,"href":"https:\/\/www.tendenzeshabbychic.it\/es\/wp-json\/wp\/v2\/pwb-brand?post=231774"},{"taxonomy":"product_brand","embeddable":true,"href":"https:\/\/www.tendenzeshabbychic.it\/es\/wp-json\/wp\/v2\/product_brand?post=231774"},{"taxonomy":"product_cat","embeddable":true,"href":"https:\/\/www.tendenzeshabbychic.it\/es\/wp-json\/wp\/v2\/product_cat?post=231774"},{"taxonomy":"product_tag","embeddable":true,"href":"https:\/\/www.tendenzeshabbychic.it\/es\/wp-json\/wp\/v2\/product_tag?post=231774"}],"curies":[{"name":"wp","href":"https:\/\/api.w.org\/{rel}","templated":true}]}}