{"id":231551,"date":"2026-02-24T17:26:36","date_gmt":"2026-02-24T16:26:36","guid":{"rendered":"https:\/\/www.tendenzeshabbychic.it\/prodotto\/nuvole-di-stoffa-guirnalda-fiorira-33x33-cm\/"},"modified":"2026-04-08T13:09:36","modified_gmt":"2026-04-08T11:09:36","slug":"nuvole-di-stoffa-guirnalda-fiorira-33x33-cm","status":"publish","type":"product","link":"https:\/\/www.tendenzeshabbychic.it\/es\/producto\/nuvole-di-stoffa-guirnalda-fiorira-33x33-cm\/","title":{"rendered":"Nuvole di Stoffa Guirnalda Fiorir\u00e0 33&#215;33 cm"},"content":{"rendered":"<p>Una guirnalda de flores que parece un ramo: una base de madera y un tejido lleno de hojas verdes, rosas rosa empolvado, flores blancas de p\u00e9talos suaves y toques melocot\u00f3n, con ligeras ramitas y cuentas decorativas. Perfecta en la puerta de entrada, encima de una consola o en el dormitorio: basta con colgarla para que la casa cambie de tono. <\/p>\n<ul>\n<li>Base de madera, estable<\/li>\n<li>Mezcla de colores verde\/rosa\/blanco muy armoniosa<\/li>\n<li>Volumen rico (7 cm de grosor)<\/li>\n<li>Cord\u00f3n listo para colgar<\/li>\n<li>Elegante efecto \u00abfloraci\u00f3n\u00bb durante todo el a\u00f1o<\/li>\n<\/ul>\n","protected":false},"excerpt":{"rendered":"<p>Guirnalda decorativa de la colecci\u00f3n Fiorir\u00e0 con base de madera y una rica composici\u00f3n floral: hojas verde mate, rosas rosa empolvado, flores blancas y detalles melocot\u00f3n, enriquecida con microramas y peque\u00f1as perlas luminosas. Completa con un cord\u00f3n para colgar, confiere inmediatamente un ambiente rom\u00e1ntico a una puerta o pared.<br \/>\n<strong>Dimensiones:<\/strong> 33 x 33 x 7 cm<\/p>\n","protected":false},"featured_media":231544,"comment_status":"open","ping_status":"closed","template":"","meta":{"_joinchat":[]},"pwb-brand":[2090],"product_brand":[],"product_cat":[2396],"product_tag":[3138,3402,3439],"class_list":{"0":"post-231551","1":"product","2":"type-product","3":"status-publish","4":"has-post-thumbnail","6":"pwb-brand-nuvole-di-stoffa-es","7":"product_cat-objetos","8":"product_tag-adornos-y-guirnaldas","9":"product_tag-colleccion-fiorira","10":"product_tag-decoraciones-colgantes","12":"first","13":"instock","14":"taxable","15":"shipping-taxable","16":"purchasable","17":"product-type-simple"},"brands":[{"id":2090,"name":"Nuvole di Stoffa","slug":"nuvole-di-stoffa-es"}],"_links":{"self":[{"href":"https:\/\/www.tendenzeshabbychic.it\/es\/wp-json\/wp\/v2\/product\/231551","targetHints":{"allow":["GET"]}}],"collection":[{"href":"https:\/\/www.tendenzeshabbychic.it\/es\/wp-json\/wp\/v2\/product"}],"about":[{"href":"https:\/\/www.tendenzeshabbychic.it\/es\/wp-json\/wp\/v2\/types\/product"}],"replies":[{"embeddable":true,"href":"https:\/\/www.tendenzeshabbychic.it\/es\/wp-json\/wp\/v2\/comments?post=231551"}],"wp:featuredmedia":[{"embeddable":true,"href":"https:\/\/www.tendenzeshabbychic.it\/es\/wp-json\/wp\/v2\/media\/231544"}],"wp:attachment":[{"href":"https:\/\/www.tendenzeshabbychic.it\/es\/wp-json\/wp\/v2\/media?parent=231551"}],"wp:term":[{"taxonomy":"pwb-brand","embeddable":true,"href":"https:\/\/www.tendenzeshabbychic.it\/es\/wp-json\/wp\/v2\/pwb-brand?post=231551"},{"taxonomy":"product_brand","embeddable":true,"href":"https:\/\/www.tendenzeshabbychic.it\/es\/wp-json\/wp\/v2\/product_brand?post=231551"},{"taxonomy":"product_cat","embeddable":true,"href":"https:\/\/www.tendenzeshabbychic.it\/es\/wp-json\/wp\/v2\/product_cat?post=231551"},{"taxonomy":"product_tag","embeddable":true,"href":"https:\/\/www.tendenzeshabbychic.it\/es\/wp-json\/wp\/v2\/product_tag?post=231551"}],"curies":[{"name":"wp","href":"https:\/\/api.w.org\/{rel}","templated":true}]}}