{"id":231519,"date":"2026-04-24T10:08:38","date_gmt":"2026-04-24T08:08:38","guid":{"rendered":"https:\/\/www.tendenzeshabbychic.it\/prodotto\/nuvole-di-stoffa-estanteria-de-madera-y-metal-60x22x26-cm\/"},"modified":"2026-02-19T13:26:38","modified_gmt":"2026-02-19T12:26:38","slug":"nuvole-di-stoffa-estanteria-de-madera-y-metal-60x22x26-cm","status":"publish","type":"product","link":"https:\/\/www.tendenzeshabbychic.it\/es\/producto\/nuvole-di-stoffa-estanteria-de-madera-y-metal-60x22x26-cm\/","title":{"rendered":"Nuvole di Stoffa Estanter\u00eda de madera y metal 60x22x26 cm"},"content":{"rendered":"<p>Una estanter\u00eda Nuvole di Stoffa que combina calidez y romanticismo: estanter\u00eda de madera clara con vetas claras y aspecto ligeramente decapado, sostenida por soportes de metal blanco con rizos decorativos. Perfecta en la cocina para tazas y especias, en el ba\u00f1o para perfumes y toallas o en el recibidor para velas y marcos. F\u00e1cil de instalar.  <\/p>\n<ul>\n<li>Madera natural, vivida<\/li>\n<li>M\u00e9nsulas met\u00e1licas con volutas<\/li>\n<li>Elegante estilo shabby<\/li>\n<li>22 cm de profundidad, muy pr\u00e1ctico<\/li>\n<li>Instalaci\u00f3n r\u00e1pida y sencilla<\/li>\n<\/ul>\n","protected":false},"excerpt":{"rendered":"<p>Estanter\u00eda de pared de madera con un ligero acabado natural, veta vista y borde ligeramente irregular de efecto desgastado. Los soportes de metal blanco, decorados con elegantes volutas, a\u00f1aden un toque shabby chic y sujetan bien la estructura. Ideal para crear un punto de luz y orden, de <strong>f\u00e1cil instalaci\u00f3n<\/strong>.<br \/>\n<strong>Dimensiones:<\/strong> 60 x 22 x 26 cm<\/p>\n","protected":false},"featured_media":231509,"comment_status":"open","ping_status":"closed","template":"","meta":{"_joinchat":[]},"pwb-brand":[2090],"product_brand":[],"product_cat":[2398,2334],"product_tag":[],"class_list":{"0":"post-231519","1":"product","2":"type-product","3":"status-publish","4":"has-post-thumbnail","6":"pwb-brand-nuvole-di-stoffa-es","7":"product_cat-estantes","8":"product_cat-muebles","10":"first","11":"instock","12":"taxable","13":"shipping-taxable","14":"purchasable","15":"product-type-simple"},"brands":[{"id":2090,"name":"Nuvole di Stoffa","slug":"nuvole-di-stoffa-es"}],"_links":{"self":[{"href":"https:\/\/www.tendenzeshabbychic.it\/es\/wp-json\/wp\/v2\/product\/231519","targetHints":{"allow":["GET"]}}],"collection":[{"href":"https:\/\/www.tendenzeshabbychic.it\/es\/wp-json\/wp\/v2\/product"}],"about":[{"href":"https:\/\/www.tendenzeshabbychic.it\/es\/wp-json\/wp\/v2\/types\/product"}],"replies":[{"embeddable":true,"href":"https:\/\/www.tendenzeshabbychic.it\/es\/wp-json\/wp\/v2\/comments?post=231519"}],"wp:featuredmedia":[{"embeddable":true,"href":"https:\/\/www.tendenzeshabbychic.it\/es\/wp-json\/wp\/v2\/media\/231509"}],"wp:attachment":[{"href":"https:\/\/www.tendenzeshabbychic.it\/es\/wp-json\/wp\/v2\/media?parent=231519"}],"wp:term":[{"taxonomy":"pwb-brand","embeddable":true,"href":"https:\/\/www.tendenzeshabbychic.it\/es\/wp-json\/wp\/v2\/pwb-brand?post=231519"},{"taxonomy":"product_brand","embeddable":true,"href":"https:\/\/www.tendenzeshabbychic.it\/es\/wp-json\/wp\/v2\/product_brand?post=231519"},{"taxonomy":"product_cat","embeddable":true,"href":"https:\/\/www.tendenzeshabbychic.it\/es\/wp-json\/wp\/v2\/product_cat?post=231519"},{"taxonomy":"product_tag","embeddable":true,"href":"https:\/\/www.tendenzeshabbychic.it\/es\/wp-json\/wp\/v2\/product_tag?post=231519"}],"curies":[{"name":"wp","href":"https:\/\/api.w.org\/{rel}","templated":true}]}}