{"id":231460,"date":"2026-02-24T07:41:42","date_gmt":"2026-02-24T06:41:42","guid":{"rendered":"https:\/\/www.tendenzeshabbychic.it\/prodotto\/madame-fiocco-pandereta-tulipanes-amarillos-13-cm\/"},"modified":"2026-02-22T17:41:42","modified_gmt":"2026-02-22T16:41:42","slug":"madame-fiocco-pandereta-tulipanes-amarillos-13-cm","status":"publish","type":"product","link":"https:\/\/www.tendenzeshabbychic.it\/es\/producto\/madame-fiocco-pandereta-tulipanes-amarillos-13-cm\/","title":{"rendered":"Madame Fiocc\u00f2 Pandereta Tulipanes Amarillos 13 cm"},"content":{"rendered":"<p>Este pandero Madame Fiocc\u00f2, de 13 cm de di\u00e1metro, celebra el D\u00eda de la Madre con una composici\u00f3n de tulipanes amarillos y una dedicatoria duradera: Tu amor es mi refugio. Una decoraci\u00f3n alegre y rom\u00e1ntica, pensada para ambientes Shabby Chic y peque\u00f1os rincones de la casa para realzarlos con dulzura. <\/p>\n<p>El lazo de color crema completa la forma con un detalle suave y armonioso, adecuado para puertas, paredes o vitrinas. Un art\u00edculo hecho a mano en Italia, donde la artesan\u00eda se reconoce en los detalles y acabados. <\/p>\n<ul>\n<li>Di\u00e1metro 13 cm, formato ideal incluso para espacios peque\u00f1os<\/li>\n<li>Estampado con tulipanes amarillos brillantes<\/li>\n<li>Dedicatoria en el anverso: Tu amor es mi refugio<\/li>\n<li>Escamas color crema para un acabado rom\u00e1ntico<\/li>\n<li>Hecho a mano en Italia por Madame Fiocc\u00f2<\/li>\n<\/ul>\n<p><em>Cada creaci\u00f3n de Madame Fiocc\u00f2 est\u00e1 hecha a mano en Italia. Por este motivo, es posible que se produzcan peque\u00f1as variaciones con respecto a las fotos, que deben considerarse parte del valor artesanal del producto, no un defecto. <\/em><\/p>\n","protected":false},"excerpt":{"rendered":"<p>Pandereta Madame Fiocc\u00f2 de 13 cm de di\u00e1metro con tulipanes amarillos y dedicatoria Tu amor es mi refugio. Una delicada idea para el D\u00eda de la Madre, rematada con un lazo de color crema. <\/p>\n<p>Hecho a mano en Italia.<\/p>\n","protected":false},"featured_media":231451,"comment_status":"open","ping_status":"closed","template":"","meta":{"_joinchat":[]},"pwb-brand":[3436],"product_brand":[],"product_cat":[2318,2396],"product_tag":[3439,3246,2259],"class_list":{"0":"post-231460","1":"product","2":"type-product","3":"status-publish","4":"has-post-thumbnail","6":"pwb-brand-madame-fiocco","7":"product_cat-favores","8":"product_cat-objetos","9":"product_tag-decoraciones-colgantes","10":"product_tag-dia-de-la-madre","11":"product_tag-made-in-italy-es","13":"first","14":"instock","15":"taxable","16":"shipping-taxable","17":"purchasable","18":"product-type-simple"},"brands":[{"id":3436,"name":"Madame Fiocc\u00f2","slug":"madame-fiocco"}],"_links":{"self":[{"href":"https:\/\/www.tendenzeshabbychic.it\/es\/wp-json\/wp\/v2\/product\/231460","targetHints":{"allow":["GET"]}}],"collection":[{"href":"https:\/\/www.tendenzeshabbychic.it\/es\/wp-json\/wp\/v2\/product"}],"about":[{"href":"https:\/\/www.tendenzeshabbychic.it\/es\/wp-json\/wp\/v2\/types\/product"}],"replies":[{"embeddable":true,"href":"https:\/\/www.tendenzeshabbychic.it\/es\/wp-json\/wp\/v2\/comments?post=231460"}],"wp:featuredmedia":[{"embeddable":true,"href":"https:\/\/www.tendenzeshabbychic.it\/es\/wp-json\/wp\/v2\/media\/231451"}],"wp:attachment":[{"href":"https:\/\/www.tendenzeshabbychic.it\/es\/wp-json\/wp\/v2\/media?parent=231460"}],"wp:term":[{"taxonomy":"pwb-brand","embeddable":true,"href":"https:\/\/www.tendenzeshabbychic.it\/es\/wp-json\/wp\/v2\/pwb-brand?post=231460"},{"taxonomy":"product_brand","embeddable":true,"href":"https:\/\/www.tendenzeshabbychic.it\/es\/wp-json\/wp\/v2\/product_brand?post=231460"},{"taxonomy":"product_cat","embeddable":true,"href":"https:\/\/www.tendenzeshabbychic.it\/es\/wp-json\/wp\/v2\/product_cat?post=231460"},{"taxonomy":"product_tag","embeddable":true,"href":"https:\/\/www.tendenzeshabbychic.it\/es\/wp-json\/wp\/v2\/product_tag?post=231460"}],"curies":[{"name":"wp","href":"https:\/\/api.w.org\/{rel}","templated":true}]}}