{"id":231421,"date":"2026-02-24T08:12:57","date_gmt":"2026-02-24T07:12:57","guid":{"rendered":"https:\/\/www.tendenzeshabbychic.it\/?post_type=product&#038;p=231421"},"modified":"2026-02-22T18:42:45","modified_gmt":"2026-02-22T17:42:45","slug":"madame-fiocco-fior-di-seta-verde-con-pandereta-h-80-cm-copia-copia","status":"publish","type":"product","link":"https:\/\/www.tendenzeshabbychic.it\/es\/producto\/madame-fiocco-fior-di-seta-verde-con-pandereta-h-80-cm-copia-copia\/","title":{"rendered":"Madame Fiocc\u00f2 Doble Foque Amarillo con Pandereta h 80 cm"},"content":{"rendered":"<p>Este amarillo doble Madame Fiocco de 80 cm de altura interpreta la colecci\u00f3n Primavera en Flor con una presencia brillante y delicada. El nudo superior se enriquece con una composici\u00f3n floral con toques verdes y rosas, mientras que las largas cintas en tonos a juego crean movimiento y verticalidad, perfectas para realzar puertas y paredes de estilo Shabby Chic. <\/p>\n<p>La pandereta a juego se convierte en el centro de atenci\u00f3n: un estampado floral primaveral en tonos amarillos, rosas y lilas, complementado con un lazo y apliques verdes. Cada pieza est\u00e1 hecha a mano en Italia y se entrega con su propia caja de regalo de la marca Madame Fiocc\u00f2, ideal tambi\u00e9n como regalo curado. <\/p>\n<ul>\n<li>80 cm de altura para un efecto espectacular en la puerta y la pared<\/li>\n<li>Doble lazo amarillo con aplicaciones decorativas<\/li>\n<li>Cintas largas en tonos coordinados para estilizar la composici\u00f3n<\/li>\n<li>Pandereta con estampado floral primaveral y detalles de apliques<\/li>\n<li>Incluye caja de regalo con el logotipo de Madame Fiocc\u00f2<\/li>\n<\/ul>\n<p><em>Cada creaci\u00f3n de Madame Fiocc\u00f2 est\u00e1 hecha a mano en Italia. Por este motivo, es posible que se produzcan peque\u00f1as variaciones con respecto a las fotos, que deben considerarse parte del valor artesanal del producto, no un defecto. <\/em><\/p>\n","protected":false},"excerpt":{"rendered":"<p>Cinta doble amarilla Madame Fiocc\u00f2 h 80 cm, colecci\u00f3n Primavera en Flor, con apliques, cintas y pandereta a juego.<\/p>\n<p>Una puerta esc\u00e9nica en tonos c\u00e1lidos y rom\u00e1nticos, hecha a mano en Italia.<\/p>\n<p>Se entrega con una caja de regalo con el logotipo de Madame Fiocc\u00f2.<\/p>\n","protected":false},"featured_media":231427,"comment_status":"open","ping_status":"closed","template":"","meta":{"_joinchat":[]},"pwb-brand":[3436],"product_brand":[],"product_cat":[2396],"product_tag":[3439,2172,2259],"class_list":{"0":"post-231421","1":"product","2":"type-product","3":"status-publish","4":"has-post-thumbnail","6":"pwb-brand-madame-fiocco","7":"product_cat-objetos","8":"product_tag-decoraciones-colgantes","9":"product_tag-escama","10":"product_tag-made-in-italy-es","11":"product_shipping_class-no-contrassegno-es","13":"first","14":"instock","15":"taxable","16":"shipping-taxable","17":"purchasable","18":"product-type-simple"},"brands":[{"id":3436,"name":"Madame Fiocc\u00f2","slug":"madame-fiocco"}],"_links":{"self":[{"href":"https:\/\/www.tendenzeshabbychic.it\/es\/wp-json\/wp\/v2\/product\/231421","targetHints":{"allow":["GET"]}}],"collection":[{"href":"https:\/\/www.tendenzeshabbychic.it\/es\/wp-json\/wp\/v2\/product"}],"about":[{"href":"https:\/\/www.tendenzeshabbychic.it\/es\/wp-json\/wp\/v2\/types\/product"}],"replies":[{"embeddable":true,"href":"https:\/\/www.tendenzeshabbychic.it\/es\/wp-json\/wp\/v2\/comments?post=231421"}],"wp:featuredmedia":[{"embeddable":true,"href":"https:\/\/www.tendenzeshabbychic.it\/es\/wp-json\/wp\/v2\/media\/231427"}],"wp:attachment":[{"href":"https:\/\/www.tendenzeshabbychic.it\/es\/wp-json\/wp\/v2\/media?parent=231421"}],"wp:term":[{"taxonomy":"pwb-brand","embeddable":true,"href":"https:\/\/www.tendenzeshabbychic.it\/es\/wp-json\/wp\/v2\/pwb-brand?post=231421"},{"taxonomy":"product_brand","embeddable":true,"href":"https:\/\/www.tendenzeshabbychic.it\/es\/wp-json\/wp\/v2\/product_brand?post=231421"},{"taxonomy":"product_cat","embeddable":true,"href":"https:\/\/www.tendenzeshabbychic.it\/es\/wp-json\/wp\/v2\/product_cat?post=231421"},{"taxonomy":"product_tag","embeddable":true,"href":"https:\/\/www.tendenzeshabbychic.it\/es\/wp-json\/wp\/v2\/product_tag?post=231421"}],"curies":[{"name":"wp","href":"https:\/\/api.w.org\/{rel}","templated":true}]}}