{"id":230888,"date":"2026-03-12T12:20:48","date_gmt":"2026-03-12T11:20:48","guid":{"rendered":"https:\/\/www.tendenzeshabbychic.it\/prodotto\/skitso-lampara-de-mesa-frixos-little-boy-h-85-cm\/"},"modified":"2026-02-18T12:41:57","modified_gmt":"2026-02-18T11:41:57","slug":"skitso-lampara-de-mesa-frixos-little-boy-h-85-cm","status":"publish","type":"product","link":"https:\/\/www.tendenzeshabbychic.it\/es\/producto\/skitso-lampara-de-mesa-frixos-little-boy-h-85-cm\/","title":{"rendered":"Skitso L\u00e1mpara de mesa Frixos Little Boy h 85 cm"},"content":{"rendered":"<p>Dimensiones: Alto 85 cm \u00d7 Ancho 35 cm \u00d7 Fondo 20 cm<\/p>\n<p>Materiales: Madera y tela<\/p>\n<p>Embalaje: Caja de regalo incluida<\/p>\n<p>Funciona con una bombilla <strong>E14<\/strong> (no incluida)<\/p>\n","protected":false},"excerpt":{"rendered":"<p>Frixos es una l\u00e1mpara de dise\u00f1o artesanal que capta el instante suspendido de un paso contra el viento. Hecha y pintada a mano en Grecia por artistas de SKITSO, esta creaci\u00f3n combina escultura e iluminaci\u00f3n art\u00edstica en un equilibrio po\u00e9tico y contempor\u00e1neo. La pantalla azul claro, tan ligera como un cielo primaveral, difunde una luz c\u00e1lida y suave, mientras que la figura -con atenci\u00f3n a los detalles m\u00e1s peque\u00f1os, desde el abrigo de pana hasta los pantalones de colores suaves- cuenta una historia de movimiento y car\u00e1cter.  <\/p>\n<p>De 85 cm de altura (35&#215;20 cm), con un casquillo E14 (40W m\u00e1x.), es m\u00e1s que una l\u00e1mpara de mesa de madera: es un objeto emocional, capaz de dar personalidad y ambiente a cualquier habitaci\u00f3n.<\/p>\n","protected":false},"featured_media":230882,"comment_status":"open","ping_status":"closed","template":"","meta":{"_joinchat":[]},"pwb-brand":[3363],"product_brand":[],"product_cat":[2337],"product_tag":[2280,2283],"class_list":{"0":"post-230888","1":"product","2":"type-product","3":"status-publish","4":"has-post-thumbnail","6":"pwb-brand-skitso","7":"product_cat-candelabros-y-lamparas","8":"product_tag-hecho-a-mano","9":"product_tag-idea-de-regalo","11":"first","12":"instock","13":"sale","14":"taxable","15":"shipping-taxable","16":"purchasable","17":"product-type-simple"},"brands":[{"id":3363,"name":"Skitso","slug":"skitso"}],"_links":{"self":[{"href":"https:\/\/www.tendenzeshabbychic.it\/es\/wp-json\/wp\/v2\/product\/230888","targetHints":{"allow":["GET"]}}],"collection":[{"href":"https:\/\/www.tendenzeshabbychic.it\/es\/wp-json\/wp\/v2\/product"}],"about":[{"href":"https:\/\/www.tendenzeshabbychic.it\/es\/wp-json\/wp\/v2\/types\/product"}],"replies":[{"embeddable":true,"href":"https:\/\/www.tendenzeshabbychic.it\/es\/wp-json\/wp\/v2\/comments?post=230888"}],"wp:featuredmedia":[{"embeddable":true,"href":"https:\/\/www.tendenzeshabbychic.it\/es\/wp-json\/wp\/v2\/media\/230882"}],"wp:attachment":[{"href":"https:\/\/www.tendenzeshabbychic.it\/es\/wp-json\/wp\/v2\/media?parent=230888"}],"wp:term":[{"taxonomy":"pwb-brand","embeddable":true,"href":"https:\/\/www.tendenzeshabbychic.it\/es\/wp-json\/wp\/v2\/pwb-brand?post=230888"},{"taxonomy":"product_brand","embeddable":true,"href":"https:\/\/www.tendenzeshabbychic.it\/es\/wp-json\/wp\/v2\/product_brand?post=230888"},{"taxonomy":"product_cat","embeddable":true,"href":"https:\/\/www.tendenzeshabbychic.it\/es\/wp-json\/wp\/v2\/product_cat?post=230888"},{"taxonomy":"product_tag","embeddable":true,"href":"https:\/\/www.tendenzeshabbychic.it\/es\/wp-json\/wp\/v2\/product_tag?post=230888"}],"curies":[{"name":"wp","href":"https:\/\/api.w.org\/{rel}","templated":true}]}}