{"id":230495,"date":"2026-02-11T09:39:04","date_gmt":"2026-02-11T08:39:04","guid":{"rendered":"https:\/\/www.tendenzeshabbychic.it\/prodotto\/mathilde-m-decor-macaron-perfumado-framboise\/"},"modified":"2026-02-11T09:39:04","modified_gmt":"2026-02-11T08:39:04","slug":"mathilde-m-decor-macaron-perfumado-framboise","status":"publish","type":"product","link":"https:\/\/www.tendenzeshabbychic.it\/es\/producto\/mathilde-m-decor-macaron-perfumado-framboise\/","title":{"rendered":"Mathilde M D\u00e9cor Macaron perfumado Framboise"},"content":{"rendered":"<p>Un peque\u00f1o detalle que crea ambiente de inmediato: la decoraci\u00f3n perfumada Mathilde M <em>Gourmandises d&#8217;\u00c9t\u00e9<\/em> combina fragancia y decoraci\u00f3n en un bonito objeto inspirado en la pasteler\u00eda francesa. Fabricado en <strong>yeso blanco opaco<\/strong>, tiene forma de \u00abmagdalena\u00bb llena de detalles: una <strong>base con rayas verticales<\/strong>, <strong>crema en relieve<\/strong> y una <strong>flor<\/strong> en la parte superior. La <strong>cinta vichy rosa<\/strong> le da un toque dulce y refinado y facilita su colgado.  <\/p>\n<p>La fragancia <strong>Macaron Framboise<\/strong> es golosa y chic: apertura chispeante de <strong>bergamota<\/strong> y <strong>pomelo<\/strong>, coraz\u00f3n de <strong>frambuesa<\/strong> y <strong>violeta<\/strong> empolvada, base envolvente de <strong>vainilla<\/strong>, <strong>caramelo<\/strong> y <strong>almizcle<\/strong> aterciopelado. Ideal para perfumar <strong>cajones, armarios, maletas<\/strong> o peque\u00f1os rincones del hogar con una presencia discreta pero elegante. <\/p>\n<ul>\n<li>Tiza <strong>blanca opaca<\/strong> con trabajo en relieve (detalles claramente visibles)<\/li>\n<li>Forma rom\u00e1ntica de magdalena con <strong>flor<\/strong> decorativa<\/li>\n<li><strong>Cinta vichy rosa<\/strong> con ojal: f\u00e1cil de colgar<\/li>\n<li>Fragancia golosa, c\u00e1lida y femenina<\/li>\n<li>Perfecto para combinar con <strong>el difusor de 180 ml<\/strong> y el <strong>pulverizador de 90 ml<\/strong> Macaron Framboise<\/li>\n<\/ul>\n","protected":false},"excerpt":{"rendered":"<p>Deliciosa decoraci\u00f3n de <strong>escayola<\/strong> perfumada de la colecci\u00f3n <em>Gourmandises d&#8217;\u00c9t\u00e9<\/em>, modelada como una peque\u00f1a magdalena: base estriada, crema en relieve y flor decorativa en la parte superior. La cinta <strong>vichy rosa<\/strong> lo hace perfecto para colgar en armarios y tiradores, adem\u00e1s de precioso para exponerlo en un estilo rom\u00e1ntico y franc\u00e9s. <\/p>\n<p>\ud83d\udccf <strong>5,3 x 6,3 x 2,8 cm<\/strong><\/p>\n<p><strong>Pir\u00e1mide olfativa<\/strong><\/p>\n<ul>\n<li>Notas de Salida: <strong>Bergamota, Pomelo<\/strong><\/li>\n<li>Notas de Coraz\u00f3n: <strong>Frambuesa, Violeta<\/strong><\/li>\n<li>Notas de fondo: <strong>Vainilla, Caramelo, Almizcle<\/strong><\/li>\n<\/ul>\n","protected":false},"featured_media":230488,"comment_status":"open","ping_status":"closed","template":"","meta":{"_joinchat":[]},"pwb-brand":[2089],"product_brand":[],"product_cat":[2363,2344],"product_tag":[2283],"class_list":{"0":"post-230495","1":"product","2":"type-product","3":"status-publish","4":"has-post-thumbnail","6":"pwb-brand-mathilde-m-es","7":"product_cat-tizas-perfumadas","8":"product_cat-perfumistas","9":"product_tag-idea-de-regalo","11":"first","12":"instock","13":"taxable","14":"shipping-taxable","15":"purchasable","16":"product-type-simple"},"brands":[{"id":2089,"name":"Mathilde M.","slug":"mathilde-m-es"}],"_links":{"self":[{"href":"https:\/\/www.tendenzeshabbychic.it\/es\/wp-json\/wp\/v2\/product\/230495","targetHints":{"allow":["GET"]}}],"collection":[{"href":"https:\/\/www.tendenzeshabbychic.it\/es\/wp-json\/wp\/v2\/product"}],"about":[{"href":"https:\/\/www.tendenzeshabbychic.it\/es\/wp-json\/wp\/v2\/types\/product"}],"replies":[{"embeddable":true,"href":"https:\/\/www.tendenzeshabbychic.it\/es\/wp-json\/wp\/v2\/comments?post=230495"}],"wp:featuredmedia":[{"embeddable":true,"href":"https:\/\/www.tendenzeshabbychic.it\/es\/wp-json\/wp\/v2\/media\/230488"}],"wp:attachment":[{"href":"https:\/\/www.tendenzeshabbychic.it\/es\/wp-json\/wp\/v2\/media?parent=230495"}],"wp:term":[{"taxonomy":"pwb-brand","embeddable":true,"href":"https:\/\/www.tendenzeshabbychic.it\/es\/wp-json\/wp\/v2\/pwb-brand?post=230495"},{"taxonomy":"product_brand","embeddable":true,"href":"https:\/\/www.tendenzeshabbychic.it\/es\/wp-json\/wp\/v2\/product_brand?post=230495"},{"taxonomy":"product_cat","embeddable":true,"href":"https:\/\/www.tendenzeshabbychic.it\/es\/wp-json\/wp\/v2\/product_cat?post=230495"},{"taxonomy":"product_tag","embeddable":true,"href":"https:\/\/www.tendenzeshabbychic.it\/es\/wp-json\/wp\/v2\/product_tag?post=230495"}],"curies":[{"name":"wp","href":"https:\/\/api.w.org\/{rel}","templated":true}]}}