{"id":230460,"date":"2026-02-11T10:00:28","date_gmt":"2026-02-11T09:00:28","guid":{"rendered":"https:\/\/www.tendenzeshabbychic.it\/prodotto\/mathilde-m-pochon-3-decor-petite-madeleine\/"},"modified":"2026-02-11T10:00:28","modified_gmt":"2026-02-11T09:00:28","slug":"mathilde-m-pochon-3-decor-petite-madeleine","status":"publish","type":"product","link":"https:\/\/www.tendenzeshabbychic.it\/es\/producto\/mathilde-m-pochon-3-decor-petite-madeleine\/","title":{"rendered":"Mathilde M Pochon 3 D\u00e9cor Petite Madeleine"},"content":{"rendered":"<p>Un peque\u00f1o set que perfuma y decora con delicadeza: el pochon <em>Gourmandises d&#8217;\u00c9t\u00e9<\/em> de Mathilde M contiene tres decoraciones de <strong>escayola perfumada de<\/strong> color blanco opaco, ricas en detalles repujados. La <strong>taza<\/strong> est\u00e1 decorada con una composici\u00f3n floral, la <strong>tetera<\/strong> tiene l\u00edneas suaves y factura cl\u00e1sica, y la <strong>magdalena escalonada<\/strong> est\u00e1 adornada con rom\u00e1nticos motivos florales. Las <strong>cintas de vichy<\/strong> beige permiten colgarlas en armarios, pomos y tiradores, o colocarlas en una bandeja decorativa en el ba\u00f1o o el dormitorio.  <\/p>\n<p>La fragancia <strong>Petite Madeleine<\/strong> es c\u00e1lida y nost\u00e1lgica: la apertura brillante de la <strong>piel de lim\u00f3n<\/strong> se encuentra con la suavidad de <strong>la magdalena<\/strong> y la nota elegante <strong>del azahar<\/strong>. En el fondo, la <strong>vainilla<\/strong> y el <strong>caramelo<\/strong> crean una estela golosa y envolvente que perdura en el aire con dulzura. <\/p>\n<ul>\n<li>3 decoraciones perfumadas de escayola: <strong>taza, tetera y tarta<\/strong><\/li>\n<li>Acabado <strong>mate<\/strong> y detalles en relieve claramente visibles<\/li>\n<li><strong>Cintas vichy beige<\/strong>: perfectas para colgar<\/li>\n<li>Pochon transparente con <strong>borlas<\/strong> dobles: elegante y listo para regalar<\/li>\n<li>Ideal para perfumar <strong>cajones, armarios y maletas<\/strong> sin electricidad<\/li>\n<\/ul>\n","protected":false},"excerpt":{"rendered":"<p>Regala un pochon de la colecci\u00f3n <em>Gourmandises d&#8217;\u00c9t\u00e9<\/em> con <strong>3 decoraciones perfumadas de escayola<\/strong> blanca (acabado mate) con un tema de \u00abla hora del t\u00e9\u00bb: <strong>taza<\/strong> con flores en relieve, <strong>tetera<\/strong> decorada y <strong>magdalena escalonada<\/strong> con motivos florales. Cada tema se completa con una rom\u00e1ntica <strong>cinta vichy beige<\/strong> para colgar. La bolsa es de <strong>tela transparente efecto organza<\/strong> con cierre de lazo y <strong>borlas dobles<\/strong> blancas, ideal tambi\u00e9n como idea de regalo ya hecha.  <\/p>\n<p>\ud83d\udccf <strong>Taza<\/strong> <strong>:<\/strong> 5,1 x 2,2 x 6,2 cm<br \/>\n\ud83d\udccf <strong>Tetera:<\/strong> 6,9 x 2,3 x 6,1 cm<br \/>\n\ud83d\udccf <strong>Pastel:<\/strong> 5,6 x 2,6 x 6,4 cm<br \/>\n\ud83d\udccf <strong>Pochon:<\/strong> 13 x 18 cm<\/p>\n<p><strong>Pir\u00e1mide olfativa<\/strong><\/p>\n<ul>\n<li>Notas de Salida: <strong>C\u00e1scara de Lim\u00f3n<\/strong><\/li>\n<li>Notas de Coraz\u00f3n: <strong>Magdalena, Azahar<\/strong><\/li>\n<li>Notas de Fondo: <strong>Vainilla, Caramelo<\/strong><\/li>\n<\/ul>\n","protected":false},"featured_media":230458,"comment_status":"open","ping_status":"closed","template":"","meta":{"_joinchat":[]},"pwb-brand":[2089],"product_brand":[],"product_cat":[2363,2344],"product_tag":[2283],"class_list":{"0":"post-230460","1":"product","2":"type-product","3":"status-publish","4":"has-post-thumbnail","6":"pwb-brand-mathilde-m-es","7":"product_cat-tizas-perfumadas","8":"product_cat-perfumistas","9":"product_tag-idea-de-regalo","11":"first","12":"instock","13":"taxable","14":"shipping-taxable","15":"purchasable","16":"product-type-simple"},"brands":[{"id":2089,"name":"Mathilde M.","slug":"mathilde-m-es"}],"_links":{"self":[{"href":"https:\/\/www.tendenzeshabbychic.it\/es\/wp-json\/wp\/v2\/product\/230460","targetHints":{"allow":["GET"]}}],"collection":[{"href":"https:\/\/www.tendenzeshabbychic.it\/es\/wp-json\/wp\/v2\/product"}],"about":[{"href":"https:\/\/www.tendenzeshabbychic.it\/es\/wp-json\/wp\/v2\/types\/product"}],"replies":[{"embeddable":true,"href":"https:\/\/www.tendenzeshabbychic.it\/es\/wp-json\/wp\/v2\/comments?post=230460"}],"wp:featuredmedia":[{"embeddable":true,"href":"https:\/\/www.tendenzeshabbychic.it\/es\/wp-json\/wp\/v2\/media\/230458"}],"wp:attachment":[{"href":"https:\/\/www.tendenzeshabbychic.it\/es\/wp-json\/wp\/v2\/media?parent=230460"}],"wp:term":[{"taxonomy":"pwb-brand","embeddable":true,"href":"https:\/\/www.tendenzeshabbychic.it\/es\/wp-json\/wp\/v2\/pwb-brand?post=230460"},{"taxonomy":"product_brand","embeddable":true,"href":"https:\/\/www.tendenzeshabbychic.it\/es\/wp-json\/wp\/v2\/product_brand?post=230460"},{"taxonomy":"product_cat","embeddable":true,"href":"https:\/\/www.tendenzeshabbychic.it\/es\/wp-json\/wp\/v2\/product_cat?post=230460"},{"taxonomy":"product_tag","embeddable":true,"href":"https:\/\/www.tendenzeshabbychic.it\/es\/wp-json\/wp\/v2\/product_tag?post=230460"}],"curies":[{"name":"wp","href":"https:\/\/api.w.org\/{rel}","templated":true}]}}