{"id":229819,"date":"2026-02-11T10:09:24","date_gmt":"2026-02-11T09:09:24","guid":{"rendered":"https:\/\/www.tendenzeshabbychic.it\/prodotto\/mathilde-m-room-spray-petite-madeleine-90-ml\/"},"modified":"2026-02-11T10:09:24","modified_gmt":"2026-02-11T09:09:24","slug":"mathilde-m-room-spray-petite-madeleine-90-ml","status":"publish","type":"product","link":"https:\/\/www.tendenzeshabbychic.it\/es\/producto\/mathilde-m-room-spray-petite-madeleine-90-ml\/","title":{"rendered":"Mathilde M Room Spray Petite Madeleine 90 ml"},"content":{"rendered":"<p>Un gesto r\u00e1pido para cambiar inmediatamente el ambiente: el spray de ambiente <em>Gourmandises d&#8217;\u00c9t\u00e9<\/em> de Mathilde M perfuma delicadamente y a\u00f1ade un toque elegante a la vida cotidiana. El frasco de <strong>cristal<\/strong> es esencial y luminoso; la etiqueta con <strong>estampado de cuadros pastel<\/strong> y peque\u00f1os detalles decorativos (estilo rom\u00e1ntico) recuerda el universo \u00abdulce\u00bb de la colecci\u00f3n. El tap\u00f3n\/nebulizador <strong>de metal plateado<\/strong> le da un acabado precioso y pulcro, perfecto tambi\u00e9n sobre una bandeja en el ba\u00f1o o en una estanter\u00eda del recibidor.  <\/p>\n<p>La fragancia <strong>Petite Madeleine<\/strong> es envolvente y nost\u00e1lgica, como un recuerdo feliz: la <strong>c\u00e1scara de lim\u00f3n<\/strong> ilumina la apertura, luego viene la suavidad de <strong>la magdalena<\/strong> con el toque elegante <strong>del azahar<\/strong>. En el fondo, <strong>la vainilla<\/strong> y el <strong>caramelo<\/strong> se entrelazan en una estela c\u00e1lida y apetitosa que perdura en el aire con refinamiento. Ideal despu\u00e9s de airear, antes de recibir invitados o para \u00abvestir\u00bb textiles y habitaciones con una nota dulce pero no empalagosa.  <\/p>\n<ul>\n<li>Botella de <strong>cristal<\/strong> con dise\u00f1o delicado y femenino<\/li>\n<li>Atomizador de <strong>metal plateado<\/strong> (detalle chic)<\/li>\n<li>Pr\u00e1ctico formato <strong>de 90 ml<\/strong>, tambi\u00e9n perfecto como idea regalo<\/li>\n<li>Fragancia \u00abConfort\u00bb: lim\u00f3n, magdalena, azahar, vainilla y caramelo<\/li>\n<li>Ideal en combinaci\u00f3n con el <strong>difusor Petite Madeleine de 180 ml<\/strong> para una fragancia continua<\/li>\n<\/ul>\n","protected":false},"excerpt":{"rendered":"<p>Un ambientador perfumado de la colecci\u00f3n <em>Gourmandises d&#8217;\u00c9t\u00e9<\/em> en un frasco de <strong>cristal<\/strong> transparente con una elegante etiqueta de cuadros pastel y peque\u00f1os motivos rom\u00e1nticos. El atomizador con <strong>acabado de metal plateado<\/strong> completa el look con un toque chic, perfecto para tenerlo a la vista y utilizarlo en cualquier momento para refrescar el hogar con la dulzura de <strong>Petite Madeleine<\/strong>. <\/p>\n<p>\ud83d\udccf <strong>4 x 4 x 14,7 cm<\/strong><\/p>\n<p><strong>Pir\u00e1mide olfativa<\/strong><\/p>\n<ul>\n<li>Notas de Salida: <strong>C\u00e1scara de Lim\u00f3n<\/strong><\/li>\n<li>Notas de Coraz\u00f3n: <strong>Magdalena, Azahar<\/strong><\/li>\n<li>Notas de Fondo: <strong>Vainilla, Caramelo<\/strong><\/li>\n<\/ul>\n","protected":false},"featured_media":229797,"comment_status":"open","ping_status":"closed","template":"","meta":{"_joinchat":[]},"pwb-brand":[2089],"product_brand":[],"product_cat":[2365,2344],"product_tag":[],"class_list":{"0":"post-229819","1":"product","2":"type-product","3":"status-publish","4":"has-post-thumbnail","6":"pwb-brand-mathilde-m-es","7":"product_cat-spray-es","8":"product_cat-perfumistas","10":"first","11":"instock","12":"taxable","13":"shipping-taxable","14":"purchasable","15":"product-type-simple"},"brands":[{"id":2089,"name":"Mathilde M.","slug":"mathilde-m-es"}],"_links":{"self":[{"href":"https:\/\/www.tendenzeshabbychic.it\/es\/wp-json\/wp\/v2\/product\/229819","targetHints":{"allow":["GET"]}}],"collection":[{"href":"https:\/\/www.tendenzeshabbychic.it\/es\/wp-json\/wp\/v2\/product"}],"about":[{"href":"https:\/\/www.tendenzeshabbychic.it\/es\/wp-json\/wp\/v2\/types\/product"}],"replies":[{"embeddable":true,"href":"https:\/\/www.tendenzeshabbychic.it\/es\/wp-json\/wp\/v2\/comments?post=229819"}],"wp:featuredmedia":[{"embeddable":true,"href":"https:\/\/www.tendenzeshabbychic.it\/es\/wp-json\/wp\/v2\/media\/229797"}],"wp:attachment":[{"href":"https:\/\/www.tendenzeshabbychic.it\/es\/wp-json\/wp\/v2\/media?parent=229819"}],"wp:term":[{"taxonomy":"pwb-brand","embeddable":true,"href":"https:\/\/www.tendenzeshabbychic.it\/es\/wp-json\/wp\/v2\/pwb-brand?post=229819"},{"taxonomy":"product_brand","embeddable":true,"href":"https:\/\/www.tendenzeshabbychic.it\/es\/wp-json\/wp\/v2\/product_brand?post=229819"},{"taxonomy":"product_cat","embeddable":true,"href":"https:\/\/www.tendenzeshabbychic.it\/es\/wp-json\/wp\/v2\/product_cat?post=229819"},{"taxonomy":"product_tag","embeddable":true,"href":"https:\/\/www.tendenzeshabbychic.it\/es\/wp-json\/wp\/v2\/product_tag?post=229819"}],"curies":[{"name":"wp","href":"https:\/\/api.w.org\/{rel}","templated":true}]}}