{"id":229818,"date":"2026-02-11T10:21:17","date_gmt":"2026-02-11T09:21:17","guid":{"rendered":"https:\/\/www.tendenzeshabbychic.it\/prodotto\/mathilde-m-decor-perfumado-petite-madeleine-2-pcs\/"},"modified":"2026-02-11T10:21:17","modified_gmt":"2026-02-11T09:21:17","slug":"mathilde-m-decor-perfumado-petite-madeleine-2-pcs","status":"publish","type":"product","link":"https:\/\/www.tendenzeshabbychic.it\/es\/producto\/mathilde-m-decor-perfumado-petite-madeleine-2-pcs\/","title":{"rendered":"Mathilde M D\u00e9cor Perfumado Petite Madeleine 2 pcs"},"content":{"rendered":"<p>El set <em>Sorpresas Perfumadas<\/em> Mathilde M es una idea de regalo refinada para los amantes de los detalles rom\u00e1nticos y las fragancias \u00abconfort\u00bb. Los dos adornos son de <strong>escayola perfumada blanca opaca<\/strong>, con formas inspiradas en la pasteler\u00eda francesa: un <strong>macaron<\/strong> y una <strong>mignardise<\/strong> con bordes y vol\u00famenes bien definidos, que los hacen decorativos incluso si s\u00f3lo se colocan sobre una bandeja o en un rinc\u00f3n de belleza. <\/p>\n<p>La fragancia <strong>Petite Madeleine<\/strong> es irresistiblemente envolvente y nost\u00e1lgica: la <strong>c\u00e1scara de lim\u00f3n<\/strong> ilumina la apertura, luego viene la suavidad de <strong>la magdalena<\/strong> con la elegante nota de <strong>la flor de azahar<\/strong>. En el fondo, la <strong>vainilla<\/strong> y el <strong>caramelo<\/strong> dejan una estela c\u00e1lida y apetitosa, delicada pero persistente. Perfecto para perfumar <strong>cajones, armarios, maletas<\/strong> o peque\u00f1os espacios del hogar con un toque chic.  <\/p>\n<ul>\n<li>2 decoraciones perfumadas de escayola: <strong>macaron + mignardise<\/strong><\/li>\n<li>Acabado <strong>mate<\/strong> con detalles y relieves bien visibles<\/li>\n<li>Paquete con asa y <strong>lazo<\/strong>: listo para donar<\/li>\n<li>Fragancia \u00abconfort\u00bb dulce y luminosa (lim\u00f3n, magdalena, azahar)<\/li>\n<li>Ideal para perfumar espacios peque\u00f1os sin electricidad<\/li>\n<\/ul>\n","protected":false},"excerpt":{"rendered":"<p>Dulces \u00absorpresas\u00bb perfumadas de la colecci\u00f3n <em>Gourmandises d&#8217;\u00c9t\u00e9<\/em>: un conjunto de <strong>2 decoraciones perfumadas de escayola<\/strong> (blanca, acabado mate) modeladas como una peque\u00f1a p\u00e2tisserie: un <strong>macaron<\/strong> y una <strong>mignardise<\/strong> con relieve. El envase es un bonito estuche con asa, estampado a cuadros pastel con peque\u00f1os motivos rom\u00e1nticos y <strong>lazo<\/strong> decorativo: perfecto como regalo. <\/p>\n<p>\ud83d\udccf <strong>Macarrones:<\/strong> 4 x 2 x 4,2 cm<br \/>\n\ud83d\udccf <strong>Mignardise:<\/strong> 4,4 x 4,4 x 3,3 cm<br \/>\n\ud83d\udccf <strong>Envase:<\/strong> 11,2 x 6,9 x 12,5 cm<\/p>\n<p><strong>Pir\u00e1mide olfativa<\/strong><\/p>\n<ul>\n<li>Notas de Salida: <strong>C\u00e1scara de Lim\u00f3n<\/strong><\/li>\n<li>Notas de Coraz\u00f3n: <strong>Magdalena, Azahar<\/strong><\/li>\n<li>Notas de Fondo: <strong>Vainilla, Caramelo<\/strong><\/li>\n<\/ul>\n","protected":false},"featured_media":229796,"comment_status":"open","ping_status":"closed","template":"","meta":{"_joinchat":[]},"pwb-brand":[2089],"product_brand":[],"product_cat":[2363,2344],"product_tag":[2283],"class_list":{"0":"post-229818","1":"product","2":"type-product","3":"status-publish","4":"has-post-thumbnail","6":"pwb-brand-mathilde-m-es","7":"product_cat-tizas-perfumadas","8":"product_cat-perfumistas","9":"product_tag-idea-de-regalo","11":"first","12":"instock","13":"taxable","14":"shipping-taxable","15":"purchasable","16":"product-type-simple"},"brands":[{"id":2089,"name":"Mathilde M.","slug":"mathilde-m-es"}],"_links":{"self":[{"href":"https:\/\/www.tendenzeshabbychic.it\/es\/wp-json\/wp\/v2\/product\/229818","targetHints":{"allow":["GET"]}}],"collection":[{"href":"https:\/\/www.tendenzeshabbychic.it\/es\/wp-json\/wp\/v2\/product"}],"about":[{"href":"https:\/\/www.tendenzeshabbychic.it\/es\/wp-json\/wp\/v2\/types\/product"}],"replies":[{"embeddable":true,"href":"https:\/\/www.tendenzeshabbychic.it\/es\/wp-json\/wp\/v2\/comments?post=229818"}],"wp:featuredmedia":[{"embeddable":true,"href":"https:\/\/www.tendenzeshabbychic.it\/es\/wp-json\/wp\/v2\/media\/229796"}],"wp:attachment":[{"href":"https:\/\/www.tendenzeshabbychic.it\/es\/wp-json\/wp\/v2\/media?parent=229818"}],"wp:term":[{"taxonomy":"pwb-brand","embeddable":true,"href":"https:\/\/www.tendenzeshabbychic.it\/es\/wp-json\/wp\/v2\/pwb-brand?post=229818"},{"taxonomy":"product_brand","embeddable":true,"href":"https:\/\/www.tendenzeshabbychic.it\/es\/wp-json\/wp\/v2\/product_brand?post=229818"},{"taxonomy":"product_cat","embeddable":true,"href":"https:\/\/www.tendenzeshabbychic.it\/es\/wp-json\/wp\/v2\/product_cat?post=229818"},{"taxonomy":"product_tag","embeddable":true,"href":"https:\/\/www.tendenzeshabbychic.it\/es\/wp-json\/wp\/v2\/product_tag?post=229818"}],"curies":[{"name":"wp","href":"https:\/\/api.w.org\/{rel}","templated":true}]}}