{"id":229815,"date":"2026-02-11T10:54:27","date_gmt":"2026-02-11T09:54:27","guid":{"rendered":"https:\/\/www.tendenzeshabbychic.it\/prodotto\/mathilde-m-decor-cupcake-perfumado-petite-madeleine\/"},"modified":"2026-02-11T10:54:27","modified_gmt":"2026-02-11T09:54:27","slug":"mathilde-m-decor-cupcake-perfumado-petite-madeleine","status":"publish","type":"product","link":"https:\/\/www.tendenzeshabbychic.it\/es\/producto\/mathilde-m-decor-cupcake-perfumado-petite-madeleine\/","title":{"rendered":"Mathilde M D\u00e9cor Cupcake perfumado Petite Madeleine"},"content":{"rendered":"<p>La decoraci\u00f3n perfumada <em>Gourmandises d&#8217;\u00c9t\u00e9<\/em> de Mathilde M es un peque\u00f1o detalle de decoraci\u00f3n que combina fragancia y poes\u00eda. Realizado en <strong>escayola blanca mate<\/strong>, reproduce una magdalena estilo pasteler\u00eda: la <strong>base rayada verticalmente<\/strong> recuerda el molde, mientras que la parte superior es una espiral \u00abcrema\u00bb con <strong>flores<\/strong> en relieve, para un efecto elegante y cuidado. La <strong>cinta de cuadros<\/strong> beige, suave y rom\u00e1ntica, tambi\u00e9n la hace perfecta para colgar.  <\/p>\n<p>La fragancia <strong>Petite Madeleine<\/strong> es envolvente y nost\u00e1lgica: la frescura de la <strong>c\u00e1scara de<\/strong> lim\u00f3n abre la fragancia, luego viene la dulzura de <strong>la magdalena<\/strong> junto con la elegante nota de <strong>la flor de azahar<\/strong>. En el fondo, <strong>la vainilla<\/strong> y el <strong>caramelo<\/strong> crean una estela c\u00e1lida y apetitosa que perdura delicadamente en el aire. Ideal en <strong>cajones, armarios, maletas<\/strong> o colgado en el ba\u00f1o o el dormitorio para una fragancia discreta pero continua.  <\/p>\n<ul>\n<li>Yeso <strong>blanco opaco<\/strong> con detalles en relieve (magdalenas y flores)<\/li>\n<li><strong>Cinta vichy beige<\/strong> con ojal: f\u00e1cil de colgar<\/li>\n<li>Perfecto para perfumar espacios peque\u00f1os sin electricidad<\/li>\n<li>Fragancia \u00abconfort\u00bb dulce y luminosa: lim\u00f3n, magdalena, azahar<\/li>\n<li>Tambi\u00e9n es precioso como peque\u00f1o cadeau o marcador de posici\u00f3n perfumado<\/li>\n<\/ul>\n","protected":false},"excerpt":{"rendered":"<p>Dulce decoraci\u00f3n de <strong>escayola<\/strong> de la colecci\u00f3n <em>Gourmandises d&#8217;\u00c9t\u00e9<\/em>, modelada como una magdalena: base estriada, \u00abcrema\u00bb suavemente repujada y peque\u00f1as <strong>flores<\/strong> decorativas. La cinta <strong>vichy beige<\/strong> (con ojal) permite colgarlo f\u00e1cilmente en armarios, tiradores o pomos, para darle un toque rom\u00e1ntico y delicado. <\/p>\n<p>\ud83d\udccf <strong>5,3 x 2,9 x 6 cm<\/strong><\/p>\n<p><strong>Pir\u00e1mide olfativa<\/strong><\/p>\n<ul>\n<li>Notas de Salida: <strong>C\u00e1scara de Lim\u00f3n<\/strong><\/li>\n<li>Notas de Coraz\u00f3n: <strong>Magdalena, Azahar<\/strong><\/li>\n<li>Notas de Fondo: <strong>Vainilla, Caramelo<\/strong><\/li>\n<\/ul>\n","protected":false},"featured_media":229801,"comment_status":"open","ping_status":"closed","template":"","meta":{"_joinchat":[]},"pwb-brand":[2089],"product_brand":[],"product_cat":[2363,2344],"product_tag":[2283],"class_list":{"0":"post-229815","1":"product","2":"type-product","3":"status-publish","4":"has-post-thumbnail","6":"pwb-brand-mathilde-m-es","7":"product_cat-tizas-perfumadas","8":"product_cat-perfumistas","9":"product_tag-idea-de-regalo","11":"first","12":"instock","13":"taxable","14":"shipping-taxable","15":"purchasable","16":"product-type-simple"},"brands":[{"id":2089,"name":"Mathilde M.","slug":"mathilde-m-es"}],"_links":{"self":[{"href":"https:\/\/www.tendenzeshabbychic.it\/es\/wp-json\/wp\/v2\/product\/229815","targetHints":{"allow":["GET"]}}],"collection":[{"href":"https:\/\/www.tendenzeshabbychic.it\/es\/wp-json\/wp\/v2\/product"}],"about":[{"href":"https:\/\/www.tendenzeshabbychic.it\/es\/wp-json\/wp\/v2\/types\/product"}],"replies":[{"embeddable":true,"href":"https:\/\/www.tendenzeshabbychic.it\/es\/wp-json\/wp\/v2\/comments?post=229815"}],"wp:featuredmedia":[{"embeddable":true,"href":"https:\/\/www.tendenzeshabbychic.it\/es\/wp-json\/wp\/v2\/media\/229801"}],"wp:attachment":[{"href":"https:\/\/www.tendenzeshabbychic.it\/es\/wp-json\/wp\/v2\/media?parent=229815"}],"wp:term":[{"taxonomy":"pwb-brand","embeddable":true,"href":"https:\/\/www.tendenzeshabbychic.it\/es\/wp-json\/wp\/v2\/pwb-brand?post=229815"},{"taxonomy":"product_brand","embeddable":true,"href":"https:\/\/www.tendenzeshabbychic.it\/es\/wp-json\/wp\/v2\/product_brand?post=229815"},{"taxonomy":"product_cat","embeddable":true,"href":"https:\/\/www.tendenzeshabbychic.it\/es\/wp-json\/wp\/v2\/product_cat?post=229815"},{"taxonomy":"product_tag","embeddable":true,"href":"https:\/\/www.tendenzeshabbychic.it\/es\/wp-json\/wp\/v2\/product_tag?post=229815"}],"curies":[{"name":"wp","href":"https:\/\/api.w.org\/{rel}","templated":true}]}}