{"id":229811,"date":"2026-02-11T11:00:41","date_gmt":"2026-02-11T10:00:41","guid":{"rendered":"https:\/\/www.tendenzeshabbychic.it\/prodotto\/mathilde-m-pochon-3-decoraciones-citron-meringue\/"},"modified":"2026-02-11T11:00:41","modified_gmt":"2026-02-11T10:00:41","slug":"mathilde-m-pochon-3-decoraciones-citron-meringue","status":"publish","type":"product","link":"https:\/\/www.tendenzeshabbychic.it\/es\/producto\/mathilde-m-pochon-3-decoraciones-citron-meringue\/","title":{"rendered":"Mathilde M Pochon 3 Decoraciones Citron Meringu\u00e9"},"content":{"rendered":"<p>Una idea de regalo delicada y s\u00faper \u00abfrancesa\u00bb: el <strong>pochon con 3 decoraciones perfumadas Mathilde M Citron Meringu\u00e9<\/strong> <em>(<\/em>colecci\u00f3n <em>Gourmandises d&#8217;\u00c9t\u00e9<\/em>) es perfecto para perfumar discretamente los espacios m\u00e1s \u00edntimos del hogar. Las decoraciones est\u00e1n hechas de <strong>yeso blanco opaco<\/strong> y tienen un aspecto cuidadosamente elaborado: la <strong>taza<\/strong> est\u00e1 adornada con una gran flor en relieve, la <strong>tetera<\/strong> recuerda las formas cl\u00e1sicas con detalles rom\u00e1nticos, mientras que la <strong>magdalena escalonada<\/strong> a\u00f1ade un toque juguet\u00f3n y refinado. <\/p>\n<p>Cada pieza viene con una <strong>cinta vichy<\/strong> de color miel: puedes colgarlas en perchas, pomos y tiradores de puertas, o colocarlas sobre un platillo en el ba\u00f1o o el pasillo. La bolsa de <strong>poli\u00e9ster<\/strong> con lazo hace que el conjunto est\u00e9 listo para regalar, sin necesidad de embalaje adicional. <\/p>\n<p>La fragancia <strong>Citron Meringu\u00e9<\/strong> es un mimo gourmand: una apertura brillante de <strong>lim\u00f3n<\/strong>, un coraz\u00f3n suave de <strong>merengue<\/strong> y una base envolvente de <strong>vainilla y almizcle<\/strong>.<\/p>\n<ul>\n<li>3 decoraciones de yeso <strong>blanco y opaco<\/strong>, ricas en relieves y detalles<\/li>\n<li>Irresistibles formas para la \u00abhora del t\u00e9\u00bb: <strong>taza, tetera y magdalena<\/strong><\/li>\n<li><strong>Cintas Vichy<\/strong> incluidas: listas para colgar en armarios y cajones<\/li>\n<li>Elegante pochon, ideal como <strong>regalo<\/strong><\/li>\n<li>Perfume gourmand chic: <strong>lim\u00f3n, merengue, vainilla y almizcle<\/strong><\/li>\n<\/ul>\n","protected":false},"excerpt":{"rendered":"<p>Pochon de regalo Mathilde M de la colecci\u00f3n <em>Gourmandises d&#8217;\u00c9t\u00e9<\/em> con <strong>3 decoraciones de escayola<\/strong> blanca, opaca, ricamente trabajada y <strong>perfumada<\/strong>: una <strong>taza<\/strong> con una maxi flor en relieve, una <strong>tetera<\/strong> de estilo rom\u00e1ntico y una <strong>magdalena escalonada<\/strong> con peque\u00f1os detalles decorativos. Cada decoraci\u00f3n se completa con una elegante <strong>cinta vichy<\/strong> de color miel para colgar en armarios y cajones. Todo va dentro de una <strong>bolsa de tela (poli\u00e9ster<\/strong> ) con un lazo y una etiqueta <em>Citron Meringu\u00e9<\/em>. Aroma apetitoso: <strong>lim\u00f3n, merengue, vainilla y almizcle<\/strong>.   <\/p>\n<p>\ud83d\udccf <strong>Taza 5,1 x 6,2 x 2,2 cm<\/strong> &#8211; <strong>Tetera 6,9 x 6,1 x 2,3 cm<\/strong> &#8211; <strong>Pastel 5,6 x 6,4 x 2,6 cm<\/strong> &#8211; <strong>Pochon 13 x 18 cm<\/strong><\/p>\n<p><strong>Pir\u00e1mide olfativa<\/strong><\/p>\n<ul>\n<li>Notas de Salida: <strong>Lim\u00f3n<\/strong><\/li>\n<li><strong>Notas de<\/strong> Coraz\u00f3n <strong>: Notas de merengue<\/strong><\/li>\n<li>Notas de Fondo: <strong>Vainilla, Almizcle<\/strong><\/li>\n<\/ul>\n","protected":false},"featured_media":229794,"comment_status":"open","ping_status":"closed","template":"","meta":{"_joinchat":[]},"pwb-brand":[2089],"product_brand":[],"product_cat":[2363,2344],"product_tag":[2283],"class_list":{"0":"post-229811","1":"product","2":"type-product","3":"status-publish","4":"has-post-thumbnail","6":"pwb-brand-mathilde-m-es","7":"product_cat-tizas-perfumadas","8":"product_cat-perfumistas","9":"product_tag-idea-de-regalo","11":"first","12":"instock","13":"taxable","14":"shipping-taxable","15":"purchasable","16":"product-type-simple"},"brands":[{"id":2089,"name":"Mathilde M.","slug":"mathilde-m-es"}],"_links":{"self":[{"href":"https:\/\/www.tendenzeshabbychic.it\/es\/wp-json\/wp\/v2\/product\/229811","targetHints":{"allow":["GET"]}}],"collection":[{"href":"https:\/\/www.tendenzeshabbychic.it\/es\/wp-json\/wp\/v2\/product"}],"about":[{"href":"https:\/\/www.tendenzeshabbychic.it\/es\/wp-json\/wp\/v2\/types\/product"}],"replies":[{"embeddable":true,"href":"https:\/\/www.tendenzeshabbychic.it\/es\/wp-json\/wp\/v2\/comments?post=229811"}],"wp:featuredmedia":[{"embeddable":true,"href":"https:\/\/www.tendenzeshabbychic.it\/es\/wp-json\/wp\/v2\/media\/229794"}],"wp:attachment":[{"href":"https:\/\/www.tendenzeshabbychic.it\/es\/wp-json\/wp\/v2\/media?parent=229811"}],"wp:term":[{"taxonomy":"pwb-brand","embeddable":true,"href":"https:\/\/www.tendenzeshabbychic.it\/es\/wp-json\/wp\/v2\/pwb-brand?post=229811"},{"taxonomy":"product_brand","embeddable":true,"href":"https:\/\/www.tendenzeshabbychic.it\/es\/wp-json\/wp\/v2\/product_brand?post=229811"},{"taxonomy":"product_cat","embeddable":true,"href":"https:\/\/www.tendenzeshabbychic.it\/es\/wp-json\/wp\/v2\/product_cat?post=229811"},{"taxonomy":"product_tag","embeddable":true,"href":"https:\/\/www.tendenzeshabbychic.it\/es\/wp-json\/wp\/v2\/product_tag?post=229811"}],"curies":[{"name":"wp","href":"https:\/\/api.w.org\/{rel}","templated":true}]}}