{"id":229792,"date":"2026-02-11T11:36:01","date_gmt":"2026-02-11T10:36:01","guid":{"rendered":"https:\/\/www.tendenzeshabbychic.it\/prodotto\/mathilde-m-medio-ambiente-spray-citron-meringue-90-ml\/"},"modified":"2026-03-28T09:38:14","modified_gmt":"2026-03-28T08:38:14","slug":"mathilde-m-medio-ambiente-spray-citron-meringue-90-ml","status":"publish","type":"product","link":"https:\/\/www.tendenzeshabbychic.it\/es\/producto\/mathilde-m-medio-ambiente-spray-citron-meringue-90-ml\/","title":{"rendered":"Mathilde M Medio Ambiente Spray Citron Meringu\u00e9 90 ml"},"content":{"rendered":"<p>El vaporizador de ambiente <strong>Mathilde M Citron Meringu\u00e9<\/strong> <em>(<\/em>colecci\u00f3n <em>Gourmandises d&#8217;\u00c9t\u00e9<\/em>) es la elecci\u00f3n perfecta para perfumar r\u00e1pidamente el hogar con un aroma <em>gourmand<\/em> y refinado. El frasco cil\u00edndrico <strong>de cristal<\/strong> deja entrever el l\u00edquido transparente, mientras que el <strong>vaporizador de metal<\/strong> pulido a\u00f1ade un toque precioso y pulido. El gr\u00e1fico de la etiqueta, en <strong>amarillo suave<\/strong> con peque\u00f1os motivos decorativos y un medall\u00f3n central <strong>rosa<\/strong>, tambi\u00e9n es ideal para tenerlo a la vista sobre una bandeja en el ba\u00f1o o en una estanter\u00eda en el recibidor.  <\/p>\n<p>La fragancia <strong>Citron Meringu\u00e9<\/strong> recrea la irresistible dulzura de un merengue de lim\u00f3n: la apertura es brillante y c\u00edtrica, el coraz\u00f3n se vuelve suave y \u00abcremoso\u00bb, mientras que la base se cierra en un abrazo c\u00e1lido y limpio. Util\u00edzalo en cortinas, textiles de decoraci\u00f3n (a distancia) o simplemente en el aire para refrescar las estancias antes de recibir invitados, despu\u00e9s de cocinar o para dar car\u00e1cter a habitaciones y salas de estar. <\/p>\n<ul>\n<li>Capacidad: 90ml<\/li>\n<li>Materiales: <strong>vidrio y metal<\/strong><\/li>\n<li>Dimensiones de la botella: <strong>\u00d8 4<\/strong> x 14,7 cm (\ud83d\udccf 4 x 4 x 14,7 cm)<\/li>\n<li>Efecto inmediato: perfuma la habitaci\u00f3n en pocas pulverizaciones<\/li>\n<li>Elegante botella de <strong>cristal<\/strong> con <strong>vaporizador de metal<\/strong> brillante<\/li>\n<li>Etiqueta <strong>pastel<\/strong> con delicados adornos, tambi\u00e9n perfecta como idea de regalo<\/li>\n<li>Fragancia gourmand c\u00edtrica: <strong>lim\u00f3n, merengue, vainilla y almizcle<\/strong><\/li>\n<li>Ideal para la entrada, el ba\u00f1o, el sal\u00f3n y para \u00abrematar\u00bb el ambiente antes de los invitados<\/li>\n<\/ul>\n","protected":false},"excerpt":{"rendered":"<p>Vaporizador de ambiente Mathilde M de la colecci\u00f3n <em>Gourmandises d&#8217;\u00c9t\u00e9<\/em>, en <strong>frasco de cristal<\/strong> con <strong>atomizador de metal<\/strong> pulido. La etiqueta, en tonos <strong>amarillo pastel<\/strong> con peque\u00f1os motivos florales y un medall\u00f3n central rosa, aporta una delicada elegancia totalmente francesa. Fragancia <strong>Citron Meringu\u00e9<\/strong>: lim\u00f3n chispeante, coraz\u00f3n de merengue y base envolvente de vainilla y almizcle.  <\/p>\n<p>\ud83d\udccf <strong>4 x 4 x 14,7 cm<\/strong><\/p>\n<p><strong>Pir\u00e1mide olfativa<\/strong><\/p>\n<ul>\n<li>Notas de Salida: <strong>Lim\u00f3n<\/strong><\/li>\n<li><strong>Notas de<\/strong> Coraz\u00f3n <strong>: Notas de merengue<\/strong><\/li>\n<li>Notas de Fondo: <strong>Vainilla, Almizcle<\/strong><\/li>\n<\/ul>\n","protected":false},"featured_media":229785,"comment_status":"open","ping_status":"closed","template":"","meta":{"_joinchat":[]},"pwb-brand":[2089],"product_brand":[],"product_cat":[2365,2344],"product_tag":[],"class_list":{"0":"post-229792","1":"product","2":"type-product","3":"status-publish","4":"has-post-thumbnail","6":"pwb-brand-mathilde-m-es","7":"product_cat-spray-es","8":"product_cat-perfumistas","10":"first","11":"instock","12":"taxable","13":"shipping-taxable","14":"purchasable","15":"product-type-simple"},"brands":[{"id":2089,"name":"Mathilde M.","slug":"mathilde-m-es"}],"_links":{"self":[{"href":"https:\/\/www.tendenzeshabbychic.it\/es\/wp-json\/wp\/v2\/product\/229792","targetHints":{"allow":["GET"]}}],"collection":[{"href":"https:\/\/www.tendenzeshabbychic.it\/es\/wp-json\/wp\/v2\/product"}],"about":[{"href":"https:\/\/www.tendenzeshabbychic.it\/es\/wp-json\/wp\/v2\/types\/product"}],"replies":[{"embeddable":true,"href":"https:\/\/www.tendenzeshabbychic.it\/es\/wp-json\/wp\/v2\/comments?post=229792"}],"wp:featuredmedia":[{"embeddable":true,"href":"https:\/\/www.tendenzeshabbychic.it\/es\/wp-json\/wp\/v2\/media\/229785"}],"wp:attachment":[{"href":"https:\/\/www.tendenzeshabbychic.it\/es\/wp-json\/wp\/v2\/media?parent=229792"}],"wp:term":[{"taxonomy":"pwb-brand","embeddable":true,"href":"https:\/\/www.tendenzeshabbychic.it\/es\/wp-json\/wp\/v2\/pwb-brand?post=229792"},{"taxonomy":"product_brand","embeddable":true,"href":"https:\/\/www.tendenzeshabbychic.it\/es\/wp-json\/wp\/v2\/product_brand?post=229792"},{"taxonomy":"product_cat","embeddable":true,"href":"https:\/\/www.tendenzeshabbychic.it\/es\/wp-json\/wp\/v2\/product_cat?post=229792"},{"taxonomy":"product_tag","embeddable":true,"href":"https:\/\/www.tendenzeshabbychic.it\/es\/wp-json\/wp\/v2\/product_tag?post=229792"}],"curies":[{"name":"wp","href":"https:\/\/api.w.org\/{rel}","templated":true}]}}