{"id":229791,"date":"2026-02-11T11:38:41","date_gmt":"2026-02-11T10:38:41","guid":{"rendered":"https:\/\/www.tendenzeshabbychic.it\/prodotto\/mathilde-m-decoraciones-perfumadas-citron-meringue-2-unid\/"},"modified":"2026-02-11T11:38:41","modified_gmt":"2026-02-11T10:38:41","slug":"mathilde-m-decoraciones-perfumadas-citron-meringue-2-unid","status":"publish","type":"product","link":"https:\/\/www.tendenzeshabbychic.it\/es\/producto\/mathilde-m-decoraciones-perfumadas-citron-meringue-2-unid\/","title":{"rendered":"Mathilde M Decoraciones Perfumadas Citron Meringu\u00e9 2 unid."},"content":{"rendered":"<p>Las <strong>Sorpresas<\/strong> <strong>Perfumadas<\/strong> Mathilde M <em>Gourmandises d&#8217;\u00c9t\u00e9<\/em> son un peque\u00f1o lujo cotidiano: dos decoraciones <strong>perfumadas de yeso<\/strong> (escayola) inspiradas en la reposter\u00eda francesa, ideales para perfumar discretamente los espacios m\u00e1s \u00edntimos del hogar. El set incluye un <strong>macaron<\/strong> con una textura ligeramente \u00abazucarada\u00bb y <strong>una mignardise<\/strong> con forma abovedada y bonitos surcos decorativos, ambos en <strong>blanco mate<\/strong> de aspecto elegante y refinado. <\/p>\n<p>El envase llama la atenci\u00f3n: un <strong>suave<\/strong> bolso r\u00edgido <strong>amarillo<\/strong> con un delicado estampado, una etiqueta central rosa y un <strong>lazo a cuadros<\/strong> que recuerda el estilo bon ton franc\u00e9s. Perfecto como regalo, pero tambi\u00e9n para dejarlo a la vista sobre una bandeja en el cuarto de ba\u00f1o o en el vestidor. <\/p>\n<p>La fragancia <strong>Citron Meringu\u00e9<\/strong> es golosa y luminosa: se abre con la vivacidad del <strong>lim\u00f3n<\/strong>, se suaviza con un coraz\u00f3n de <strong>merengue<\/strong> y termina en una estela envolvente de <strong>vainilla y almizcle<\/strong>.<br \/>\nUtil\u00edzala en <strong>cajones, armarios, maletas, en el recibidor o en el cuarto de ba\u00f1o<\/strong> para conseguir un aroma delicado y continuo.<\/p>\n<ul>\n<li>2 decoraciones de escayola perfumada con <strong>acabado blanco mate<\/strong><\/li>\n<li>Formas de \u00abp\u00e2tisserie\u00bb supercuradas: <strong>macarrones<\/strong> + <strong>mignardise<\/strong> en relieve<\/li>\n<li>Embalaje de bolso <strong>listo para regalo<\/strong> con lazo de Vichy<\/li>\n<li>Perfume gourmand chic: <strong>lim\u00f3n, merengue, vainilla y almizcle<\/strong><\/li>\n<li>Ideal para perfumar discretamente <strong>espacios peque\u00f1os<\/strong> <\/li>\n<\/ul>\n","protected":false},"excerpt":{"rendered":"<p>Deliciosas \u00absorpresas perfumadas\u00bb Mathilde M de la colecci\u00f3n <em>Gourmandises d&#8217;\u00c9t\u00e9<\/em>: <strong>2 decoraciones de escayola<\/strong> blanca, opacas y <strong>perfumadas<\/strong>, ricas en detalles en relieve (un <strong>macaron<\/strong> y una <strong>mignardise<\/strong> abovedada). El envase del bolso es de <strong>color amarillo pastel<\/strong> con microdecoraciones florales, una etiqueta rosa \u00abCitron Meringu\u00e9\u00bb y un <strong>lazo vichy<\/strong> en el asa: tambi\u00e9n es perfecto como regalo. Fragancia <strong>Citron Meringu\u00e9<\/strong>: lim\u00f3n chispeante, coraz\u00f3n de merengue, base suave de vainilla y almizcle.  <\/p>\n<p>\ud83d\udccf <strong>11,2 x 6,9 x 12,5 cm<\/strong> (paquete)<\/p>\n<p><strong>Pir\u00e1mide olfativa<\/strong><\/p>\n<ul>\n<li>Notas de Salida: <strong>Lim\u00f3n<\/strong><\/li>\n<li><strong>Notas de<\/strong> Coraz\u00f3n <strong>: Notas de merengue<\/strong><\/li>\n<li>Notas de Fondo: <strong>Vainilla, Almizcle<\/strong><\/li>\n<\/ul>\n","protected":false},"featured_media":229771,"comment_status":"open","ping_status":"closed","template":"","meta":{"_joinchat":[]},"pwb-brand":[2089],"product_brand":[],"product_cat":[2363,2344],"product_tag":[2283],"class_list":{"0":"post-229791","1":"product","2":"type-product","3":"status-publish","4":"has-post-thumbnail","6":"pwb-brand-mathilde-m-es","7":"product_cat-tizas-perfumadas","8":"product_cat-perfumistas","9":"product_tag-idea-de-regalo","11":"first","12":"instock","13":"taxable","14":"shipping-taxable","15":"purchasable","16":"product-type-simple"},"brands":[{"id":2089,"name":"Mathilde M.","slug":"mathilde-m-es"}],"_links":{"self":[{"href":"https:\/\/www.tendenzeshabbychic.it\/es\/wp-json\/wp\/v2\/product\/229791","targetHints":{"allow":["GET"]}}],"collection":[{"href":"https:\/\/www.tendenzeshabbychic.it\/es\/wp-json\/wp\/v2\/product"}],"about":[{"href":"https:\/\/www.tendenzeshabbychic.it\/es\/wp-json\/wp\/v2\/types\/product"}],"replies":[{"embeddable":true,"href":"https:\/\/www.tendenzeshabbychic.it\/es\/wp-json\/wp\/v2\/comments?post=229791"}],"wp:featuredmedia":[{"embeddable":true,"href":"https:\/\/www.tendenzeshabbychic.it\/es\/wp-json\/wp\/v2\/media\/229771"}],"wp:attachment":[{"href":"https:\/\/www.tendenzeshabbychic.it\/es\/wp-json\/wp\/v2\/media?parent=229791"}],"wp:term":[{"taxonomy":"pwb-brand","embeddable":true,"href":"https:\/\/www.tendenzeshabbychic.it\/es\/wp-json\/wp\/v2\/pwb-brand?post=229791"},{"taxonomy":"product_brand","embeddable":true,"href":"https:\/\/www.tendenzeshabbychic.it\/es\/wp-json\/wp\/v2\/product_brand?post=229791"},{"taxonomy":"product_cat","embeddable":true,"href":"https:\/\/www.tendenzeshabbychic.it\/es\/wp-json\/wp\/v2\/product_cat?post=229791"},{"taxonomy":"product_tag","embeddable":true,"href":"https:\/\/www.tendenzeshabbychic.it\/es\/wp-json\/wp\/v2\/product_tag?post=229791"}],"curies":[{"name":"wp","href":"https:\/\/api.w.org\/{rel}","templated":true}]}}