{"id":229620,"date":"2026-02-11T12:00:11","date_gmt":"2026-02-11T11:00:11","guid":{"rendered":"https:\/\/www.tendenzeshabbychic.it\/prodotto\/perfume-de-hogar-mathilde-m-fleur-de-cerisier-30-ml\/"},"modified":"2026-02-11T12:00:11","modified_gmt":"2026-02-11T11:00:11","slug":"perfume-de-hogar-mathilde-m-fleur-de-cerisier-30-ml","status":"publish","type":"product","link":"https:\/\/www.tendenzeshabbychic.it\/es\/producto\/perfume-de-hogar-mathilde-m-fleur-de-cerisier-30-ml\/","title":{"rendered":"Perfume de hogar Mathilde M. Fleur de Cerisier 30 ml"},"content":{"rendered":"<p>Delicada, luminosa y refinada: <strong>Fleur de Cerisier<\/strong> de Mathilde M evoca los primeros cerezos en flor y el aire fresco de los d\u00edas de primavera. Esta fragancia de ambiente <strong>de 30 ml<\/strong> se presenta en un elegante frasco de <strong>cristal<\/strong> con una textura estriada en la parte superior y un tap\u00f3n esf\u00e9rico efecto m\u00e1rmol que le confiere un encanto refinado. La etiqueta de medall\u00f3n rosa empolvado completa el look, que tambi\u00e9n es perfecto como idea de regalo o para dejar en una bandeja decorativa.  <\/p>\n<p>La fragancia se abre con un <strong>soplo de espino blanco<\/strong> y la nota chispeante de la <strong>manzana<\/strong>, y luego florece en el coraz\u00f3n con la rom\u00e1ntica <strong>flor del cerezo<\/strong>. En el fondo, la <strong>vainilla cremosa<\/strong> y la <strong>madera de cedro<\/strong> dejan una estela suave y limpia, elegante y nunca intrusiva. Ideal para perfumar peque\u00f1os espacios o revitalizar tus rituales perfumados Mathilde M (siguiendo las instrucciones de uso del fabricante).  <\/p>\n<ul>\n<li>Botella de <strong>vidrio<\/strong> estriado, muy decorativa<\/li>\n<li>Tap\u00f3n esf\u00e9rico <strong>efecto m\u00e1rmol<\/strong> con detalle met\u00e1lico (aspecto premium)<\/li>\n<li>Pr\u00e1ctico formato <strong>de 30 ml<\/strong>, tambi\u00e9n perfecto para regalo<\/li>\n<li>Fragancia brillante y floral con una base c\u00e1lida de vainilla y cedro<\/li>\n<li>Ideal para combinar con las <strong>decoraciones perfumadas de escayola<\/strong> Mathilde M<\/li>\n<\/ul>\n","protected":false},"excerpt":{"rendered":"<p>Perfume Ambiance en formato de 30 ml en un <strong>frasco de cristal<\/strong> de estilo boudoir: cuerpo transparente con tapa <strong>estriada<\/strong>, etiqueta blanca con medall\u00f3n <strong>rosa empolvado<\/strong> y tap\u00f3n esf\u00e9rico <strong>efecto m\u00e1rmol<\/strong> con anillo plateado. Una peque\u00f1a joya para tener a la vista y utilizar para dar un toque primaveral a los espacios. <\/p>\n<p>\ud83d\udccf <strong>4,3 x 4,3 x 10 cm<\/strong><\/p>\n<p><strong>Pir\u00e1mide olfativa<\/strong><\/p>\n<ul>\n<li>Notas altas: <strong>Espino blanco, Manzana<\/strong><\/li>\n<li>Notas de coraz\u00f3n: <strong>Flor de cerezo<\/strong><\/li>\n<li>Notas de fondo: <strong>Madera de cedro, Vainilla<\/strong><\/li>\n<\/ul>\n","protected":false},"featured_media":229611,"comment_status":"closed","ping_status":"closed","template":"","meta":{"_joinchat":[]},"pwb-brand":[2089],"product_brand":[],"product_cat":[2365,2344],"product_tag":[],"class_list":{"0":"post-229620","1":"product","2":"type-product","3":"status-publish","4":"has-post-thumbnail","6":"pwb-brand-mathilde-m-es","7":"product_cat-spray-es","8":"product_cat-perfumistas","10":"first","11":"instock","12":"taxable","13":"shipping-taxable","14":"purchasable","15":"product-type-simple"},"brands":[{"id":2089,"name":"Mathilde M.","slug":"mathilde-m-es"}],"_links":{"self":[{"href":"https:\/\/www.tendenzeshabbychic.it\/es\/wp-json\/wp\/v2\/product\/229620","targetHints":{"allow":["GET"]}}],"collection":[{"href":"https:\/\/www.tendenzeshabbychic.it\/es\/wp-json\/wp\/v2\/product"}],"about":[{"href":"https:\/\/www.tendenzeshabbychic.it\/es\/wp-json\/wp\/v2\/types\/product"}],"replies":[{"embeddable":true,"href":"https:\/\/www.tendenzeshabbychic.it\/es\/wp-json\/wp\/v2\/comments?post=229620"}],"wp:featuredmedia":[{"embeddable":true,"href":"https:\/\/www.tendenzeshabbychic.it\/es\/wp-json\/wp\/v2\/media\/229611"}],"wp:attachment":[{"href":"https:\/\/www.tendenzeshabbychic.it\/es\/wp-json\/wp\/v2\/media?parent=229620"}],"wp:term":[{"taxonomy":"pwb-brand","embeddable":true,"href":"https:\/\/www.tendenzeshabbychic.it\/es\/wp-json\/wp\/v2\/pwb-brand?post=229620"},{"taxonomy":"product_brand","embeddable":true,"href":"https:\/\/www.tendenzeshabbychic.it\/es\/wp-json\/wp\/v2\/product_brand?post=229620"},{"taxonomy":"product_cat","embeddable":true,"href":"https:\/\/www.tendenzeshabbychic.it\/es\/wp-json\/wp\/v2\/product_cat?post=229620"},{"taxonomy":"product_tag","embeddable":true,"href":"https:\/\/www.tendenzeshabbychic.it\/es\/wp-json\/wp\/v2\/product_tag?post=229620"}],"curies":[{"name":"wp","href":"https:\/\/api.w.org\/{rel}","templated":true}]}}