{"id":228721,"date":"2026-02-05T08:00:28","date_gmt":"2026-02-05T07:00:28","guid":{"rendered":"https:\/\/www.tendenzeshabbychic.it\/prodotto\/edg-decoracion-limon-con-abeja-colgante-h30-cm\/"},"modified":"2026-02-05T08:00:28","modified_gmt":"2026-02-05T07:00:28","slug":"edg-decoracion-limon-con-abeja-colgante-h30-cm","status":"publish","type":"product","link":"https:\/\/www.tendenzeshabbychic.it\/es\/producto\/edg-decoracion-limon-con-abeja-colgante-h30-cm\/","title":{"rendered":"EDG Decoraci\u00f3n Lim\u00f3n con Abeja Colgante H30 cm"},"content":{"rendered":"<p>Esta decoraci\u00f3n <strong>de Enzo de Gasperi<\/strong> aporta de inmediato un ambiente mediterr\u00e1neo: dos limones amarillos como el sol, con una textura ligeramente brillante, cuelgan de una ramita verde con hoja en relieve y rizo decorativo. Las peque\u00f1as flores blancas con pistilos y la peque\u00f1a abeja amarilla\/negra a\u00f1aden un detalle vivo y refinado. <\/p>\n<p>El cord\u00f3n natural lo hace perfecto para colgarlo en ganchos, asas, ramas decorativas o en una guirnalda de verano, ideal en la cocina o en la terraza.<\/p>\n<ul>\n<li>Limones con un acabado realista y luminoso<\/li>\n<li>Abeja decorativa pintada, detalle \u00fanico<\/li>\n<li>Flores blancas con pistilos en relieve<\/li>\n<li>Hoja mecanizada con venas visibles<\/li>\n<li>Cord\u00f3n natural listo para colgar<\/li>\n<\/ul>\n","protected":false},"excerpt":{"rendered":"<p>Rama met\u00e1lica de lim\u00f3n con flores blancas y abeja decorativa, para colgar con cord\u00f3n natural.<\/p>\n<p>\ud83d\udccf Alto 30 x Ancho 26 x Fondo 12 cm.<\/p>\n","protected":false},"featured_media":228710,"comment_status":"open","ping_status":"closed","template":"","meta":{"_joinchat":[]},"pwb-brand":[2084],"product_brand":[],"product_cat":[2396],"product_tag":[3439],"class_list":{"0":"post-228721","1":"product","2":"type-product","3":"status-publish","4":"has-post-thumbnail","6":"pwb-brand-edg-enzo-de-gasperi","7":"product_cat-objetos","8":"product_tag-decoraciones-colgantes","10":"first","11":"instock","12":"taxable","13":"shipping-taxable","14":"purchasable","15":"product-type-simple"},"brands":[{"id":2084,"name":"EDG - Enzo De Gasperi","slug":"edg-enzo-de-gasperi"}],"_links":{"self":[{"href":"https:\/\/www.tendenzeshabbychic.it\/es\/wp-json\/wp\/v2\/product\/228721","targetHints":{"allow":["GET"]}}],"collection":[{"href":"https:\/\/www.tendenzeshabbychic.it\/es\/wp-json\/wp\/v2\/product"}],"about":[{"href":"https:\/\/www.tendenzeshabbychic.it\/es\/wp-json\/wp\/v2\/types\/product"}],"replies":[{"embeddable":true,"href":"https:\/\/www.tendenzeshabbychic.it\/es\/wp-json\/wp\/v2\/comments?post=228721"}],"wp:featuredmedia":[{"embeddable":true,"href":"https:\/\/www.tendenzeshabbychic.it\/es\/wp-json\/wp\/v2\/media\/228710"}],"wp:attachment":[{"href":"https:\/\/www.tendenzeshabbychic.it\/es\/wp-json\/wp\/v2\/media?parent=228721"}],"wp:term":[{"taxonomy":"pwb-brand","embeddable":true,"href":"https:\/\/www.tendenzeshabbychic.it\/es\/wp-json\/wp\/v2\/pwb-brand?post=228721"},{"taxonomy":"product_brand","embeddable":true,"href":"https:\/\/www.tendenzeshabbychic.it\/es\/wp-json\/wp\/v2\/product_brand?post=228721"},{"taxonomy":"product_cat","embeddable":true,"href":"https:\/\/www.tendenzeshabbychic.it\/es\/wp-json\/wp\/v2\/product_cat?post=228721"},{"taxonomy":"product_tag","embeddable":true,"href":"https:\/\/www.tendenzeshabbychic.it\/es\/wp-json\/wp\/v2\/product_tag?post=228721"}],"curies":[{"name":"wp","href":"https:\/\/api.w.org\/{rel}","templated":true}]}}