{"id":228632,"date":"2026-02-05T12:00:55","date_gmt":"2026-02-05T11:00:55","guid":{"rendered":"https:\/\/www.tendenzeshabbychic.it\/prodotto\/edg-contrahuella-redonda-de-hierro-ceramica-2-tamanos\/"},"modified":"2026-02-05T12:00:55","modified_gmt":"2026-02-05T11:00:55","slug":"edg-contrahuella-redonda-de-hierro-ceramica-2-tamanos","status":"publish","type":"product","link":"https:\/\/www.tendenzeshabbychic.it\/es\/producto\/edg-contrahuella-redonda-de-hierro-ceramica-2-tamanos\/","title":{"rendered":"EDG Contrahuella redonda de hierro\/cer\u00e1mica &#8211; 2 tama\u00f1os"},"content":{"rendered":"<p>Pieza firmada <strong>Enzo de Gasperi<\/strong>: elevador decorativo con marco de hierro pintado de blanco, patas rizadas y ramas entrelazadas con hojas en relieve y peque\u00f1os p\u00e1jaros posados. La tapa redonda de cer\u00e1mica, enmarcada por un borde blanco, est\u00e1 realzada por un motivo de may\u00f3lica\/mosaico en tonos verdes, azul claro, ocre y coral.<br \/>\nPerfecta como base para un jarr\u00f3n, una vela o un centro de mesa; eligiendo las dos alturas (se venden por separado) crear\u00e1s un efecto espectacular en una consola, una mesa de centro o un aparador. <\/p>\n<ul>\n<li>Hierro blanco con decoraci\u00f3n de hojas y p\u00e1jaros<\/li>\n<li>Encimera de cer\u00e1mica multicolor con efecto artesanal<\/li>\n<li>L\u00edneas ligeras con pies con volutas<\/li>\n<li>Ideal para un recibidor, un invernadero o un sal\u00f3n Shabby Chic<\/li>\n<li>Jarrones y farolillos a juego<\/li>\n<\/ul>\n","protected":false},"excerpt":{"rendered":"<p>Contrahuella redonda de hierro blanco con hojas y p\u00e1jaros; encimera de cer\u00e1mica decorada multicolor. Dos tama\u00f1os, se venden por unidad. <\/p>\n<p>\ud83d\udccf Grande: Al 26 x An 28 x Pr 28 cm<br \/>\n\ud83d\udccf Peque\u00f1a: Al 23 x An 25 x Pr 25 cm<\/p>\n","protected":false},"featured_media":228626,"comment_status":"open","ping_status":"closed","template":"","meta":{"_joinchat":[]},"pwb-brand":[2084],"product_brand":[],"product_cat":[2360,2357],"product_tag":[],"class_list":{"0":"post-228632","1":"product","2":"type-product","3":"status-publish","4":"has-post-thumbnail","6":"pwb-brand-edg-enzo-de-gasperi","7":"product_cat-bandejas","8":"product_cat-jarrones","10":"first","11":"instock","12":"taxable","13":"shipping-taxable","14":"purchasable","15":"product-type-variable"},"brands":[{"id":2084,"name":"EDG - Enzo De Gasperi","slug":"edg-enzo-de-gasperi"}],"_links":{"self":[{"href":"https:\/\/www.tendenzeshabbychic.it\/es\/wp-json\/wp\/v2\/product\/228632","targetHints":{"allow":["GET"]}}],"collection":[{"href":"https:\/\/www.tendenzeshabbychic.it\/es\/wp-json\/wp\/v2\/product"}],"about":[{"href":"https:\/\/www.tendenzeshabbychic.it\/es\/wp-json\/wp\/v2\/types\/product"}],"replies":[{"embeddable":true,"href":"https:\/\/www.tendenzeshabbychic.it\/es\/wp-json\/wp\/v2\/comments?post=228632"}],"wp:featuredmedia":[{"embeddable":true,"href":"https:\/\/www.tendenzeshabbychic.it\/es\/wp-json\/wp\/v2\/media\/228626"}],"wp:attachment":[{"href":"https:\/\/www.tendenzeshabbychic.it\/es\/wp-json\/wp\/v2\/media?parent=228632"}],"wp:term":[{"taxonomy":"pwb-brand","embeddable":true,"href":"https:\/\/www.tendenzeshabbychic.it\/es\/wp-json\/wp\/v2\/pwb-brand?post=228632"},{"taxonomy":"product_brand","embeddable":true,"href":"https:\/\/www.tendenzeshabbychic.it\/es\/wp-json\/wp\/v2\/product_brand?post=228632"},{"taxonomy":"product_cat","embeddable":true,"href":"https:\/\/www.tendenzeshabbychic.it\/es\/wp-json\/wp\/v2\/product_cat?post=228632"},{"taxonomy":"product_tag","embeddable":true,"href":"https:\/\/www.tendenzeshabbychic.it\/es\/wp-json\/wp\/v2\/product_tag?post=228632"}],"curies":[{"name":"wp","href":"https:\/\/api.w.org\/{rel}","templated":true}]}}