{"id":228464,"date":"2026-01-22T09:00:11","date_gmt":"2026-01-22T08:00:11","guid":{"rendered":"https:\/\/www.tendenzeshabbychic.it\/prodotto\/edg-rama-de-escabiosa-blanca-6-flores-h-66-cm\/"},"modified":"2026-01-22T09:00:11","modified_gmt":"2026-01-22T08:00:11","slug":"edg-rama-de-escabiosa-blanca-6-flores-h-66-cm","status":"publish","type":"product","link":"https:\/\/www.tendenzeshabbychic.it\/es\/producto\/edg-rama-de-escabiosa-blanca-6-flores-h-66-cm\/","title":{"rendered":"EDG Rama de Escabiosa Blanca 6 Flores H 66 cm"},"content":{"rendered":"<p>La rama de escabiosa blanca Enzo de Gasperi es una flor artificial de dise\u00f1o delicado y contempor\u00e1neo. Las seis flores esf\u00e9ricas tienen p\u00e9talos esbeltos con vetas verde claro que le dan profundidad y un efecto extremadamente natural.<br \/>\nEl tallo esbelto tiene un n\u00facleo met\u00e1lico interior, que permite doblar y colocar la rama como se desee, adapt\u00e1ndola f\u00e1cilmente a jarrones altos, arreglos mixtos o arreglos minimalistas. Fabricada en pl\u00e1stico de calidad, es perfecta para una decoraci\u00f3n elegante y sin mantenimiento.  <\/p>\n<p><strong>Ideas y calidad del mobiliario<\/strong><\/p>\n<ul>\n<li>Seis flores blancas con detalles delicadamente sombreados<\/li>\n<li>V\u00e1stago flexible con n\u00facleo met\u00e1lico moldeable<\/li>\n<li>Efecto ligero y natural, ideal para composiciones modernas<\/li>\n<li>Perfecto en jarrones altos o combinado con flores campestres EDG<\/li>\n<li>Ideal para interiores Shabby Chic, rom\u00e1nticos o n\u00f3rdicos<\/li>\n<\/ul>\n","protected":false},"excerpt":{"rendered":"<p>Rama de scabiosa artificial con seis flores blancas ligeramente perfiladas. Elegante y moldeable, ideal para arreglos florales naturales. <\/p>\n<p>\ud83d\udccf H 66 cm<\/p>\n","protected":false},"featured_media":228441,"comment_status":"open","ping_status":"closed","template":"","meta":{"_joinchat":[]},"pwb-brand":[2084],"product_brand":[],"product_cat":[2773,2387],"product_tag":[],"class_list":{"0":"post-228464","1":"product","2":"type-product","3":"status-publish","4":"has-post-thumbnail","6":"pwb-brand-edg-enzo-de-gasperi","7":"product_cat-flores-en-maceta","8":"product_cat-flores-y-plantas-artificiales","10":"first","11":"instock","12":"taxable","13":"shipping-taxable","14":"purchasable","15":"product-type-simple"},"brands":[{"id":2084,"name":"EDG - Enzo De Gasperi","slug":"edg-enzo-de-gasperi"}],"_links":{"self":[{"href":"https:\/\/www.tendenzeshabbychic.it\/es\/wp-json\/wp\/v2\/product\/228464","targetHints":{"allow":["GET"]}}],"collection":[{"href":"https:\/\/www.tendenzeshabbychic.it\/es\/wp-json\/wp\/v2\/product"}],"about":[{"href":"https:\/\/www.tendenzeshabbychic.it\/es\/wp-json\/wp\/v2\/types\/product"}],"replies":[{"embeddable":true,"href":"https:\/\/www.tendenzeshabbychic.it\/es\/wp-json\/wp\/v2\/comments?post=228464"}],"wp:featuredmedia":[{"embeddable":true,"href":"https:\/\/www.tendenzeshabbychic.it\/es\/wp-json\/wp\/v2\/media\/228441"}],"wp:attachment":[{"href":"https:\/\/www.tendenzeshabbychic.it\/es\/wp-json\/wp\/v2\/media?parent=228464"}],"wp:term":[{"taxonomy":"pwb-brand","embeddable":true,"href":"https:\/\/www.tendenzeshabbychic.it\/es\/wp-json\/wp\/v2\/pwb-brand?post=228464"},{"taxonomy":"product_brand","embeddable":true,"href":"https:\/\/www.tendenzeshabbychic.it\/es\/wp-json\/wp\/v2\/product_brand?post=228464"},{"taxonomy":"product_cat","embeddable":true,"href":"https:\/\/www.tendenzeshabbychic.it\/es\/wp-json\/wp\/v2\/product_cat?post=228464"},{"taxonomy":"product_tag","embeddable":true,"href":"https:\/\/www.tendenzeshabbychic.it\/es\/wp-json\/wp\/v2\/product_tag?post=228464"}],"curies":[{"name":"wp","href":"https:\/\/api.w.org\/{rel}","templated":true}]}}