{"id":228319,"date":"2026-01-22T09:00:39","date_gmt":"2026-01-22T08:00:39","guid":{"rendered":"https:\/\/www.tendenzeshabbychic.it\/prodotto\/edg-rama-de-enkianthus-rosa-empolvado-con-hojas-h82-cm\/"},"modified":"2026-01-22T09:00:39","modified_gmt":"2026-01-22T08:00:39","slug":"edg-rama-de-enkianthus-rosa-empolvado-con-hojas-h82-cm","status":"publish","type":"product","link":"https:\/\/www.tendenzeshabbychic.it\/es\/producto\/edg-rama-de-enkianthus-rosa-empolvado-con-hojas-h82-cm\/","title":{"rendered":"EDG Rama de Enkianthus rosa empolvado con hojas H82 cm"},"content":{"rendered":"<p>Esta rama de Enkianthus de Enzo de Gasperi llama la atenci\u00f3n por su discreta elegancia y su representaci\u00f3n extremadamente realista. El esbelto tallo sostiene tres racimos de flores colgantes con p\u00e9talos de color rosa empolvado con ligeros matices crema, de delicada textura mate. Las hojas verdes, bien distribuidas a lo largo de la rama, presentan una forma natural y un tono fresco que realza el conjunto. Perfecta para enriquecer jarrones de cristal o cer\u00e1mica, aporta un toque primaveral y refinado a los ambientes Shabby Chic, cl\u00e1sicos o rom\u00e1nticos.   <\/p>\n<p><strong>Ideas y calidad del mobiliario<\/strong><\/p>\n<ul>\n<li>Colgante de flores rosa empolvado con efecto natural<\/li>\n<li>Hojas verdes realistas y bien proporcionadas<\/li>\n<li>Ideal para jarrones altos o arreglos florales elegantes<\/li>\n<li>Perfecto para salones, entradas y dormitorios<\/li>\n<li>Decoraci\u00f3n duradera y sin mantenimiento<\/li>\n<\/ul>\n","protected":false},"excerpt":{"rendered":"<p>Rama artificial de Enkianthus con tres flores colgantes rosa empolvado y hojas verdes frescas. Elegante y natural, ideal para macetas altas. <\/p>\n<p>\ud83d\udccf H 82 cm<\/p>\n","protected":false},"featured_media":228254,"comment_status":"open","ping_status":"closed","template":"","meta":{"_joinchat":[]},"pwb-brand":[2084],"product_brand":[],"product_cat":[2773,2387],"product_tag":[3432],"class_list":{"0":"post-228319","1":"product","2":"type-product","3":"status-publish","4":"has-post-thumbnail","6":"pwb-brand-edg-enzo-de-gasperi","7":"product_cat-flores-en-maceta","8":"product_cat-flores-y-plantas-artificiales","9":"product_tag-arbol-de-pascua","11":"first","12":"instock","13":"taxable","14":"shipping-taxable","15":"purchasable","16":"product-type-simple"},"brands":[{"id":2084,"name":"EDG - Enzo De Gasperi","slug":"edg-enzo-de-gasperi"}],"_links":{"self":[{"href":"https:\/\/www.tendenzeshabbychic.it\/es\/wp-json\/wp\/v2\/product\/228319","targetHints":{"allow":["GET"]}}],"collection":[{"href":"https:\/\/www.tendenzeshabbychic.it\/es\/wp-json\/wp\/v2\/product"}],"about":[{"href":"https:\/\/www.tendenzeshabbychic.it\/es\/wp-json\/wp\/v2\/types\/product"}],"replies":[{"embeddable":true,"href":"https:\/\/www.tendenzeshabbychic.it\/es\/wp-json\/wp\/v2\/comments?post=228319"}],"wp:featuredmedia":[{"embeddable":true,"href":"https:\/\/www.tendenzeshabbychic.it\/es\/wp-json\/wp\/v2\/media\/228254"}],"wp:attachment":[{"href":"https:\/\/www.tendenzeshabbychic.it\/es\/wp-json\/wp\/v2\/media?parent=228319"}],"wp:term":[{"taxonomy":"pwb-brand","embeddable":true,"href":"https:\/\/www.tendenzeshabbychic.it\/es\/wp-json\/wp\/v2\/pwb-brand?post=228319"},{"taxonomy":"product_brand","embeddable":true,"href":"https:\/\/www.tendenzeshabbychic.it\/es\/wp-json\/wp\/v2\/product_brand?post=228319"},{"taxonomy":"product_cat","embeddable":true,"href":"https:\/\/www.tendenzeshabbychic.it\/es\/wp-json\/wp\/v2\/product_cat?post=228319"},{"taxonomy":"product_tag","embeddable":true,"href":"https:\/\/www.tendenzeshabbychic.it\/es\/wp-json\/wp\/v2\/product_tag?post=228319"}],"curies":[{"name":"wp","href":"https:\/\/api.w.org\/{rel}","templated":true}]}}