{"id":228290,"date":"2026-01-22T09:00:44","date_gmt":"2026-01-22T08:00:44","guid":{"rendered":"https:\/\/www.tendenzeshabbychic.it\/prodotto\/edg-lavanda-scabiosa-ramo-6-flores-h-66-cm\/"},"modified":"2026-01-22T09:00:44","modified_gmt":"2026-01-22T08:00:44","slug":"edg-lavanda-scabiosa-ramo-6-flores-h-66-cm","status":"publish","type":"product","link":"https:\/\/www.tendenzeshabbychic.it\/es\/producto\/edg-lavanda-scabiosa-ramo-6-flores-h-66-cm\/","title":{"rendered":"EDG Lavanda Scabiosa Ramo 6 Flores H 66 cm"},"content":{"rendered":"<p>La rama de scabiosa Enzo de Gasperi de color lavanda es una flor artificial de elegancia natural y sabor rom\u00e1ntico. Las seis flores, reunidas en ligeras esferas, tienen esbeltos p\u00e9talos con tonos lavanda y un centro claro, realzado por un delicado veteado que realza su realismo.<br \/>\nEl esbelto tallo tiene un n\u00facleo met\u00e1lico interior, que te permite dar forma a la rama y orientarla seg\u00fan tus necesidades decorativas. Fabricada en pl\u00e1stico de calidad, es ideal para jarrones altos, arreglos mixtos o arreglos shabby Chic y primaverales, manteniendo su belleza a lo largo del tiempo sin necesidad de mantenimiento.  <\/p>\n<p><strong>Ideas y calidad del mobiliario<\/strong><\/p>\n<ul>\n<li>Seis flores de color lavanda con delicados matices<\/li>\n<li>V\u00e1stago flexible con n\u00facleo met\u00e1lico moldeable<\/li>\n<li>Efecto ligero y natural, muy decorativo<\/li>\n<li>Ideal para jarrones altos o ramos de colores pastel<\/li>\n<li>Perfecto en combinaci\u00f3n con flores artificiales EDG neutras o blancas<\/li>\n<\/ul>\n","protected":false},"excerpt":{"rendered":"<p>Rama artificial de scabiosa de color lavanda con seis delicadas flores. Refinada y moldeable, perfecta para composiciones elegantes. <\/p>\n<p>\ud83d\udccf H 66 cm<\/p>\n","protected":false},"featured_media":228259,"comment_status":"open","ping_status":"closed","template":"","meta":{"_joinchat":[]},"pwb-brand":[2084],"product_brand":[],"product_cat":[2773,2387],"product_tag":[],"class_list":{"0":"post-228290","1":"product","2":"type-product","3":"status-publish","4":"has-post-thumbnail","6":"pwb-brand-edg-enzo-de-gasperi","7":"product_cat-flores-en-maceta","8":"product_cat-flores-y-plantas-artificiales","10":"first","11":"instock","12":"taxable","13":"shipping-taxable","14":"purchasable","15":"product-type-simple"},"brands":[{"id":2084,"name":"EDG - Enzo De Gasperi","slug":"edg-enzo-de-gasperi"}],"_links":{"self":[{"href":"https:\/\/www.tendenzeshabbychic.it\/es\/wp-json\/wp\/v2\/product\/228290","targetHints":{"allow":["GET"]}}],"collection":[{"href":"https:\/\/www.tendenzeshabbychic.it\/es\/wp-json\/wp\/v2\/product"}],"about":[{"href":"https:\/\/www.tendenzeshabbychic.it\/es\/wp-json\/wp\/v2\/types\/product"}],"replies":[{"embeddable":true,"href":"https:\/\/www.tendenzeshabbychic.it\/es\/wp-json\/wp\/v2\/comments?post=228290"}],"wp:featuredmedia":[{"embeddable":true,"href":"https:\/\/www.tendenzeshabbychic.it\/es\/wp-json\/wp\/v2\/media\/228259"}],"wp:attachment":[{"href":"https:\/\/www.tendenzeshabbychic.it\/es\/wp-json\/wp\/v2\/media?parent=228290"}],"wp:term":[{"taxonomy":"pwb-brand","embeddable":true,"href":"https:\/\/www.tendenzeshabbychic.it\/es\/wp-json\/wp\/v2\/pwb-brand?post=228290"},{"taxonomy":"product_brand","embeddable":true,"href":"https:\/\/www.tendenzeshabbychic.it\/es\/wp-json\/wp\/v2\/product_brand?post=228290"},{"taxonomy":"product_cat","embeddable":true,"href":"https:\/\/www.tendenzeshabbychic.it\/es\/wp-json\/wp\/v2\/product_cat?post=228290"},{"taxonomy":"product_tag","embeddable":true,"href":"https:\/\/www.tendenzeshabbychic.it\/es\/wp-json\/wp\/v2\/product_tag?post=228290"}],"curies":[{"name":"wp","href":"https:\/\/api.w.org\/{rel}","templated":true}]}}