{"id":228206,"date":"2026-01-22T09:03:34","date_gmt":"2026-01-22T08:03:34","guid":{"rendered":"https:\/\/www.tendenzeshabbychic.it\/prodotto\/edg-planta-narciso-x12-con-jarron-h-34-cm\/"},"modified":"2026-01-22T09:03:34","modified_gmt":"2026-01-22T08:03:34","slug":"edg-planta-narciso-x12-con-jarron-h-34-cm","status":"publish","type":"product","link":"https:\/\/www.tendenzeshabbychic.it\/es\/producto\/edg-planta-narciso-x12-con-jarron-h-34-cm\/","title":{"rendered":"EDG Planta narciso x12 con jarr\u00f3n H 34 cm"},"content":{"rendered":"<p>Este elegante arreglo de narcisos de Enzo de Gasperi reproduce con realismo 12 flores de suaves p\u00e9talos blancos, rematadas con una trompeta central de color amarillo intenso ligeramente matizado. Las largas y esbeltas hojas en verde natural crean movimiento y verticalidad, haciendo que el conjunto resulte armonioso y refinado.<br \/>\nEl jarr\u00f3n cil\u00edndrico negro mate, sencillo y moderno, sostiene la base con un efecto de tierra natural y ra\u00edces decorativas visibles, un detalle que aumenta el realismo de la composici\u00f3n. Ideal para interiores, da un toque brillante y primaveral sin necesidad de mantenimiento.  <\/p>\n<p>Perfecto en mesas de centro, estanter\u00edas, consolas o como discreto pero elegante centro de mesa.<\/p>\n<p><strong>Ideas y calidad del mobiliario<\/strong><\/p>\n<ul>\n<li>Flores blancas con un centro amarillo para un contraste brillante<\/li>\n<li>Hojas esbeltas de aspecto natural<\/li>\n<li>Jarr\u00f3n negro mate con un dise\u00f1o limpio y contempor\u00e1neo<\/li>\n<li>Base con efecto tierra y ra\u00edces decorativas<\/li>\n<li>Ideal para ambientes Shabby Chic, modernos o minimalistas<\/li>\n<\/ul>\n","protected":false},"excerpt":{"rendered":"<p>Arreglo de 12 narcisos artificiales EDG con flores blancas y centro amarillo, completado con un jarr\u00f3n negro mate con un dise\u00f1o esencial.<\/p>\n<p>\ud83d\udccf Alto 34 x Ancho 10 x Fondo 10 cm<\/p>\n","protected":false},"featured_media":228175,"comment_status":"open","ping_status":"closed","template":"","meta":{"_joinchat":[]},"pwb-brand":[2084],"product_brand":[],"product_cat":[2773,2387],"product_tag":[],"class_list":{"0":"post-228206","1":"product","2":"type-product","3":"status-publish","4":"has-post-thumbnail","6":"pwb-brand-edg-enzo-de-gasperi","7":"product_cat-flores-en-maceta","8":"product_cat-flores-y-plantas-artificiales","10":"first","11":"instock","12":"taxable","13":"shipping-taxable","14":"purchasable","15":"product-type-simple"},"brands":[{"id":2084,"name":"EDG - Enzo De Gasperi","slug":"edg-enzo-de-gasperi"}],"_links":{"self":[{"href":"https:\/\/www.tendenzeshabbychic.it\/es\/wp-json\/wp\/v2\/product\/228206","targetHints":{"allow":["GET"]}}],"collection":[{"href":"https:\/\/www.tendenzeshabbychic.it\/es\/wp-json\/wp\/v2\/product"}],"about":[{"href":"https:\/\/www.tendenzeshabbychic.it\/es\/wp-json\/wp\/v2\/types\/product"}],"replies":[{"embeddable":true,"href":"https:\/\/www.tendenzeshabbychic.it\/es\/wp-json\/wp\/v2\/comments?post=228206"}],"wp:featuredmedia":[{"embeddable":true,"href":"https:\/\/www.tendenzeshabbychic.it\/es\/wp-json\/wp\/v2\/media\/228175"}],"wp:attachment":[{"href":"https:\/\/www.tendenzeshabbychic.it\/es\/wp-json\/wp\/v2\/media?parent=228206"}],"wp:term":[{"taxonomy":"pwb-brand","embeddable":true,"href":"https:\/\/www.tendenzeshabbychic.it\/es\/wp-json\/wp\/v2\/pwb-brand?post=228206"},{"taxonomy":"product_brand","embeddable":true,"href":"https:\/\/www.tendenzeshabbychic.it\/es\/wp-json\/wp\/v2\/product_brand?post=228206"},{"taxonomy":"product_cat","embeddable":true,"href":"https:\/\/www.tendenzeshabbychic.it\/es\/wp-json\/wp\/v2\/product_cat?post=228206"},{"taxonomy":"product_tag","embeddable":true,"href":"https:\/\/www.tendenzeshabbychic.it\/es\/wp-json\/wp\/v2\/product_tag?post=228206"}],"curies":[{"name":"wp","href":"https:\/\/api.w.org\/{rel}","templated":true}]}}