{"id":228139,"date":"2026-02-04T10:08:26","date_gmt":"2026-02-04T09:08:26","guid":{"rendered":"https:\/\/www.tendenzeshabbychic.it\/prodotto\/guirnalda-de-nacimiento-osito-ternura-rosa-o35-cm\/"},"modified":"2026-02-04T10:08:26","modified_gmt":"2026-02-04T09:08:26","slug":"guirnalda-de-nacimiento-osito-ternura-rosa-o35-cm","status":"publish","type":"product","link":"https:\/\/www.tendenzeshabbychic.it\/es\/producto\/guirnalda-de-nacimiento-osito-ternura-rosa-o35-cm\/","title":{"rendered":"Guirnalda de Nacimiento Osito Ternura Rosa \u00d835 cm"},"content":{"rendered":"<p>La guirnalda floral Teddy Madame Ternura combina una corona de flores decorativas en tonos rosa y crema con un lazo rosa de presencia suave y armoniosa. Un conjunto delicado con detalles visibles de estilo Shabby Chic. <\/p>\n<p>Ideal para un nacimiento, da un toque acogedor a la entrada de casa o al cuarto de los ni\u00f1os y puede convertirse en un recuerdo que atesorar con el paso del tiempo. Hecha a mano en Italia, est\u00e1 pensada para los amantes de las decoraciones de car\u00e1cter rom\u00e1ntico y comedido. <\/p>\n<ul>\n<li>Di\u00e1metro 35 cm<\/li>\n<li>L\u00ednea de ternura de Teddy<\/li>\n<li>Corona floral en tonos rosa y crema, seg\u00fan imagen<\/li>\n<li>Gran lazo rosa, elemento central de la composici\u00f3n<\/li>\n<li>Hecho a mano en Italia, firmado Madame Fiocc\u00f2<\/li>\n<\/ul>\n<p><em>Cada creaci\u00f3n de Madame Fiocc\u00f2 est\u00e1 hecha a mano en Italia. Por este motivo, es posible que se produzcan peque\u00f1as variaciones con respecto a las fotos, que deben considerarse parte del valor artesanal del producto, no un defecto. <\/em><\/p>\n","protected":false},"excerpt":{"rendered":"<p>Guirnalda floral de nacimiento Teddy, <strong>de 35 cm de di\u00e1metro<\/strong>, con un gran lazo rosa.<\/p>\n<p>Un rom\u00e1ntico detalle decorativo, hecho a mano en Italia, pensado para dar la bienvenida a un reci\u00e9n llegado.<\/p>\n","protected":false},"featured_media":228118,"comment_status":"open","ping_status":"closed","template":"","meta":{"_joinchat":[]},"pwb-brand":[3436],"product_brand":[],"product_cat":[2396,2318],"product_tag":[3439,3442,2172,2259],"class_list":{"0":"post-228139","1":"product","2":"type-product","3":"status-publish","4":"has-post-thumbnail","6":"pwb-brand-madame-fiocco","7":"product_cat-objetos","8":"product_cat-favores","9":"product_tag-decoraciones-colgantes","10":"product_tag-decoraciones-para-baby-shower-y-nacimiento","11":"product_tag-escama","12":"product_tag-made-in-italy-es","14":"first","15":"instock","16":"taxable","17":"shipping-taxable","18":"purchasable","19":"product-type-simple"},"brands":[{"id":3436,"name":"Madame Fiocc\u00f2","slug":"madame-fiocco"}],"_links":{"self":[{"href":"https:\/\/www.tendenzeshabbychic.it\/es\/wp-json\/wp\/v2\/product\/228139","targetHints":{"allow":["GET"]}}],"collection":[{"href":"https:\/\/www.tendenzeshabbychic.it\/es\/wp-json\/wp\/v2\/product"}],"about":[{"href":"https:\/\/www.tendenzeshabbychic.it\/es\/wp-json\/wp\/v2\/types\/product"}],"replies":[{"embeddable":true,"href":"https:\/\/www.tendenzeshabbychic.it\/es\/wp-json\/wp\/v2\/comments?post=228139"}],"wp:featuredmedia":[{"embeddable":true,"href":"https:\/\/www.tendenzeshabbychic.it\/es\/wp-json\/wp\/v2\/media\/228118"}],"wp:attachment":[{"href":"https:\/\/www.tendenzeshabbychic.it\/es\/wp-json\/wp\/v2\/media?parent=228139"}],"wp:term":[{"taxonomy":"pwb-brand","embeddable":true,"href":"https:\/\/www.tendenzeshabbychic.it\/es\/wp-json\/wp\/v2\/pwb-brand?post=228139"},{"taxonomy":"product_brand","embeddable":true,"href":"https:\/\/www.tendenzeshabbychic.it\/es\/wp-json\/wp\/v2\/product_brand?post=228139"},{"taxonomy":"product_cat","embeddable":true,"href":"https:\/\/www.tendenzeshabbychic.it\/es\/wp-json\/wp\/v2\/product_cat?post=228139"},{"taxonomy":"product_tag","embeddable":true,"href":"https:\/\/www.tendenzeshabbychic.it\/es\/wp-json\/wp\/v2\/product_tag?post=228139"}],"curies":[{"name":"wp","href":"https:\/\/api.w.org\/{rel}","templated":true}]}}