{"id":228087,"date":"2026-02-24T09:28:07","date_gmt":"2026-02-24T08:28:07","guid":{"rendered":"https:\/\/www.tendenzeshabbychic.it\/prodotto\/lazo-plumin-sueno-de-primavera-beige-h-80-cm\/"},"modified":"2026-02-10T12:21:30","modified_gmt":"2026-02-10T11:21:30","slug":"lazo-plumin-sueno-de-primavera-beige-h-80-cm","status":"publish","type":"product","link":"https:\/\/www.tendenzeshabbychic.it\/es\/producto\/lazo-plumin-sueno-de-primavera-beige-h-80-cm\/","title":{"rendered":"Madame Fiocco Sogno di Primavera beige h 80 cm"},"content":{"rendered":"<p>El lazo beige h 80 Sue\u00f1o de Primavera es una decoraci\u00f3n con una paleta natural, donde el beige c\u00e1lido se encuentra con cintas claras y una composici\u00f3n floral brillante con toques verdes. El pandero decorativo con estampado floral se convierte en el punto focal, complementado por detalles de apliques que mantienen el conjunto armonioso y delicado. <\/p>\n<p>Hecho a mano en Italia por Madame Fiocc\u00f2, est\u00e1 pensado para los amantes del estilo Shabby Chic esencial, de tonos suaves y detalles cuidados. Al ser un producto artesanal, puede presentar ligeras diferencias respecto a las fotos: no deben considerarse un defecto, sino una caracter\u00edstica de la elaboraci\u00f3n manual. <\/p>\n<ul>\n<li>Alto 80cm<\/li>\n<li>L\u00ednea Spring Dream en beige<\/li>\n<li>Pandereta decorativa con estampado floral<\/li>\n<li>Arreglo floral decorativo en tonos claros con verde<\/li>\n<li>Largas cintas en cascada para un efecto suave<\/li>\n<\/ul>\n<p><em>Cada creaci\u00f3n de Madame Fiocc\u00f2 est\u00e1 hecha a mano en Italia. Por este motivo, es posible que se produzcan peque\u00f1as variaciones con respecto a las fotos, que deben considerarse parte del valor artesanal del producto, no un defecto. <\/em><\/p>\n","protected":false},"excerpt":{"rendered":"<p>Lazo decorativo Madame Fiocc\u00f2 Sogno di Primavera en tono beige, de 80 cm de altura, con cintas en cascada de color claro.<\/p>\n<p>Enriquecido con composici\u00f3n floral marfil y verde y pandereta decorativa con estampado floral.<\/p>\n<p>Hecho a mano en Italia.<\/p>\n","protected":false},"featured_media":228082,"comment_status":"open","ping_status":"closed","template":"","meta":{"_joinchat":[]},"pwb-brand":[3436],"product_brand":[],"product_cat":[2396],"product_tag":[3439,2172,2259],"class_list":{"0":"post-228087","1":"product","2":"type-product","3":"status-publish","4":"has-post-thumbnail","6":"pwb-brand-madame-fiocco","7":"product_cat-objetos","8":"product_tag-decoraciones-colgantes","9":"product_tag-escama","10":"product_tag-made-in-italy-es","12":"first","13":"instock","14":"taxable","15":"shipping-taxable","16":"purchasable","17":"product-type-simple"},"brands":[{"id":3436,"name":"Madame Fiocc\u00f2","slug":"madame-fiocco"}],"_links":{"self":[{"href":"https:\/\/www.tendenzeshabbychic.it\/es\/wp-json\/wp\/v2\/product\/228087","targetHints":{"allow":["GET"]}}],"collection":[{"href":"https:\/\/www.tendenzeshabbychic.it\/es\/wp-json\/wp\/v2\/product"}],"about":[{"href":"https:\/\/www.tendenzeshabbychic.it\/es\/wp-json\/wp\/v2\/types\/product"}],"replies":[{"embeddable":true,"href":"https:\/\/www.tendenzeshabbychic.it\/es\/wp-json\/wp\/v2\/comments?post=228087"}],"wp:featuredmedia":[{"embeddable":true,"href":"https:\/\/www.tendenzeshabbychic.it\/es\/wp-json\/wp\/v2\/media\/228082"}],"wp:attachment":[{"href":"https:\/\/www.tendenzeshabbychic.it\/es\/wp-json\/wp\/v2\/media?parent=228087"}],"wp:term":[{"taxonomy":"pwb-brand","embeddable":true,"href":"https:\/\/www.tendenzeshabbychic.it\/es\/wp-json\/wp\/v2\/pwb-brand?post=228087"},{"taxonomy":"product_brand","embeddable":true,"href":"https:\/\/www.tendenzeshabbychic.it\/es\/wp-json\/wp\/v2\/product_brand?post=228087"},{"taxonomy":"product_cat","embeddable":true,"href":"https:\/\/www.tendenzeshabbychic.it\/es\/wp-json\/wp\/v2\/product_cat?post=228087"},{"taxonomy":"product_tag","embeddable":true,"href":"https:\/\/www.tendenzeshabbychic.it\/es\/wp-json\/wp\/v2\/product_tag?post=228087"}],"curies":[{"name":"wp","href":"https:\/\/api.w.org\/{rel}","templated":true}]}}