{"id":227894,"date":"2026-02-04T10:00:13","date_gmt":"2026-02-04T09:00:13","guid":{"rendered":"https:\/\/www.tendenzeshabbychic.it\/prodotto\/cinta-de-nacimiento-rosa-romantica-h-55-cm\/"},"modified":"2026-02-04T10:00:13","modified_gmt":"2026-02-04T09:00:13","slug":"cinta-de-nacimiento-rosa-romantica-h-55-cm","status":"publish","type":"product","link":"https:\/\/www.tendenzeshabbychic.it\/es\/producto\/cinta-de-nacimiento-rosa-romantica-h-55-cm\/","title":{"rendered":"Cinta de nacimiento rosa rom\u00e1ntica H 55 cm"},"content":{"rendered":"<p>El Copo Rosa Rom\u00e1ntico Madame Fiocc\u00f2 se distingue por sus amplios y armoniosos pliegues y su suave tono rosa. Un accesorio decorativo de estilo rom\u00e1ntico, hecho a mano en Italia, pensado para ambientes shabby chic y arreglos reflexivos. <\/p>\n<p>Ideal como lazo de nacimiento, cuelga de su cinta y da un acogedor acento a la entrada de tu casa o habitaci\u00f3n infantil. Una elecci\u00f3n refinada tambi\u00e9n como regalo, para acompa\u00f1ar un momento especial con sencillez y elegancia. <\/p>\n<ul>\n<li>55 cm de altura, efecto esc\u00e9nico y muy visible<\/li>\n<li>Delicado color rosa, adecuado para decoraciones rom\u00e1nticas<\/li>\n<li>Estilo rom\u00e1ntico en armon\u00eda con los ambientes Shabby Chic<\/li>\n<li>Hecho a mano en Italia<\/li>\n<li>Para colgar con cinta, listo para montar<\/li>\n<\/ul>\n<p><em>Cada creaci\u00f3n de Madame Fiocc\u00f2 est\u00e1 hecha a mano en Italia. Por este motivo, es posible que se produzcan peque\u00f1as variaciones con respecto a las fotos, que deben considerarse parte del valor artesanal del producto, no un defecto. <\/em><\/p>\n","protected":false},"excerpt":{"rendered":"<p>Rom\u00e1ntico Madame Fiocco rosa, de 55 cm de altura, dise\u00f1ado para celebrar un nacimiento con un delicado detalle.<\/p>\n<p>Volumen suave y presencia decorativa, ideal como lazo de nacimiento para colgar.<\/p>\n","protected":false},"featured_media":227890,"comment_status":"open","ping_status":"closed","template":"","meta":{"_joinchat":[]},"pwb-brand":[3436],"product_brand":[],"product_cat":[2396,2318],"product_tag":[3439,3442,2172,2259],"class_list":{"0":"post-227894","1":"product","2":"type-product","3":"status-publish","4":"has-post-thumbnail","6":"pwb-brand-madame-fiocco","7":"product_cat-objetos","8":"product_cat-favores","9":"product_tag-decoraciones-colgantes","10":"product_tag-decoraciones-para-baby-shower-y-nacimiento","11":"product_tag-escama","12":"product_tag-made-in-italy-es","14":"first","15":"instock","16":"taxable","17":"shipping-taxable","18":"purchasable","19":"product-type-simple"},"brands":[{"id":3436,"name":"Madame Fiocc\u00f2","slug":"madame-fiocco"}],"_links":{"self":[{"href":"https:\/\/www.tendenzeshabbychic.it\/es\/wp-json\/wp\/v2\/product\/227894","targetHints":{"allow":["GET"]}}],"collection":[{"href":"https:\/\/www.tendenzeshabbychic.it\/es\/wp-json\/wp\/v2\/product"}],"about":[{"href":"https:\/\/www.tendenzeshabbychic.it\/es\/wp-json\/wp\/v2\/types\/product"}],"replies":[{"embeddable":true,"href":"https:\/\/www.tendenzeshabbychic.it\/es\/wp-json\/wp\/v2\/comments?post=227894"}],"wp:featuredmedia":[{"embeddable":true,"href":"https:\/\/www.tendenzeshabbychic.it\/es\/wp-json\/wp\/v2\/media\/227890"}],"wp:attachment":[{"href":"https:\/\/www.tendenzeshabbychic.it\/es\/wp-json\/wp\/v2\/media?parent=227894"}],"wp:term":[{"taxonomy":"pwb-brand","embeddable":true,"href":"https:\/\/www.tendenzeshabbychic.it\/es\/wp-json\/wp\/v2\/pwb-brand?post=227894"},{"taxonomy":"product_brand","embeddable":true,"href":"https:\/\/www.tendenzeshabbychic.it\/es\/wp-json\/wp\/v2\/product_brand?post=227894"},{"taxonomy":"product_cat","embeddable":true,"href":"https:\/\/www.tendenzeshabbychic.it\/es\/wp-json\/wp\/v2\/product_cat?post=227894"},{"taxonomy":"product_tag","embeddable":true,"href":"https:\/\/www.tendenzeshabbychic.it\/es\/wp-json\/wp\/v2\/product_tag?post=227894"}],"curies":[{"name":"wp","href":"https:\/\/api.w.org\/{rel}","templated":true}]}}