{"id":227483,"date":"2026-02-03T04:01:01","date_gmt":"2026-02-03T03:01:01","guid":{"rendered":"https:\/\/www.tendenzeshabbychic.it\/prodotto\/nuvole-di-stoffa-racimo-hortensia-rosa-antiguo-82-cm\/"},"modified":"2026-02-03T04:01:01","modified_gmt":"2026-02-03T03:01:01","slug":"nuvole-di-stoffa-racimo-hortensia-rosa-antiguo-82-cm","status":"publish","type":"product","link":"https:\/\/www.tendenzeshabbychic.it\/es\/producto\/nuvole-di-stoffa-racimo-hortensia-rosa-antiguo-82-cm\/","title":{"rendered":"Nuvole di Stoffa Racimo Hortensia Rosa Antiguo 82 cm"},"content":{"rendered":"<p>Elegante y rom\u00e1ntica, la hortensia rosa antiguo da inmediatamente volumen y encanto: el racimo lleno de p\u00e9talos sombreados crea un sofisticado foco de atenci\u00f3n, perfecto sobre una consola, una mesa de comedor o un recibidor. Sola es dram\u00e1tica, en una mezcla con verdes y flores tono sobre tono se convierte en una composici\u00f3n \u00abboutique\u00bb. <\/p>\n<ul>\n<li>Racimo rico y voluminoso<\/li>\n<li>Tonos rosa empolvado\/melocot\u00f3n muy chic<\/li>\n<li>Hojas con venas realistas<\/li>\n<li>Tallo largo ideal para macetas altas<\/li>\n<\/ul>\n","protected":false},"excerpt":{"rendered":"<p>Rama de hortensia agrupada de color rosa antiguo, con muchas corolas peque\u00f1as y suaves de efecto natural, matizadas entre empolvado y melocot\u00f3n. Hojas verdes realistas con venas en relieve y borde ligeramente dentado; tallo largo de color madera para jarrones altos y arreglos importantes. <\/p>\n<p><strong>Dimensiones:<\/strong> H 82 cm<\/p>\n","protected":false},"featured_media":227476,"comment_status":"open","ping_status":"closed","template":"","meta":{"_joinchat":[]},"pwb-brand":[2090],"product_brand":[],"product_cat":[2773,2387],"product_tag":[3402],"class_list":{"0":"post-227483","1":"product","2":"type-product","3":"status-publish","4":"has-post-thumbnail","6":"pwb-brand-nuvole-di-stoffa-es","7":"product_cat-flores-en-maceta","8":"product_cat-flores-y-plantas-artificiales","9":"product_tag-colleccion-fiorira","11":"first","12":"instock","13":"taxable","14":"shipping-taxable","15":"purchasable","16":"product-type-simple"},"brands":[{"id":2090,"name":"Nuvole di Stoffa","slug":"nuvole-di-stoffa-es"}],"_links":{"self":[{"href":"https:\/\/www.tendenzeshabbychic.it\/es\/wp-json\/wp\/v2\/product\/227483","targetHints":{"allow":["GET"]}}],"collection":[{"href":"https:\/\/www.tendenzeshabbychic.it\/es\/wp-json\/wp\/v2\/product"}],"about":[{"href":"https:\/\/www.tendenzeshabbychic.it\/es\/wp-json\/wp\/v2\/types\/product"}],"replies":[{"embeddable":true,"href":"https:\/\/www.tendenzeshabbychic.it\/es\/wp-json\/wp\/v2\/comments?post=227483"}],"wp:featuredmedia":[{"embeddable":true,"href":"https:\/\/www.tendenzeshabbychic.it\/es\/wp-json\/wp\/v2\/media\/227476"}],"wp:attachment":[{"href":"https:\/\/www.tendenzeshabbychic.it\/es\/wp-json\/wp\/v2\/media?parent=227483"}],"wp:term":[{"taxonomy":"pwb-brand","embeddable":true,"href":"https:\/\/www.tendenzeshabbychic.it\/es\/wp-json\/wp\/v2\/pwb-brand?post=227483"},{"taxonomy":"product_brand","embeddable":true,"href":"https:\/\/www.tendenzeshabbychic.it\/es\/wp-json\/wp\/v2\/product_brand?post=227483"},{"taxonomy":"product_cat","embeddable":true,"href":"https:\/\/www.tendenzeshabbychic.it\/es\/wp-json\/wp\/v2\/product_cat?post=227483"},{"taxonomy":"product_tag","embeddable":true,"href":"https:\/\/www.tendenzeshabbychic.it\/es\/wp-json\/wp\/v2\/product_tag?post=227483"}],"curies":[{"name":"wp","href":"https:\/\/api.w.org\/{rel}","templated":true}]}}