{"id":227375,"date":"2026-02-03T12:40:01","date_gmt":"2026-02-03T11:40:01","guid":{"rendered":"https:\/\/www.tendenzeshabbychic.it\/prodotto\/nuvole-di-stoffa-silueta-manojo-de-flores-h-31-cm\/"},"modified":"2026-02-03T12:40:01","modified_gmt":"2026-02-03T11:40:01","slug":"nuvole-di-stoffa-silueta-manojo-de-flores-h-31-cm","status":"publish","type":"product","link":"https:\/\/www.tendenzeshabbychic.it\/es\/producto\/nuvole-di-stoffa-silueta-manojo-de-flores-h-31-cm\/","title":{"rendered":"Nuvole di Stoffa Silueta Manojo de Flores h 31 cm"},"content":{"rendered":"<p>Un peque\u00f1o gesto rom\u00e1ntico que decora: silueta de metal con textura punteada y p\u00e1tina vintage, sobre una <strong>base redonda<\/strong> estable. La silueta con un ramo de flores es perfecta sobre consolas, estanter\u00edas o en el dormitorio, junto a velas y libros, para un rinc\u00f3n inmediatamente \u00abcuidado\u00bb y luminoso. <\/p>\n<ul>\n<li>Metal efecto envejecido<\/li>\n<li>Delicado detalle de ramo de flores<\/li>\n<li>Base estable<\/li>\n<li>Elegante estilo Shabby Chic<\/li>\n<li>Ideal para composiciones d\u00e9co<\/li>\n<\/ul>\n","protected":false},"excerpt":{"rendered":"<p>Silueta <strong>met\u00e1lica<\/strong> decorativa de pie: perfil femenino con vestido largo y <strong>ramo de flores<\/strong> en los brazos. El acabado <strong>punteado beige\/marfil<\/strong> con delicado efecto <strong>envejecido<\/strong> confiere de inmediato una sobria y refinada elegancia Shabby Chic. <\/p>\n<p><strong>Dimensiones:<\/strong> 18 x 12 x 31 cm<\/p>\n","protected":false},"featured_media":227369,"comment_status":"open","ping_status":"closed","template":"","meta":{"_joinchat":[]},"pwb-brand":[2090],"product_brand":[],"product_cat":[2396],"product_tag":[3402,2941,2205],"class_list":{"0":"post-227375","1":"product","2":"type-product","3":"status-publish","4":"has-post-thumbnail","6":"pwb-brand-nuvole-di-stoffa-es","7":"product_cat-objetos","8":"product_tag-colleccion-fiorira","9":"product_tag-jardin-es","10":"product_tag-patina-vintage-es","12":"first","13":"instock","14":"taxable","15":"shipping-taxable","16":"purchasable","17":"product-type-simple"},"brands":[{"id":2090,"name":"Nuvole di Stoffa","slug":"nuvole-di-stoffa-es"}],"_links":{"self":[{"href":"https:\/\/www.tendenzeshabbychic.it\/es\/wp-json\/wp\/v2\/product\/227375","targetHints":{"allow":["GET"]}}],"collection":[{"href":"https:\/\/www.tendenzeshabbychic.it\/es\/wp-json\/wp\/v2\/product"}],"about":[{"href":"https:\/\/www.tendenzeshabbychic.it\/es\/wp-json\/wp\/v2\/types\/product"}],"replies":[{"embeddable":true,"href":"https:\/\/www.tendenzeshabbychic.it\/es\/wp-json\/wp\/v2\/comments?post=227375"}],"wp:featuredmedia":[{"embeddable":true,"href":"https:\/\/www.tendenzeshabbychic.it\/es\/wp-json\/wp\/v2\/media\/227369"}],"wp:attachment":[{"href":"https:\/\/www.tendenzeshabbychic.it\/es\/wp-json\/wp\/v2\/media?parent=227375"}],"wp:term":[{"taxonomy":"pwb-brand","embeddable":true,"href":"https:\/\/www.tendenzeshabbychic.it\/es\/wp-json\/wp\/v2\/pwb-brand?post=227375"},{"taxonomy":"product_brand","embeddable":true,"href":"https:\/\/www.tendenzeshabbychic.it\/es\/wp-json\/wp\/v2\/product_brand?post=227375"},{"taxonomy":"product_cat","embeddable":true,"href":"https:\/\/www.tendenzeshabbychic.it\/es\/wp-json\/wp\/v2\/product_cat?post=227375"},{"taxonomy":"product_tag","embeddable":true,"href":"https:\/\/www.tendenzeshabbychic.it\/es\/wp-json\/wp\/v2\/product_tag?post=227375"}],"curies":[{"name":"wp","href":"https:\/\/api.w.org\/{rel}","templated":true}]}}