{"id":227251,"date":"2026-02-03T08:00:01","date_gmt":"2026-02-03T07:00:01","guid":{"rendered":"https:\/\/www.tendenzeshabbychic.it\/prodotto\/espejo-de-ventana-nuvole-di-stoffa-h-65-cm\/"},"modified":"2026-02-03T08:00:01","modified_gmt":"2026-02-03T07:00:01","slug":"espejo-de-ventana-nuvole-di-stoffa-h-65-cm","status":"publish","type":"product","link":"https:\/\/www.tendenzeshabbychic.it\/es\/producto\/espejo-de-ventana-nuvole-di-stoffa-h-65-cm\/","title":{"rendered":"Espejo de ventana Nuvole di Stoffa h 65 cm"},"content":{"rendered":"<p>Ventana con espejo Nuvole di Stoffa (Nubes de tela): marco de madera blanco mate, acabado deliberadamente antiguo, dos puertas de persiana con lamas horizontales y decoraci\u00f3n de rosas en relieve en la parte superior arqueada. Perfecta en un recibidor o un dormitorio para a\u00f1adir luz y un toque rom\u00e1ntico, incluso encima de una consola. <\/p>\n<ul>\n<li>Efecto de ventana aut\u00e9ntica con hojas que se abren<\/li>\n<li>Espejo central para m\u00e1s luminosidad<\/li>\n<li>Acabado antiguo Shabby Chic<\/li>\n<li>Decoraci\u00f3n superior con rosas en relieve<\/li>\n<li>Ideal para un recibidor, un cuarto de ba\u00f1o o un dormitorio<\/li>\n<\/ul>\n","protected":false},"excerpt":{"rendered":"<p>Decoraci\u00f3n mural de madera estilo \u00abventana\u00bb con espejo central y dos puertas de persiana que se abren. Acabado blanco mate de efecto desgastado con ligeros tonos envejecidos y detalles en relieve: arco superior con rosetas talladas. Una pieza dram\u00e1tica que ilumina y da profundidad.<br \/>\n<strong>Dimensiones:<\/strong> 48 x 5 x 65,5 cm<\/p>\n","protected":false},"featured_media":227249,"comment_status":"open","ping_status":"closed","template":"","meta":{"_joinchat":[]},"pwb-brand":[2090],"product_brand":[],"product_cat":[2395],"product_tag":[],"class_list":{"0":"post-227251","1":"product","2":"type-product","3":"status-publish","4":"has-post-thumbnail","6":"pwb-brand-nuvole-di-stoffa-es","7":"product_cat-espejos","9":"first","10":"instock","11":"taxable","12":"shipping-taxable","13":"purchasable","14":"product-type-simple"},"brands":[{"id":2090,"name":"Nuvole di Stoffa","slug":"nuvole-di-stoffa-es"}],"_links":{"self":[{"href":"https:\/\/www.tendenzeshabbychic.it\/es\/wp-json\/wp\/v2\/product\/227251","targetHints":{"allow":["GET"]}}],"collection":[{"href":"https:\/\/www.tendenzeshabbychic.it\/es\/wp-json\/wp\/v2\/product"}],"about":[{"href":"https:\/\/www.tendenzeshabbychic.it\/es\/wp-json\/wp\/v2\/types\/product"}],"replies":[{"embeddable":true,"href":"https:\/\/www.tendenzeshabbychic.it\/es\/wp-json\/wp\/v2\/comments?post=227251"}],"wp:featuredmedia":[{"embeddable":true,"href":"https:\/\/www.tendenzeshabbychic.it\/es\/wp-json\/wp\/v2\/media\/227249"}],"wp:attachment":[{"href":"https:\/\/www.tendenzeshabbychic.it\/es\/wp-json\/wp\/v2\/media?parent=227251"}],"wp:term":[{"taxonomy":"pwb-brand","embeddable":true,"href":"https:\/\/www.tendenzeshabbychic.it\/es\/wp-json\/wp\/v2\/pwb-brand?post=227251"},{"taxonomy":"product_brand","embeddable":true,"href":"https:\/\/www.tendenzeshabbychic.it\/es\/wp-json\/wp\/v2\/product_brand?post=227251"},{"taxonomy":"product_cat","embeddable":true,"href":"https:\/\/www.tendenzeshabbychic.it\/es\/wp-json\/wp\/v2\/product_cat?post=227251"},{"taxonomy":"product_tag","embeddable":true,"href":"https:\/\/www.tendenzeshabbychic.it\/es\/wp-json\/wp\/v2\/product_tag?post=227251"}],"curies":[{"name":"wp","href":"https:\/\/api.w.org\/{rel}","templated":true}]}}