{"id":226031,"date":"2026-01-27T09:13:24","date_gmt":"2026-01-27T08:13:24","guid":{"rendered":"https:\/\/www.tendenzeshabbychic.it\/prodotto\/nuvole-di-stoffa-alfombra-de-bano-arabesca-beige-70x120-cm\/"},"modified":"2026-01-27T09:13:24","modified_gmt":"2026-01-27T08:13:24","slug":"nuvole-di-stoffa-alfombra-de-bano-arabesca-beige-70x120-cm","status":"publish","type":"product","link":"https:\/\/www.tendenzeshabbychic.it\/es\/producto\/nuvole-di-stoffa-alfombra-de-bano-arabesca-beige-70x120-cm\/","title":{"rendered":"Nuvole di Stoffa Alfombra de ba\u00f1o arabesca Beige 70&#215;120 cm"},"content":{"rendered":"<p>Esta alfombra de ba\u00f1o Arabesque de Nuvole di Stoffa se caracteriza por su cuidada elaboraci\u00f3n y la riqueza de sus detalles. La superficie presenta un elegante motivo arabesco central en relieve, armoniosamente enmarcado por un borde perimetral que realza su forma y dise\u00f1o. <\/p>\n<p>El color beige c\u00e1lido y natural realza la textura suave y ligeramente esponjosa, creando un efecto visual delicado pero sofisticado. Su gran tama\u00f1o lo hace ideal para cuartos de ba\u00f1o espaciosos, perfecto para colocarlo delante de un lavabo doble, una ba\u00f1era o una ducha a ras de suelo. <\/p>\n<p>Un accesorio de decoraci\u00f3n pensado para quienes adoran cuidar cada detalle del cuarto de ba\u00f1o, transformando un elemento funcional en un aut\u00e9ntico acento decorativo de estilo Shabby Chic, cl\u00e1sico o rom\u00e1ntico.<\/p>\n<p><strong>Fortalezas<\/strong><\/p>\n<ul>\n<li>Refinado motivo arabesco en relieve<\/li>\n<li>Marco decorativo que define el dise\u00f1o<\/li>\n<li>Textura suave y agradable bajo los pies<\/li>\n<li>Color beige neutro y elegante<\/li>\n<li>Gran formato ideal para ba\u00f1os grandes<\/li>\n<\/ul>\n","protected":false},"excerpt":{"rendered":"<p>Alfombra de ba\u00f1o Nuvole di Stoffa de color beige con un refinado motivo arabesco en relieve y un marco perimetral decorativo. Suave, elegante y envolvente, est\u00e1 pensada para embellecer el cuarto de ba\u00f1o con un estilo cl\u00e1sico e intemporal. <\/p>\n<p><em>Dimensiones:<\/em><br \/>\n70 x 120 cm<\/p>\n","protected":false},"featured_media":226023,"comment_status":"open","ping_status":"closed","template":"","meta":{"_joinchat":[]},"pwb-brand":[713],"product_brand":[],"product_cat":[2326,2351,2384],"product_tag":[],"class_list":{"0":"post-226031","1":"product","2":"type-product","3":"status-publish","4":"has-post-thumbnail","6":"pwb-brand-nuvole-di-stoffa","7":"product_cat-alfombras-de-bano","8":"product_cat-alfombras","9":"product_cat-el-bano","11":"first","12":"outofstock","13":"taxable","14":"shipping-taxable","15":"purchasable","16":"product-type-simple"},"brands":[{"id":2090,"name":"Nuvole di Stoffa","slug":"nuvole-di-stoffa-es"}],"_links":{"self":[{"href":"https:\/\/www.tendenzeshabbychic.it\/es\/wp-json\/wp\/v2\/product\/226031","targetHints":{"allow":["GET"]}}],"collection":[{"href":"https:\/\/www.tendenzeshabbychic.it\/es\/wp-json\/wp\/v2\/product"}],"about":[{"href":"https:\/\/www.tendenzeshabbychic.it\/es\/wp-json\/wp\/v2\/types\/product"}],"replies":[{"embeddable":true,"href":"https:\/\/www.tendenzeshabbychic.it\/es\/wp-json\/wp\/v2\/comments?post=226031"}],"wp:featuredmedia":[{"embeddable":true,"href":"https:\/\/www.tendenzeshabbychic.it\/es\/wp-json\/wp\/v2\/media\/226023"}],"wp:attachment":[{"href":"https:\/\/www.tendenzeshabbychic.it\/es\/wp-json\/wp\/v2\/media?parent=226031"}],"wp:term":[{"taxonomy":"pwb-brand","embeddable":true,"href":"https:\/\/www.tendenzeshabbychic.it\/es\/wp-json\/wp\/v2\/pwb-brand?post=226031"},{"taxonomy":"product_brand","embeddable":true,"href":"https:\/\/www.tendenzeshabbychic.it\/es\/wp-json\/wp\/v2\/product_brand?post=226031"},{"taxonomy":"product_cat","embeddable":true,"href":"https:\/\/www.tendenzeshabbychic.it\/es\/wp-json\/wp\/v2\/product_cat?post=226031"},{"taxonomy":"product_tag","embeddable":true,"href":"https:\/\/www.tendenzeshabbychic.it\/es\/wp-json\/wp\/v2\/product_tag?post=226031"}],"curies":[{"name":"wp","href":"https:\/\/api.w.org\/{rel}","templated":true}]}}