{"id":226014,"date":"2026-01-27T00:00:01","date_gmt":"2026-01-26T23:00:01","guid":{"rendered":"https:\/\/www.tendenzeshabbychic.it\/prodotto\/nuvole-di-stoffa-decorazione-domestica-fiorira-15x4x21\/"},"modified":"2026-01-27T00:00:01","modified_gmt":"2026-01-26T23:00:01","slug":"nuvole-di-stoffa-decorazione-domestica-fiorira-15x4x21","status":"publish","type":"product","link":"https:\/\/www.tendenzeshabbychic.it\/es\/producto\/nuvole-di-stoffa-decorazione-domestica-fiorira-15x4x21\/","title":{"rendered":"Nuvole di Stoffa Decorazione Domestica Fiorir\u00e0 15x4x21"},"content":{"rendered":"<p>La decoraci\u00f3n <strong>Casa Fiorir\u00e0<\/strong> de Nuvole di Stoffa es ese detalle que cambia inmediatamente el ambiente: una casita con sabor a shabby, con un panel gris de efecto suave y <strong>lunares blancos<\/strong>, un tejado de madera natural y detalles cuidadosamente elaborados. La <strong>ventana<\/strong> en relieve, el peque\u00f1o <strong>coraz\u00f3n<\/strong> y la placa \u00abHola\u00bb dan una amable bienvenida, mientras que la <strong>bicicleta<\/strong> delantera y el jarr\u00f3n con <strong>flores secas<\/strong> a\u00f1aden poes\u00eda y calidez. Perfecta en una estanter\u00eda, en la entrada o en la mesilla de noche, tambi\u00e9n como idea de regalo \u00abseguro\u00bb para los amantes de un hogar bien cuidado.  <\/p>\n<ul>\n<li>Estilo Shabby Chic, f\u00e1cil de combinar<\/li>\n<li>Detalles de madera: ventana, coraz\u00f3n e inscripci\u00f3n \u00abHola<\/li>\n<li>Bicicleta decorativa en relieve (elemento distintivo)<\/li>\n<li>Mini tarro con flores secas para un efecto natural<\/li>\n<li>Ideal para estanter\u00edas y consolas<\/li>\n<\/ul>\n","protected":false},"excerpt":{"rendered":"<p>Encantadora decoraci\u00f3n de la <strong>colecci\u00f3n Fiorir\u00e0<\/strong>: una casita en tonos <strong>grises claros<\/strong> con lunares blancos, tejado y detalles en <strong>madera natural<\/strong>. En la parte delantera hay un peque\u00f1o coraz\u00f3n, una ventanita y las palabras <strong>\u00abHola\u00bb,<\/strong> con una bonita <strong>bicicleta<\/strong> en relieve y un minijarr\u00f3n con <strong>flores secas<\/strong> para darle un toque rom\u00e1ntico y acogedor. <\/p>\n<p>Dimensiones: <strong>15 x 4 x 21 cm<\/strong><\/p>\n","protected":false},"featured_media":226010,"comment_status":"open","ping_status":"closed","template":"","meta":{"_joinchat":[]},"pwb-brand":[1563],"product_brand":[],"product_cat":[2396],"product_tag":[3401],"class_list":{"0":"post-226014","1":"product","2":"type-product","3":"status-publish","4":"has-post-thumbnail","6":"pwb-brand-nuvole-di-stoffa-fr","7":"product_cat-objetos","8":"product_tag-collection-fiorira","10":"first","11":"instock","12":"taxable","13":"shipping-taxable","14":"purchasable","15":"product-type-simple"},"brands":[{"id":2090,"name":"Nuvole di Stoffa","slug":"nuvole-di-stoffa-es"}],"_links":{"self":[{"href":"https:\/\/www.tendenzeshabbychic.it\/es\/wp-json\/wp\/v2\/product\/226014","targetHints":{"allow":["GET"]}}],"collection":[{"href":"https:\/\/www.tendenzeshabbychic.it\/es\/wp-json\/wp\/v2\/product"}],"about":[{"href":"https:\/\/www.tendenzeshabbychic.it\/es\/wp-json\/wp\/v2\/types\/product"}],"replies":[{"embeddable":true,"href":"https:\/\/www.tendenzeshabbychic.it\/es\/wp-json\/wp\/v2\/comments?post=226014"}],"wp:featuredmedia":[{"embeddable":true,"href":"https:\/\/www.tendenzeshabbychic.it\/es\/wp-json\/wp\/v2\/media\/226010"}],"wp:attachment":[{"href":"https:\/\/www.tendenzeshabbychic.it\/es\/wp-json\/wp\/v2\/media?parent=226014"}],"wp:term":[{"taxonomy":"pwb-brand","embeddable":true,"href":"https:\/\/www.tendenzeshabbychic.it\/es\/wp-json\/wp\/v2\/pwb-brand?post=226014"},{"taxonomy":"product_brand","embeddable":true,"href":"https:\/\/www.tendenzeshabbychic.it\/es\/wp-json\/wp\/v2\/product_brand?post=226014"},{"taxonomy":"product_cat","embeddable":true,"href":"https:\/\/www.tendenzeshabbychic.it\/es\/wp-json\/wp\/v2\/product_cat?post=226014"},{"taxonomy":"product_tag","embeddable":true,"href":"https:\/\/www.tendenzeshabbychic.it\/es\/wp-json\/wp\/v2\/product_tag?post=226014"}],"curies":[{"name":"wp","href":"https:\/\/api.w.org\/{rel}","templated":true}]}}