{"id":225861,"date":"2026-01-27T23:04:01","date_gmt":"2026-01-27T22:04:01","guid":{"rendered":"https:\/\/www.tendenzeshabbychic.it\/prodotto\/nuvole-di-stoffa-azul-angel-corazon-flores-rosa-215h\/"},"modified":"2026-01-27T23:04:01","modified_gmt":"2026-01-27T22:04:01","slug":"nuvole-di-stoffa-azul-angel-corazon-flores-rosa-215h","status":"publish","type":"product","link":"https:\/\/www.tendenzeshabbychic.it\/es\/producto\/nuvole-di-stoffa-azul-angel-corazon-flores-rosa-215h\/","title":{"rendered":"Nuvole di Stoffa Azul \u00c1ngel Coraz\u00f3n Flores Rosa 21,5h"},"content":{"rendered":"<p>El \u00e1ngel azul claro Nuvole di Stoffa es una decoraci\u00f3n luminosa, perfecta para los amantes de los tonos suaves y los ambientes elegantes Shabby Chic. El vestido largo se desvanece del<strong>azul empolvado<\/strong> al marfil, creando un efecto delicado y et\u00e9reo; las alas crema a\u00f1aden suavidad a la silueta. El punto focal es el <strong>coraz\u00f3n de flores rosas<\/strong> en relieve, s\u00edmbolo de afecto y buena suerte, mientras que la corona lila y el friso floral de la base completan la paleta con armon\u00eda. Ideal en una consola, mesilla de noche o estanter\u00eda, tambi\u00e9n como regalo \u00abde coraz\u00f3n\u00bb.   <\/p>\n<ul>\n<li>Vestido en tonos azul claro\/marfil: elegante y luminoso<\/li>\n<li>Coraz\u00f3n de flor rosa en relieve (detalle distintivo)<\/li>\n<li>Alas crema suaves y armoniosas<\/li>\n<li>Decoraci\u00f3n floral a juego en la base<\/li>\n<li>Perfecto como idea de regalo simb\u00f3lico<\/li>\n<\/ul>\n","protected":false},"excerpt":{"rendered":"<p>Un \u00e1ngel decorativo de l\u00edneas esbeltas, vestido largo en tonos <strong>azul polvo y marfil<\/strong> y suaves alas color crema. En la cabeza lleva una corona de flores lilas, mientras que en las manos sostiene un <strong>coraz\u00f3n<\/strong> formado por peque\u00f1as <strong>flores rosas<\/strong> en relieve: un detalle rom\u00e1ntico y delicado. En la base, una decoraci\u00f3n floral con toques lilas y verdes para un acabado refinado.  <\/p>\n<p>Dimensiones: <strong>8,5 x 6 x 21,5 cm<\/strong><\/p>\n","protected":false},"featured_media":225852,"comment_status":"open","ping_status":"closed","template":"","meta":{"_joinchat":[]},"pwb-brand":[2090],"product_brand":[],"product_cat":[2396],"product_tag":[2308,3402],"class_list":{"0":"post-225861","1":"product","2":"type-product","3":"status-publish","4":"has-post-thumbnail","6":"pwb-brand-nuvole-di-stoffa-es","7":"product_cat-objetos","8":"product_tag-angeles","9":"product_tag-colleccion-fiorira","11":"first","12":"instock","13":"taxable","14":"shipping-taxable","15":"purchasable","16":"product-type-simple"},"brands":[{"id":2090,"name":"Nuvole di Stoffa","slug":"nuvole-di-stoffa-es"}],"_links":{"self":[{"href":"https:\/\/www.tendenzeshabbychic.it\/es\/wp-json\/wp\/v2\/product\/225861","targetHints":{"allow":["GET"]}}],"collection":[{"href":"https:\/\/www.tendenzeshabbychic.it\/es\/wp-json\/wp\/v2\/product"}],"about":[{"href":"https:\/\/www.tendenzeshabbychic.it\/es\/wp-json\/wp\/v2\/types\/product"}],"replies":[{"embeddable":true,"href":"https:\/\/www.tendenzeshabbychic.it\/es\/wp-json\/wp\/v2\/comments?post=225861"}],"wp:featuredmedia":[{"embeddable":true,"href":"https:\/\/www.tendenzeshabbychic.it\/es\/wp-json\/wp\/v2\/media\/225852"}],"wp:attachment":[{"href":"https:\/\/www.tendenzeshabbychic.it\/es\/wp-json\/wp\/v2\/media?parent=225861"}],"wp:term":[{"taxonomy":"pwb-brand","embeddable":true,"href":"https:\/\/www.tendenzeshabbychic.it\/es\/wp-json\/wp\/v2\/pwb-brand?post=225861"},{"taxonomy":"product_brand","embeddable":true,"href":"https:\/\/www.tendenzeshabbychic.it\/es\/wp-json\/wp\/v2\/product_brand?post=225861"},{"taxonomy":"product_cat","embeddable":true,"href":"https:\/\/www.tendenzeshabbychic.it\/es\/wp-json\/wp\/v2\/product_cat?post=225861"},{"taxonomy":"product_tag","embeddable":true,"href":"https:\/\/www.tendenzeshabbychic.it\/es\/wp-json\/wp\/v2\/product_tag?post=225861"}],"curies":[{"name":"wp","href":"https:\/\/api.w.org\/{rel}","templated":true}]}}