{"id":225860,"date":"2026-01-27T23:04:01","date_gmt":"2026-01-27T22:04:01","guid":{"rendered":"https:\/\/www.tendenzeshabbychic.it\/prodotto\/nuvole-di-stoffa-angel-tulipanes-blancos-azul-215h\/"},"modified":"2026-01-27T23:04:01","modified_gmt":"2026-01-27T22:04:01","slug":"nuvole-di-stoffa-angel-tulipanes-blancos-azul-215h","status":"publish","type":"product","link":"https:\/\/www.tendenzeshabbychic.it\/es\/producto\/nuvole-di-stoffa-angel-tulipanes-blancos-azul-215h\/","title":{"rendered":"Nuvole di Stoffa Angel Tulipanes blancos Azul 21,5h"},"content":{"rendered":"<p>Este \u00e1ngel de Nuvole di Stoffa es una delicada presencia que decora con gracia. La figura es esbelta, en tonos <strong>marfil<\/strong> con ligeros matices rosados, amplias alas y finos detalles: el cabello casta\u00f1o ondulado, la <strong>corona de flores<\/strong> de color claro y el ramo de <strong>tulipanes azules<\/strong> que a\u00f1ade un contraste elegante y moderno. En la base, un peque\u00f1o friso floral en relieve completa el conjunto con un toque rom\u00e1ntico. Ideal en una consola, mesilla de noche o estanter\u00eda, tambi\u00e9n es perfecto como regalo simb\u00f3lico para alguien a quien quieres (y para los amantes de un hogar bien cuidado).   <\/p>\n<ul>\n<li>Dise\u00f1o elegante y brillante, f\u00e1cil de combinar<\/li>\n<li>Ramo de tulipanes azules: detalle distintivo y refinado<\/li>\n<li>Alas anchas y un vestido largo de color marfil con matices rosados<\/li>\n<li>Decoraci\u00f3n floral en la base con toques azules\/verdes<\/li>\n<li>Idea de regalo elegante y \u00absiempre acertada<\/li>\n<\/ul>\n","protected":false},"excerpt":{"rendered":"<p>Elegante \u00e1ngel decorativo en acabado <strong>marfil\/blanco<\/strong> con suaves alas y l\u00edneas esbeltas. Lleva un vestido largo con tonos rosados en el busto y una delicada corona en el pelo. En sus manos sostiene un <strong>ramo de tulipanes azules<\/strong> en tonos empolvados, mientras que en la base corre una refinada decoraci\u00f3n floral en relieve con toques azules y verdes: perfecta para a\u00f1adir luz y poes\u00eda a cualquier rinc\u00f3n.  <\/p>\n<p>Dimensiones: <strong>8,5 x 6 x 21,5 cm<\/strong><\/p>\n","protected":false},"featured_media":225850,"comment_status":"open","ping_status":"closed","template":"","meta":{"_joinchat":[]},"pwb-brand":[2090],"product_brand":[],"product_cat":[2396],"product_tag":[2308,3402],"class_list":{"0":"post-225860","1":"product","2":"type-product","3":"status-publish","4":"has-post-thumbnail","6":"pwb-brand-nuvole-di-stoffa-es","7":"product_cat-objetos","8":"product_tag-angeles","9":"product_tag-colleccion-fiorira","11":"first","12":"instock","13":"taxable","14":"shipping-taxable","15":"purchasable","16":"product-type-simple"},"brands":[{"id":2090,"name":"Nuvole di Stoffa","slug":"nuvole-di-stoffa-es"}],"_links":{"self":[{"href":"https:\/\/www.tendenzeshabbychic.it\/es\/wp-json\/wp\/v2\/product\/225860","targetHints":{"allow":["GET"]}}],"collection":[{"href":"https:\/\/www.tendenzeshabbychic.it\/es\/wp-json\/wp\/v2\/product"}],"about":[{"href":"https:\/\/www.tendenzeshabbychic.it\/es\/wp-json\/wp\/v2\/types\/product"}],"replies":[{"embeddable":true,"href":"https:\/\/www.tendenzeshabbychic.it\/es\/wp-json\/wp\/v2\/comments?post=225860"}],"wp:featuredmedia":[{"embeddable":true,"href":"https:\/\/www.tendenzeshabbychic.it\/es\/wp-json\/wp\/v2\/media\/225850"}],"wp:attachment":[{"href":"https:\/\/www.tendenzeshabbychic.it\/es\/wp-json\/wp\/v2\/media?parent=225860"}],"wp:term":[{"taxonomy":"pwb-brand","embeddable":true,"href":"https:\/\/www.tendenzeshabbychic.it\/es\/wp-json\/wp\/v2\/pwb-brand?post=225860"},{"taxonomy":"product_brand","embeddable":true,"href":"https:\/\/www.tendenzeshabbychic.it\/es\/wp-json\/wp\/v2\/product_brand?post=225860"},{"taxonomy":"product_cat","embeddable":true,"href":"https:\/\/www.tendenzeshabbychic.it\/es\/wp-json\/wp\/v2\/product_cat?post=225860"},{"taxonomy":"product_tag","embeddable":true,"href":"https:\/\/www.tendenzeshabbychic.it\/es\/wp-json\/wp\/v2\/product_tag?post=225860"}],"curies":[{"name":"wp","href":"https:\/\/api.w.org\/{rel}","templated":true}]}}