{"id":225804,"date":"2026-01-27T23:14:01","date_gmt":"2026-01-27T22:14:01","guid":{"rendered":"https:\/\/www.tendenzeshabbychic.it\/prodotto\/nuvole-di-stoffa-tetera-de-porcelana-fiorira-1100-ml\/"},"modified":"2026-03-05T13:42:55","modified_gmt":"2026-03-05T12:42:55","slug":"nuvole-di-stoffa-tetera-de-porcelana-fiorira-1100-ml","status":"publish","type":"product","link":"https:\/\/www.tendenzeshabbychic.it\/es\/producto\/nuvole-di-stoffa-tetera-de-porcelana-fiorira-1100-ml\/","title":{"rendered":"Nuvole di Stoffa Tetera de porcelana Fiorir\u00e0 1100 ml"},"content":{"rendered":"<p>La tetera <strong>Fiorir\u00e0<\/strong> de Nuvole di Stoffa es la pieza estrella de tu hora del t\u00e9: espaciosa (1100 ml) y rom\u00e1ntica, lleva a la mesa la delicadeza de <strong>las peon\u00edas<\/strong> y el <strong>pajarito<\/strong> que caracteriza la colecci\u00f3n. La porcelana pulida realza los tonos empolvados, mientras que el motivo de <strong>celos\u00eda rosa<\/strong> envuelve la base y vuelve sobre la tapa, creando un efecto coordinado y precioso. El ca\u00f1o c\u00f3nico y la elegante asa hacen que sea c\u00f3moda de usar y bonita para dejarla sobre una bandeja o un salpicadero. Se entrega en una <strong>caja de regalo<\/strong>, lista para impresionar.   <\/p>\n<ul>\n<li>Porcelana pulida, aspecto premium<\/li>\n<li>Decoraci\u00f3n peon\u00eda + p\u00e1jaro: ic\u00f3nica y delicada<\/li>\n<li>Motivo de rejilla rosa en la tetera y la tapa<\/li>\n<li>Capacidad 1100 ml: ideal para compartir t\u00e9 e infusiones<\/li>\n<li>Con caja de regalo: perfecto como idea de regalo<\/li>\n<\/ul>\n","protected":false},"excerpt":{"rendered":"<p>Tetera de <strong>porcelana<\/strong> de la colecci\u00f3n <strong>Fiorir\u00e0<\/strong>, de acabado brillante y l\u00edneas elegantes. Decorada con <strong>peon\u00edas rosa empolvado<\/strong> y un delicado <strong>p\u00e1jaro<\/strong>, est\u00e1 adornada con bandas de <strong>celos\u00eda rosa<\/strong> y peque\u00f1os detalles gr\u00e1ficos en el borde. Tapa a juego con pomo y pico fino para servir con estilo. <strong>Con caja de regalo<\/strong>, perfecta para un obsequio refinado.  <\/p>\n<p>Tama\u00f1o: <strong>1100 ml<\/strong><\/p>\n","protected":false},"featured_media":225790,"comment_status":"open","ping_status":"closed","template":"","meta":{"_joinchat":[]},"pwb-brand":[2090],"product_brand":[],"product_cat":[2938,2944],"product_tag":[3402],"class_list":{"0":"post-225804","1":"product","2":"type-product","3":"status-publish","4":"has-post-thumbnail","6":"pwb-brand-nuvole-di-stoffa-es","7":"product_cat-jarras-y-garrafas","8":"product_cat-vajilla","9":"product_tag-colleccion-fiorira","11":"first","12":"instock","13":"taxable","14":"shipping-taxable","15":"purchasable","16":"product-type-simple"},"brands":[{"id":2090,"name":"Nuvole di Stoffa","slug":"nuvole-di-stoffa-es"}],"_links":{"self":[{"href":"https:\/\/www.tendenzeshabbychic.it\/es\/wp-json\/wp\/v2\/product\/225804","targetHints":{"allow":["GET"]}}],"collection":[{"href":"https:\/\/www.tendenzeshabbychic.it\/es\/wp-json\/wp\/v2\/product"}],"about":[{"href":"https:\/\/www.tendenzeshabbychic.it\/es\/wp-json\/wp\/v2\/types\/product"}],"replies":[{"embeddable":true,"href":"https:\/\/www.tendenzeshabbychic.it\/es\/wp-json\/wp\/v2\/comments?post=225804"}],"wp:featuredmedia":[{"embeddable":true,"href":"https:\/\/www.tendenzeshabbychic.it\/es\/wp-json\/wp\/v2\/media\/225790"}],"wp:attachment":[{"href":"https:\/\/www.tendenzeshabbychic.it\/es\/wp-json\/wp\/v2\/media?parent=225804"}],"wp:term":[{"taxonomy":"pwb-brand","embeddable":true,"href":"https:\/\/www.tendenzeshabbychic.it\/es\/wp-json\/wp\/v2\/pwb-brand?post=225804"},{"taxonomy":"product_brand","embeddable":true,"href":"https:\/\/www.tendenzeshabbychic.it\/es\/wp-json\/wp\/v2\/product_brand?post=225804"},{"taxonomy":"product_cat","embeddable":true,"href":"https:\/\/www.tendenzeshabbychic.it\/es\/wp-json\/wp\/v2\/product_cat?post=225804"},{"taxonomy":"product_tag","embeddable":true,"href":"https:\/\/www.tendenzeshabbychic.it\/es\/wp-json\/wp\/v2\/product_tag?post=225804"}],"curies":[{"name":"wp","href":"https:\/\/api.w.org\/{rel}","templated":true}]}}