{"id":225722,"date":"2026-04-01T06:59:23","date_gmt":"2026-04-01T04:59:23","guid":{"rendered":"https:\/\/www.tendenzeshabbychic.it\/prodotto\/nuvole-di-stoffa-recipiente-para-pedidos-de-cocina-166-cm\/"},"modified":"2026-04-17T09:03:30","modified_gmt":"2026-04-17T07:03:30","slug":"nuvole-di-stoffa-recipiente-para-pedidos-de-cocina-166-cm","status":"publish","type":"product","link":"https:\/\/www.tendenzeshabbychic.it\/es\/producto\/nuvole-di-stoffa-recipiente-para-pedidos-de-cocina-166-cm\/","title":{"rendered":"Nuvole di Stoffa Recipiente para Pedidos de Cocina 16,6 cm"},"content":{"rendered":"<p>Este recipiente de gres fino de Nuvole di Stoffa combina funcionalidad y gusto est\u00e9tico. La cer\u00e1mica tiene un acabado mate, liso y uniforme en un delicado tono neutro que alegra la cocina. La inscripci\u00f3n \u00abOrden en la cocina\u00bb, impresa con caracteres esenciales y un peque\u00f1o coraz\u00f3n decorativo, comunica armon\u00eda y atenci\u00f3n al detalle. La tapa de pl\u00e1stico transparente con cierre a presi\u00f3n protege el contenido y es ideal para guardar alimentos, preparados o peque\u00f1os accesorios de cocina. Perfecto para exponerlo a la vista en estanter\u00edas o encimeras, para una cocina ordenada y acogedora.    <\/p>\n<p><strong>Fortalezas<\/strong><\/p>\n<ul>\n<li>Gres fino duradero y refinado<\/li>\n<li>Letras decorativas muy visibles con coraz\u00f3n central<\/li>\n<li>Tap\u00f3n de pl\u00e1stico pr\u00e1ctico y funcional<\/li>\n<li>Color neutro elegante y vers\u00e1til<\/li>\n<li>Ideal para mantener el orden con estilo<\/li>\n<\/ul>\n","protected":false},"excerpt":{"rendered":"<p>Recipiente Nuvole di Stoffa de gres fino (cer\u00e1mica) con tap\u00f3n de pl\u00e1stico transparente. La superficie lisa de color crema est\u00e1 decorada con la inscripci\u00f3n \u00abOrden en la cocina\u00bb en tono c\u00e1lido, adornada con un peque\u00f1o coraz\u00f3n central. Un accesorio pr\u00e1ctico y refinado, perfecto para mantener todo ordenado con estilo.  <\/p>\n<ul>\n<li>puedes utilizarlo en el microondas (sin tapa)<\/li>\n<li>la v\u00e1lvula de la tapa sirve para conservar mejor los alimentos (calientes y fr\u00edos)<\/li>\n<li>Aptas para el lavavajillas<\/li>\n<\/ul>\n<p><em>Dimensiones:<\/em><br \/>\n16,6 x 12 x 5,1 cm<\/p>\n","protected":false},"featured_media":225720,"comment_status":"open","ping_status":"closed","template":"","meta":{"_joinchat":[]},"pwb-brand":[2090],"product_brand":[],"product_cat":[2382,2324],"product_tag":[2188],"class_list":{"0":"post-225722","1":"product","2":"type-product","3":"status-publish","4":"has-post-thumbnail","6":"pwb-brand-nuvole-di-stoffa-es","7":"product_cat-accesorios-de-cocina","8":"product_cat-cocina","9":"product_tag-my-home-es","11":"first","12":"instock","13":"taxable","14":"shipping-taxable","15":"purchasable","16":"product-type-simple"},"brands":[{"id":2090,"name":"Nuvole di Stoffa","slug":"nuvole-di-stoffa-es"}],"_links":{"self":[{"href":"https:\/\/www.tendenzeshabbychic.it\/es\/wp-json\/wp\/v2\/product\/225722","targetHints":{"allow":["GET"]}}],"collection":[{"href":"https:\/\/www.tendenzeshabbychic.it\/es\/wp-json\/wp\/v2\/product"}],"about":[{"href":"https:\/\/www.tendenzeshabbychic.it\/es\/wp-json\/wp\/v2\/types\/product"}],"replies":[{"embeddable":true,"href":"https:\/\/www.tendenzeshabbychic.it\/es\/wp-json\/wp\/v2\/comments?post=225722"}],"wp:featuredmedia":[{"embeddable":true,"href":"https:\/\/www.tendenzeshabbychic.it\/es\/wp-json\/wp\/v2\/media\/225720"}],"wp:attachment":[{"href":"https:\/\/www.tendenzeshabbychic.it\/es\/wp-json\/wp\/v2\/media?parent=225722"}],"wp:term":[{"taxonomy":"pwb-brand","embeddable":true,"href":"https:\/\/www.tendenzeshabbychic.it\/es\/wp-json\/wp\/v2\/pwb-brand?post=225722"},{"taxonomy":"product_brand","embeddable":true,"href":"https:\/\/www.tendenzeshabbychic.it\/es\/wp-json\/wp\/v2\/product_brand?post=225722"},{"taxonomy":"product_cat","embeddable":true,"href":"https:\/\/www.tendenzeshabbychic.it\/es\/wp-json\/wp\/v2\/product_cat?post=225722"},{"taxonomy":"product_tag","embeddable":true,"href":"https:\/\/www.tendenzeshabbychic.it\/es\/wp-json\/wp\/v2\/product_tag?post=225722"}],"curies":[{"name":"wp","href":"https:\/\/api.w.org\/{rel}","templated":true}]}}