{"id":225718,"date":"2026-04-01T06:59:03","date_gmt":"2026-04-01T04:59:03","guid":{"rendered":"https:\/\/www.tendenzeshabbychic.it\/prodotto\/nuvole-di-stoffa-contenedor-de-almacenamiento-en-frigorifico-195-cm\/"},"modified":"2026-04-17T09:15:48","modified_gmt":"2026-04-17T07:15:48","slug":"nuvole-di-stoffa-contenedor-de-almacenamiento-en-frigorifico-195-cm","status":"publish","type":"product","link":"https:\/\/www.tendenzeshabbychic.it\/es\/producto\/nuvole-di-stoffa-contenedor-de-almacenamiento-en-frigorifico-195-cm\/","title":{"rendered":"Nuvole di Stoffa Contenedor de Almacenamiento en Frigor\u00edfico 19,5 cm"},"content":{"rendered":"<p>Este recipiente Nuvole di Stoffa est\u00e1 pensado para quienes gustan del orden y la belleza incluso en sus acciones cotidianas. Fabricado en gres fino, tiene un acabado mate y uniforme, agradable al tacto y visualmente refinado. La inscripci\u00f3n \u00abGuardo en la nevera\u00bb, impresa en caracteres esenciales con un peque\u00f1o coraz\u00f3n decorativo, hace que la funci\u00f3n sea inmediata y a\u00f1ade un delicado toque decorativo. La tapa de pl\u00e1stico transparente con cierre a presi\u00f3n ayuda a proteger los alimentos y a mantenerlos organizados en la nevera. Perfecto para preparaciones caseras, sobras o ingredientes ya preparados, que se pueden utilizar y dejar a la vista sin renunciar al estilo.    <\/p>\n<p><strong>Fortalezas<\/strong><\/p>\n<ul>\n<li>Gres fino elegante y duradero<\/li>\n<li>Letras funcionales y decorativas claramente visibles<\/li>\n<li>Tap\u00f3n de pl\u00e1stico con pr\u00e1ctico cierre<\/li>\n<li>Color neutro refinado y vers\u00e1til<\/li>\n<li>Ideal para un frigor\u00edfico ordenado y coordinado<\/li>\n<\/ul>\n","protected":false},"excerpt":{"rendered":"<p>Nuvole di Stoffa (Nubes de tela) Recipiente de gres fino (cer\u00e1mica) con tapa de pl\u00e1stico transparente con pr\u00e1ctico cierre. La superficie lisa de color crema est\u00e1 decorada con la inscripci\u00f3n \u00abConservo in frigo\u00bb en tono c\u00e1lido, adornada con un peque\u00f1o coraz\u00f3n central. Ideal para organizar el frigor\u00edfico con elegancia y sencillez.  <\/p>\n<ul>\n<li>puedes utilizarlo en el microondas (sin tapa)<\/li>\n<li>la v\u00e1lvula de la tapa sirve para conservar mejor los alimentos (calientes y fr\u00edos)<\/li>\n<li>Aptas para el lavavajillas<\/li>\n<\/ul>\n<p><em>Dimensiones:<\/em><br \/>\n19,5 x 14,5 x 6,6 cm<\/p>\n","protected":false},"featured_media":225690,"comment_status":"open","ping_status":"closed","template":"","meta":{"_joinchat":[]},"pwb-brand":[2090],"product_brand":[],"product_cat":[2382,2324],"product_tag":[2188],"class_list":{"0":"post-225718","1":"product","2":"type-product","3":"status-publish","4":"has-post-thumbnail","6":"pwb-brand-nuvole-di-stoffa-es","7":"product_cat-accesorios-de-cocina","8":"product_cat-cocina","9":"product_tag-my-home-es","11":"first","12":"instock","13":"taxable","14":"shipping-taxable","15":"purchasable","16":"product-type-simple"},"brands":[{"id":2090,"name":"Nuvole di Stoffa","slug":"nuvole-di-stoffa-es"}],"_links":{"self":[{"href":"https:\/\/www.tendenzeshabbychic.it\/es\/wp-json\/wp\/v2\/product\/225718","targetHints":{"allow":["GET"]}}],"collection":[{"href":"https:\/\/www.tendenzeshabbychic.it\/es\/wp-json\/wp\/v2\/product"}],"about":[{"href":"https:\/\/www.tendenzeshabbychic.it\/es\/wp-json\/wp\/v2\/types\/product"}],"replies":[{"embeddable":true,"href":"https:\/\/www.tendenzeshabbychic.it\/es\/wp-json\/wp\/v2\/comments?post=225718"}],"wp:featuredmedia":[{"embeddable":true,"href":"https:\/\/www.tendenzeshabbychic.it\/es\/wp-json\/wp\/v2\/media\/225690"}],"wp:attachment":[{"href":"https:\/\/www.tendenzeshabbychic.it\/es\/wp-json\/wp\/v2\/media?parent=225718"}],"wp:term":[{"taxonomy":"pwb-brand","embeddable":true,"href":"https:\/\/www.tendenzeshabbychic.it\/es\/wp-json\/wp\/v2\/pwb-brand?post=225718"},{"taxonomy":"product_brand","embeddable":true,"href":"https:\/\/www.tendenzeshabbychic.it\/es\/wp-json\/wp\/v2\/product_brand?post=225718"},{"taxonomy":"product_cat","embeddable":true,"href":"https:\/\/www.tendenzeshabbychic.it\/es\/wp-json\/wp\/v2\/product_cat?post=225718"},{"taxonomy":"product_tag","embeddable":true,"href":"https:\/\/www.tendenzeshabbychic.it\/es\/wp-json\/wp\/v2\/product_tag?post=225718"}],"curies":[{"name":"wp","href":"https:\/\/api.w.org\/{rel}","templated":true}]}}