{"id":225637,"date":"2026-01-27T22:25:01","date_gmt":"2026-01-27T21:25:01","guid":{"rendered":"https:\/\/www.tendenzeshabbychic.it\/prodotto\/nuvole-di-stoffa-deco-oso-con-oso-12x13\/"},"modified":"2026-01-27T23:25:01","modified_gmt":"2026-01-27T22:25:01","slug":"nuvole-di-stoffa-deco-oso-con-oso-12x13","status":"publish","type":"product","link":"https:\/\/www.tendenzeshabbychic.it\/es\/producto\/nuvole-di-stoffa-deco-oso-con-oso-12x13\/","title":{"rendered":"Nuvole di Stoffa Deco Oso con Oso 12&#215;13"},"content":{"rendered":"<p>Un peque\u00f1o detalle que emociona: este deco de Nuvole di Stoffa es una silueta con un brillante <strong>borde dorado<\/strong> y un delicado estampado efecto acuarela. El protagonista es un elegante oso, con camisa clara y cuello rosa, cogido de la mano de un osito azul claro: una escena dulce y armoniosa que hace la habitaci\u00f3n m\u00e1s c\u00e1lida y acogedora. Se cuelga en un instante gracias al <strong>cord\u00f3n blanco<\/strong>, ideal en pomos, tiradores, ganchos, paredes o cerca de la cuna. Tambi\u00e9n es perfecto como regalo: es una de esas piezas que \u00abdestacan\u00bb sin ser intrusivas.   <\/p>\n<ul>\n<li>Perfil dorado que realza la silueta<\/li>\n<li>Tierna ilustraci\u00f3n en paleta pastel<\/li>\n<li>Listo para colgar con cord\u00f3n<\/li>\n<li>Ideal para dormitorio, cuarto de ni\u00f1os y rincones rom\u00e1nticos<\/li>\n<li>Efecto decorativo delicado pero detallado<\/li>\n<\/ul>\n","protected":false},"excerpt":{"rendered":"<p>Un adorno colgante con forma, <strong>contorno dorado<\/strong> y cord\u00f3n blanco, dise\u00f1ado para a\u00f1adir un toque tierno y refinado desde el primer momento. La ilustraci\u00f3n en estilo acuarela muestra a un <strong>oso \u00abpap\u00e1<\/strong> \u00bb con una camisa de color claro con detalles rosas, de la mano de un osito <strong>de peluche<\/strong> de color azul: una escena muy dulce sobre un fondo de puntos claros, perfecta para dormitorios y rincones de estilo shabby suave. <\/p>\n<p><strong>Dimensiones<\/strong><br \/>\nDimensiones <strong>12 x H 13 cm<\/strong><\/p>\n","protected":false},"featured_media":225623,"comment_status":"open","ping_status":"closed","template":"","meta":{"_joinchat":[]},"pwb-brand":[2090],"product_brand":[],"product_cat":[2396],"product_tag":[3417,3439,3439],"class_list":{"0":"post-225637","1":"product","2":"type-product","3":"status-publish","4":"has-post-thumbnail","6":"pwb-brand-nuvole-di-stoffa-es","7":"product_cat-objetos","8":"product_tag-colleccion-sweet-bear","9":"product_tag-decoraciones-colgantes","12":"first","13":"instock","14":"taxable","15":"shipping-taxable","16":"purchasable","17":"product-type-simple"},"brands":[{"id":2090,"name":"Nuvole di Stoffa","slug":"nuvole-di-stoffa-es"}],"_links":{"self":[{"href":"https:\/\/www.tendenzeshabbychic.it\/es\/wp-json\/wp\/v2\/product\/225637","targetHints":{"allow":["GET"]}}],"collection":[{"href":"https:\/\/www.tendenzeshabbychic.it\/es\/wp-json\/wp\/v2\/product"}],"about":[{"href":"https:\/\/www.tendenzeshabbychic.it\/es\/wp-json\/wp\/v2\/types\/product"}],"replies":[{"embeddable":true,"href":"https:\/\/www.tendenzeshabbychic.it\/es\/wp-json\/wp\/v2\/comments?post=225637"}],"wp:featuredmedia":[{"embeddable":true,"href":"https:\/\/www.tendenzeshabbychic.it\/es\/wp-json\/wp\/v2\/media\/225623"}],"wp:attachment":[{"href":"https:\/\/www.tendenzeshabbychic.it\/es\/wp-json\/wp\/v2\/media?parent=225637"}],"wp:term":[{"taxonomy":"pwb-brand","embeddable":true,"href":"https:\/\/www.tendenzeshabbychic.it\/es\/wp-json\/wp\/v2\/pwb-brand?post=225637"},{"taxonomy":"product_brand","embeddable":true,"href":"https:\/\/www.tendenzeshabbychic.it\/es\/wp-json\/wp\/v2\/product_brand?post=225637"},{"taxonomy":"product_cat","embeddable":true,"href":"https:\/\/www.tendenzeshabbychic.it\/es\/wp-json\/wp\/v2\/product_cat?post=225637"},{"taxonomy":"product_tag","embeddable":true,"href":"https:\/\/www.tendenzeshabbychic.it\/es\/wp-json\/wp\/v2\/product_tag?post=225637"}],"curies":[{"name":"wp","href":"https:\/\/api.w.org\/{rel}","templated":true}]}}