{"id":225555,"date":"2026-01-27T23:04:01","date_gmt":"2026-01-27T22:04:01","guid":{"rendered":"https:\/\/www.tendenzeshabbychic.it\/prodotto\/nuvole-di-stoffa-nuvole-di-stoffa-215h\/"},"modified":"2026-01-27T23:04:01","modified_gmt":"2026-01-27T22:04:01","slug":"nuvole-di-stoffa-nuvole-di-stoffa-215h","status":"publish","type":"product","link":"https:\/\/www.tendenzeshabbychic.it\/es\/producto\/nuvole-di-stoffa-nuvole-di-stoffa-215h\/","title":{"rendered":"Nuvole di Stoffa Nuvole di Stoffa 21,5h"},"content":{"rendered":"<p>Este \u00e1ngel de Nuvole di Stoffa es una presencia delicada, capaz de hacer especial incluso una simple estanter\u00eda. Su figura es esbelta, con un vestido largo <strong>rosa marfil<\/strong> de acabado suave y amplias alas con ligeros reflejos <strong>nacarados<\/strong>. El detalle llamativo es la <strong>guirnalda en forma de coraz\u00f3n<\/strong> compuesta por flores violeta\/lila, rom\u00e1ntica a la par que elegante, perfecta para los amantes de los ambientes shabby chic m\u00e1s refinados. En la base, un friso floral en relieve se hace eco de la misma paleta y cierra el conjunto con equilibrio. Precioso como idea regalo simb\u00f3lica (amor, protecci\u00f3n, buena suerte) o para combinar con otros elementos florales en el hogar.    <\/p>\n<ul>\n<li>Guirnalda de corazones de flores moradas: detalle distintivo<\/li>\n<li>Alas anchas con reflejos nacarados, efecto luminoso<\/li>\n<li>Vestido sombreado rosa empolvado\/marfil, elegante y delicado<\/li>\n<li>Decoraci\u00f3n floral a juego en la base (lila y verde)<\/li>\n<li>Perfecto en una consola, mesilla de noche o estanter\u00eda, tambi\u00e9n como regalo<\/li>\n<\/ul>\n","protected":false},"excerpt":{"rendered":"<p>Un refinado \u00e1ngel decorativo en tonos <strong>rosa empolvado y marfil<\/strong>, con alas luminosas con reflejos nacarados. Lleva un vestido largo sombreado y una delicada corona de florecillas en el pelo. En sus manos sostiene una <strong>guirnalda en forma de coraz\u00f3n<\/strong> de peque\u00f1as flores <strong>moradas\/lilas<\/strong>, tambi\u00e9n reflejadas en la decoraci\u00f3n floral de la base: un detalle rom\u00e1ntico perfecto para una decoraci\u00f3n dulce.  <\/p>\n<p>Dimensiones: <strong>8,5 x 6 x 21,5 cm<\/strong><\/p>\n","protected":false},"featured_media":225553,"comment_status":"open","ping_status":"closed","template":"","meta":{"_joinchat":[]},"pwb-brand":[2090],"product_brand":[],"product_cat":[2396],"product_tag":[2308,3402],"class_list":{"0":"post-225555","1":"product","2":"type-product","3":"status-publish","4":"has-post-thumbnail","6":"pwb-brand-nuvole-di-stoffa-es","7":"product_cat-objetos","8":"product_tag-angeles","9":"product_tag-colleccion-fiorira","11":"first","12":"instock","13":"taxable","14":"shipping-taxable","15":"purchasable","16":"product-type-simple"},"brands":[{"id":2090,"name":"Nuvole di Stoffa","slug":"nuvole-di-stoffa-es"}],"_links":{"self":[{"href":"https:\/\/www.tendenzeshabbychic.it\/es\/wp-json\/wp\/v2\/product\/225555","targetHints":{"allow":["GET"]}}],"collection":[{"href":"https:\/\/www.tendenzeshabbychic.it\/es\/wp-json\/wp\/v2\/product"}],"about":[{"href":"https:\/\/www.tendenzeshabbychic.it\/es\/wp-json\/wp\/v2\/types\/product"}],"replies":[{"embeddable":true,"href":"https:\/\/www.tendenzeshabbychic.it\/es\/wp-json\/wp\/v2\/comments?post=225555"}],"wp:featuredmedia":[{"embeddable":true,"href":"https:\/\/www.tendenzeshabbychic.it\/es\/wp-json\/wp\/v2\/media\/225553"}],"wp:attachment":[{"href":"https:\/\/www.tendenzeshabbychic.it\/es\/wp-json\/wp\/v2\/media?parent=225555"}],"wp:term":[{"taxonomy":"pwb-brand","embeddable":true,"href":"https:\/\/www.tendenzeshabbychic.it\/es\/wp-json\/wp\/v2\/pwb-brand?post=225555"},{"taxonomy":"product_brand","embeddable":true,"href":"https:\/\/www.tendenzeshabbychic.it\/es\/wp-json\/wp\/v2\/product_brand?post=225555"},{"taxonomy":"product_cat","embeddable":true,"href":"https:\/\/www.tendenzeshabbychic.it\/es\/wp-json\/wp\/v2\/product_cat?post=225555"},{"taxonomy":"product_tag","embeddable":true,"href":"https:\/\/www.tendenzeshabbychic.it\/es\/wp-json\/wp\/v2\/product_tag?post=225555"}],"curies":[{"name":"wp","href":"https:\/\/api.w.org\/{rel}","templated":true}]}}