{"id":225537,"date":"2026-01-27T14:57:28","date_gmt":"2026-01-27T13:57:28","guid":{"rendered":"https:\/\/www.tendenzeshabbychic.it\/prodotto\/mantel-nuvole-di-stoffa-melisse-155x200-garden-chic\/"},"modified":"2026-01-27T22:57:33","modified_gmt":"2026-01-27T21:57:33","slug":"mantel-nuvole-di-stoffa-melisse-155x200-garden-chic","status":"publish","type":"product","link":"https:\/\/www.tendenzeshabbychic.it\/es\/producto\/mantel-nuvole-di-stoffa-melisse-155x200-garden-chic\/","title":{"rendered":"Mantel Nuvole di Stoffa Melisse 155&#215;200 Garden Chic"},"content":{"rendered":"<p>Delicado a la vista, pr\u00e1ctico en el d\u00eda a d\u00eda: el mantel Nuvole di Stoffa <strong>Melisse<\/strong> <strong>(<\/strong>colecci\u00f3n <strong>Garden Chic<\/strong>) viste la mesa con un estampado floral suave y femenino, donde <strong>el empolvado<\/strong> y el <strong>malva<\/strong> se entrelazan con toques de verde sobre una base clara. El acabado <strong>plastificado<\/strong> ayuda a protegerla de ca\u00eddas y manchas: una pasada y la mesa vuelve a estar perfecta, ideal incluso con ni\u00f1os o al recibir invitados. El <strong>volante rosa<\/strong> del borde a\u00f1ade movimiento y un detalle \u00absartorial\u00bb que marca la diferencia.  <\/p>\n<ul>\n<li>Plastificado antimanchas: limpieza r\u00e1pida<\/li>\n<li>Fantas\u00eda rom\u00e1ntica y luminosa de Melisse<\/li>\n<li>Cenefa de volantes rosa, estilo Shabby Chic<\/li>\n<li>Formato pr\u00e1ctico para mesas medianas<\/li>\n<li>Perfecto para la cocina, la terraza y el recibidor<\/li>\n<\/ul>\n","protected":false},"excerpt":{"rendered":"<p>Mantel <strong>plastificado antimanchas<\/strong> de la colecci\u00f3n <strong>Garden Chic<\/strong> con estampado <strong>Melisse<\/strong>: un rom\u00e1ntico ramo de flores en tonos <strong>rosa empolvado, malva y verde salvia<\/strong> sobre un fondo claro. La superficie es <strong>lisa y ligeramente brillante<\/strong>, ideal para el uso diario, ya que se limpia en un instante. El borde est\u00e1 rematado con un suave <strong>volante rosa<\/strong> que le confiere de inmediato una elegancia Shabby Chic.  <\/p>\n<p><strong>Dimensiones<\/strong><br \/>\nDimensiones <strong>155 x 200 cm<\/strong><\/p>\n","protected":false},"featured_media":225535,"comment_status":"open","ping_status":"closed","template":"","meta":{"_joinchat":[]},"pwb-brand":[2090],"product_brand":[],"product_cat":[2338,2377],"product_tag":[3423,2941],"class_list":{"0":"post-225537","1":"product","2":"type-product","3":"status-publish","4":"has-post-thumbnail","6":"pwb-brand-nuvole-di-stoffa-es","7":"product_cat-manteles","8":"product_cat-la-mesa","9":"product_tag-coleccion-garden-chic","10":"product_tag-jardin-es","12":"first","13":"instock","14":"taxable","15":"shipping-taxable","16":"purchasable","17":"product-type-simple"},"brands":[{"id":2090,"name":"Nuvole di Stoffa","slug":"nuvole-di-stoffa-es"}],"_links":{"self":[{"href":"https:\/\/www.tendenzeshabbychic.it\/es\/wp-json\/wp\/v2\/product\/225537","targetHints":{"allow":["GET"]}}],"collection":[{"href":"https:\/\/www.tendenzeshabbychic.it\/es\/wp-json\/wp\/v2\/product"}],"about":[{"href":"https:\/\/www.tendenzeshabbychic.it\/es\/wp-json\/wp\/v2\/types\/product"}],"replies":[{"embeddable":true,"href":"https:\/\/www.tendenzeshabbychic.it\/es\/wp-json\/wp\/v2\/comments?post=225537"}],"wp:featuredmedia":[{"embeddable":true,"href":"https:\/\/www.tendenzeshabbychic.it\/es\/wp-json\/wp\/v2\/media\/225535"}],"wp:attachment":[{"href":"https:\/\/www.tendenzeshabbychic.it\/es\/wp-json\/wp\/v2\/media?parent=225537"}],"wp:term":[{"taxonomy":"pwb-brand","embeddable":true,"href":"https:\/\/www.tendenzeshabbychic.it\/es\/wp-json\/wp\/v2\/pwb-brand?post=225537"},{"taxonomy":"product_brand","embeddable":true,"href":"https:\/\/www.tendenzeshabbychic.it\/es\/wp-json\/wp\/v2\/product_brand?post=225537"},{"taxonomy":"product_cat","embeddable":true,"href":"https:\/\/www.tendenzeshabbychic.it\/es\/wp-json\/wp\/v2\/product_cat?post=225537"},{"taxonomy":"product_tag","embeddable":true,"href":"https:\/\/www.tendenzeshabbychic.it\/es\/wp-json\/wp\/v2\/product_tag?post=225537"}],"curies":[{"name":"wp","href":"https:\/\/api.w.org\/{rel}","templated":true}]}}