{"id":225504,"date":"2026-01-27T07:00:40","date_gmt":"2026-01-27T06:00:40","guid":{"rendered":"https:\/\/www.tendenzeshabbychic.it\/prodotto\/nuvole-di-stoffa-placa-de-identificacion-my-home-16x17-cm\/"},"modified":"2026-01-27T07:00:40","modified_gmt":"2026-01-27T06:00:40","slug":"nuvole-di-stoffa-placa-de-identificacion-my-home-16x17-cm","status":"publish","type":"product","link":"https:\/\/www.tendenzeshabbychic.it\/es\/producto\/nuvole-di-stoffa-placa-de-identificacion-my-home-16x17-cm\/","title":{"rendered":"Nuvole di Stoffa Placa de identificaci\u00f3n My Home 16&#215;17 cm"},"content":{"rendered":"<p>Esta placa con forma de casa de la colecci\u00f3n <strong>My Home<\/strong> Nuvole di Stoffa es un peque\u00f1o accesorio de decoraci\u00f3n que transmite calidez y sentimiento. Fabricada en madera, presenta un techo en acabado natural ligeramente texturizado y una superficie frontal lisa y mate en delicados tonos polvo, gris paloma o blanco leche. Las dedicatorias, impresas en un color claro con una fuente esencial, est\u00e1n adornadas con un coraz\u00f3n decorativo que evoca el ambiente acogedor del hogar. Perfectas para crear rincones llenos de emoci\u00f3n o como idea de regalo con un profundo significado.   <\/p>\n<p><strong>Fortalezas<\/strong><\/p>\n<ul>\n<li>Dise\u00f1o en forma de casa, s\u00edmbolo de bienvenida<\/li>\n<li>Madera natural con elegante acabado mate<\/li>\n<li>Dedicatorias decorativas con un fuerte valor emocional<\/li>\n<li>Colores neutros f\u00e1ciles de combinar<\/li>\n<li>Ideal como regalo o decoraci\u00f3n Shabby Chic<\/li>\n<\/ul>\n","protected":false},"excerpt":{"rendered":"<p>Delicada placa decorativa de madera con forma de casa, colecci\u00f3n <strong>My Home<\/strong> Nuvole di Stoffa. La estructura presenta un tejado de madera natural con un acabado ligeramente rugoso y una base lisa pintada en tonos neutros y polvorientos. Las frases decorativas est\u00e1n impresas en letras finas y sutiles, enriquecidas por un peque\u00f1o coraz\u00f3n central que aporta un toque rom\u00e1ntico. Ideal para colocar en estanter\u00edas, consolas o librer\u00edas.   <\/p>\n<p><em>Dimensiones:<\/em><br \/>\n16 x 17 x 1,7 cm<\/p>\n","protected":false},"featured_media":225493,"comment_status":"open","ping_status":"closed","template":"","meta":{"_joinchat":[]},"pwb-brand":[1563],"product_brand":[],"product_cat":[2396],"product_tag":[1296],"class_list":{"0":"post-225504","1":"product","2":"type-product","3":"status-publish","4":"has-post-thumbnail","6":"pwb-brand-nuvole-di-stoffa-fr","7":"product_cat-objetos","8":"product_tag-idee-de-cadeau","10":"first","11":"instock","12":"taxable","13":"shipping-taxable","14":"purchasable","15":"product-type-variable"},"brands":[{"id":2090,"name":"Nuvole di Stoffa","slug":"nuvole-di-stoffa-es"}],"_links":{"self":[{"href":"https:\/\/www.tendenzeshabbychic.it\/es\/wp-json\/wp\/v2\/product\/225504","targetHints":{"allow":["GET"]}}],"collection":[{"href":"https:\/\/www.tendenzeshabbychic.it\/es\/wp-json\/wp\/v2\/product"}],"about":[{"href":"https:\/\/www.tendenzeshabbychic.it\/es\/wp-json\/wp\/v2\/types\/product"}],"replies":[{"embeddable":true,"href":"https:\/\/www.tendenzeshabbychic.it\/es\/wp-json\/wp\/v2\/comments?post=225504"}],"wp:featuredmedia":[{"embeddable":true,"href":"https:\/\/www.tendenzeshabbychic.it\/es\/wp-json\/wp\/v2\/media\/225493"}],"wp:attachment":[{"href":"https:\/\/www.tendenzeshabbychic.it\/es\/wp-json\/wp\/v2\/media?parent=225504"}],"wp:term":[{"taxonomy":"pwb-brand","embeddable":true,"href":"https:\/\/www.tendenzeshabbychic.it\/es\/wp-json\/wp\/v2\/pwb-brand?post=225504"},{"taxonomy":"product_brand","embeddable":true,"href":"https:\/\/www.tendenzeshabbychic.it\/es\/wp-json\/wp\/v2\/product_brand?post=225504"},{"taxonomy":"product_cat","embeddable":true,"href":"https:\/\/www.tendenzeshabbychic.it\/es\/wp-json\/wp\/v2\/product_cat?post=225504"},{"taxonomy":"product_tag","embeddable":true,"href":"https:\/\/www.tendenzeshabbychic.it\/es\/wp-json\/wp\/v2\/product_tag?post=225504"}],"curies":[{"name":"wp","href":"https:\/\/api.w.org\/{rel}","templated":true}]}}