{"id":225432,"date":"2026-01-27T00:00:01","date_gmt":"2026-01-26T23:00:01","guid":{"rendered":"https:\/\/www.tendenzeshabbychic.it\/prodotto\/nuvole-di-stoffa-placa-metalica-love-42-cm\/"},"modified":"2026-04-11T17:14:00","modified_gmt":"2026-04-11T15:14:00","slug":"nuvole-di-stoffa-placa-metalica-love-42-cm","status":"publish","type":"product","link":"https:\/\/www.tendenzeshabbychic.it\/es\/producto\/nuvole-di-stoffa-placa-metalica-love-42-cm\/","title":{"rendered":"Nuvole di Stoffa Placa met\u00e1lica &#8216;LOVE&#8217; 42 cm"},"content":{"rendered":"<p>Un mensaje dulce, listo para dar car\u00e1cter al hogar. La placa \u00abAMOR\u00bb de Nuvole di Stoffa es de metal con forma perfilada y acabado transparente, enmarcada por un borde verde salvia que le da un aspecto refinado y luminoso. Las ilustraciones en acuarela de p\u00e1jaros, ramitas y flores (con peque\u00f1os toques de rosa y amarillo suave) crean un delicado efecto \u00abcountry chic\u00bb. Perfecto para colgar en el recibidor, en el dormitorio o encima de una consola: un momento y el ambiente cambia.   <\/p>\n<ul>\n<li>Metal con perfil de forma elegante<\/li>\n<li>Paleta marfil\/verde salvia f\u00e1cil de combinar<\/li>\n<li>Decoraci\u00f3n floral superrom\u00e1ntica y p\u00e1jaros<\/li>\n<li>Impactante gui\u00f3n \u00abEl AMOR empieza contigo<\/li>\n<li>Tambi\u00e9n es ideal como regalo de coraz\u00f3n<\/li>\n<\/ul>\n","protected":false},"excerpt":{"rendered":"<p>Placa met\u00e1lica decorativa de estilo rom\u00e1ntico, con perfil perfilado y borde doble de color verde salvia. Fondo marfil con ilustraciones en acuarela de p\u00e1jaros, delicadas flores y una mariposa; inscripci\u00f3n central \u00abEl AMOR empieza contigo\u00bb en un estilo elegante, con un ligero efecto en relieve que le a\u00f1ade profundidad. Un detalle que alegra de inmediato el recibidor, la cocina o una pared Shabby Chic.  <\/p>\n<p><strong>Dimensiones:<\/strong> 42 x H 26,5 cm<\/p>\n","protected":false},"featured_media":228826,"comment_status":"open","ping_status":"closed","template":"","meta":{"_joinchat":[]},"pwb-brand":[1563],"product_brand":[],"product_cat":[2368],"product_tag":[3416,3438,2940],"class_list":{"0":"post-225432","1":"product","2":"type-product","3":"status-publish","4":"has-post-thumbnail","6":"pwb-brand-nuvole-di-stoffa-fr","7":"product_cat-pinturas-y-lienzos","8":"product_tag-collection-sweet-bear","9":"product_tag-decorations-suspendues","10":"product_tag-jardin","12":"first","13":"instock","14":"taxable","15":"shipping-taxable","16":"purchasable","17":"product-type-simple"},"brands":[{"id":2090,"name":"Nuvole di Stoffa","slug":"nuvole-di-stoffa-es"}],"_links":{"self":[{"href":"https:\/\/www.tendenzeshabbychic.it\/es\/wp-json\/wp\/v2\/product\/225432","targetHints":{"allow":["GET"]}}],"collection":[{"href":"https:\/\/www.tendenzeshabbychic.it\/es\/wp-json\/wp\/v2\/product"}],"about":[{"href":"https:\/\/www.tendenzeshabbychic.it\/es\/wp-json\/wp\/v2\/types\/product"}],"replies":[{"embeddable":true,"href":"https:\/\/www.tendenzeshabbychic.it\/es\/wp-json\/wp\/v2\/comments?post=225432"}],"wp:featuredmedia":[{"embeddable":true,"href":"https:\/\/www.tendenzeshabbychic.it\/es\/wp-json\/wp\/v2\/media\/228826"}],"wp:attachment":[{"href":"https:\/\/www.tendenzeshabbychic.it\/es\/wp-json\/wp\/v2\/media?parent=225432"}],"wp:term":[{"taxonomy":"pwb-brand","embeddable":true,"href":"https:\/\/www.tendenzeshabbychic.it\/es\/wp-json\/wp\/v2\/pwb-brand?post=225432"},{"taxonomy":"product_brand","embeddable":true,"href":"https:\/\/www.tendenzeshabbychic.it\/es\/wp-json\/wp\/v2\/product_brand?post=225432"},{"taxonomy":"product_cat","embeddable":true,"href":"https:\/\/www.tendenzeshabbychic.it\/es\/wp-json\/wp\/v2\/product_cat?post=225432"},{"taxonomy":"product_tag","embeddable":true,"href":"https:\/\/www.tendenzeshabbychic.it\/es\/wp-json\/wp\/v2\/product_tag?post=225432"}],"curies":[{"name":"wp","href":"https:\/\/api.w.org\/{rel}","templated":true}]}}