{"id":225411,"date":"2026-01-27T22:59:01","date_gmt":"2026-01-27T21:59:01","guid":{"rendered":"https:\/\/www.tendenzeshabbychic.it\/prodotto\/nuvole-di-stoffa-mezzo-vaso-parete-fiorira-h-41\/"},"modified":"2026-01-27T12:00:44","modified_gmt":"2026-01-27T11:00:44","slug":"nuvole-di-stoffa-mezzo-vaso-parete-fiorira-h-41","status":"publish","type":"product","link":"https:\/\/www.tendenzeshabbychic.it\/es\/producto\/nuvole-di-stoffa-mezzo-vaso-parete-fiorira-h-41\/","title":{"rendered":"Nuvole di Stoffa Mezzo Vaso Parete Fiorir\u00e0 h 41"},"content":{"rendered":"<p>Un complemento que inmediatamente hace \u00abhogar\u00bb. Este jarr\u00f3n de pared Nuvole di Stoffa, de la colecci\u00f3n <strong>Fiorir\u00e0<\/strong>, es de metal pintado con un perfil verde y un delicado gr\u00e1fico floral: margaritas, capullos y peque\u00f1as abejas que parecen pintadas a mano. La inscripci\u00f3n <strong>\u00abHogar, dulce hogar\u00bb<\/strong> lo hace perfecto en el recibidor o junto a la ventana francesa, para dar una c\u00e1lida y afectuosa bienvenida. Util\u00edzalo con plantones ca\u00eddos, flores secas o arreglos de temporada: con poco, el rinc\u00f3n cambia de cara.   <\/p>\n<ul>\n<li>Metal pintado: duradero y decorativo<\/li>\n<li>Motivo floral Fiorir\u00e0 con abejas, efecto acuarela<\/li>\n<li>Destacado \u00abHogar, dulce hogar<\/li>\n<li>Ideal para entradas, cocina, balc\u00f3n y veranda<\/li>\n<li>Tambi\u00e9n es ideal como idea de regalo para los amantes del Shabby Chic<\/li>\n<\/ul>\n","protected":false},"excerpt":{"rendered":"<p>Medio jarr\u00f3n de pared <strong>met\u00e1lico<\/strong> de la colecci\u00f3n <strong>Fiorir\u00e0<\/strong>, perfecto para dar un toque rom\u00e1ntico al recibidor, la cocina o la terraza. Fondo blanco con borde verde, decoraciones florales en acuarela (margaritas, hojas, florecillas) y dulces detalles de abejas. En la parte delantera, destacan las palabras <strong>\u00abHogar, dulce hogar\u00bb<\/strong> en verde: acogedor y siempre actual.  <\/p>\n<p><strong>Dimensiones<\/strong><br \/>\nDimensiones L x An x Al cm: <strong>27,5 x 9 x 41 cm.<\/strong><\/p>\n","protected":false},"featured_media":226329,"comment_status":"closed","ping_status":"closed","template":"","meta":{"_joinchat":[]},"pwb-brand":[1563],"product_brand":[],"product_cat":[2357],"product_tag":[3401],"class_list":{"0":"post-225411","1":"product","2":"type-product","3":"status-publish","4":"has-post-thumbnail","6":"pwb-brand-nuvole-di-stoffa-fr","7":"product_cat-jarrones","8":"product_tag-collection-fiorira","10":"first","11":"instock","12":"taxable","13":"shipping-taxable","14":"purchasable","15":"product-type-simple"},"brands":[{"id":2090,"name":"Nuvole di Stoffa","slug":"nuvole-di-stoffa-es"}],"_links":{"self":[{"href":"https:\/\/www.tendenzeshabbychic.it\/es\/wp-json\/wp\/v2\/product\/225411","targetHints":{"allow":["GET"]}}],"collection":[{"href":"https:\/\/www.tendenzeshabbychic.it\/es\/wp-json\/wp\/v2\/product"}],"about":[{"href":"https:\/\/www.tendenzeshabbychic.it\/es\/wp-json\/wp\/v2\/types\/product"}],"replies":[{"embeddable":true,"href":"https:\/\/www.tendenzeshabbychic.it\/es\/wp-json\/wp\/v2\/comments?post=225411"}],"wp:featuredmedia":[{"embeddable":true,"href":"https:\/\/www.tendenzeshabbychic.it\/es\/wp-json\/wp\/v2\/media\/226329"}],"wp:attachment":[{"href":"https:\/\/www.tendenzeshabbychic.it\/es\/wp-json\/wp\/v2\/media?parent=225411"}],"wp:term":[{"taxonomy":"pwb-brand","embeddable":true,"href":"https:\/\/www.tendenzeshabbychic.it\/es\/wp-json\/wp\/v2\/pwb-brand?post=225411"},{"taxonomy":"product_brand","embeddable":true,"href":"https:\/\/www.tendenzeshabbychic.it\/es\/wp-json\/wp\/v2\/product_brand?post=225411"},{"taxonomy":"product_cat","embeddable":true,"href":"https:\/\/www.tendenzeshabbychic.it\/es\/wp-json\/wp\/v2\/product_cat?post=225411"},{"taxonomy":"product_tag","embeddable":true,"href":"https:\/\/www.tendenzeshabbychic.it\/es\/wp-json\/wp\/v2\/product_tag?post=225411"}],"curies":[{"name":"wp","href":"https:\/\/api.w.org\/{rel}","templated":true}]}}