{"id":224786,"date":"2026-01-22T09:00:57","date_gmt":"2026-01-22T08:00:57","guid":{"rendered":"https:\/\/www.tendenzeshabbychic.it\/prodotto\/edg-rama-de-allium-rosa-antiguo-h-78-cm\/"},"modified":"2026-01-22T09:00:57","modified_gmt":"2026-01-22T08:00:57","slug":"edg-rama-de-allium-rosa-antiguo-h-78-cm","status":"publish","type":"product","link":"https:\/\/www.tendenzeshabbychic.it\/es\/producto\/edg-rama-de-allium-rosa-antiguo-h-78-cm\/","title":{"rendered":"EDG Rama de Allium Rosa Antiguo H 78 cm"},"content":{"rendered":"<p>La rama de allium rosa antiguo Enzo de Gasperi es una flor artificial elegante y visualmente impactante. La inflorescencia esf\u00e9rica se compone de numerosas flores peque\u00f1as con delicados p\u00e9talos, caracterizadas por un intenso tono rosa antiguo con matices m\u00e1s claros que realzan su realismo.<br \/>\nEl tallo largo y limpio tiene un n\u00facleo interno de metal, que permite dar forma a la rama y orientarla seg\u00fan las propias necesidades decorativas. Fabricada en pl\u00e1stico de alta calidad, es ideal para jarrones altos, arreglos esc\u00e9nicos o arreglos Shabby Chic y rom\u00e1nticos, que no requieren mantenimiento.  <\/p>\n<p><strong>Ideas y calidad del mobiliario<\/strong><\/p>\n<ul>\n<li>Inflorescencia esf\u00e9rica completa y decorativa<\/li>\n<li>Elegante y envolvente color rosa antiguo<\/li>\n<li>V\u00e1stago con n\u00facleo met\u00e1lico moldeable<\/li>\n<li>Perfecto para jarrones altos o composiciones minimalistas<\/li>\n<li>Ideal en combinaci\u00f3n con flores artificiales EDG en tonos neutros o empolvados<\/li>\n<\/ul>\n","protected":false},"excerpt":{"rendered":"<p>Rama artificial de allium rosa antiguo con una rica y decorativa inflorescencia esf\u00e9rica. Refinada y esc\u00e9nica para jarrones altos. <\/p>\n<p>\ud83d\udccf A 78 x P 14 cm<\/p>\n","protected":false},"featured_media":224779,"comment_status":"open","ping_status":"closed","template":"","meta":{"_joinchat":[]},"pwb-brand":[2084],"product_brand":[],"product_cat":[2773,2387],"product_tag":[],"class_list":{"0":"post-224786","1":"product","2":"type-product","3":"status-publish","4":"has-post-thumbnail","6":"pwb-brand-edg-enzo-de-gasperi","7":"product_cat-flores-en-maceta","8":"product_cat-flores-y-plantas-artificiales","10":"first","11":"instock","12":"taxable","13":"shipping-taxable","14":"purchasable","15":"product-type-simple"},"brands":[{"id":2084,"name":"EDG - Enzo De Gasperi","slug":"edg-enzo-de-gasperi"}],"_links":{"self":[{"href":"https:\/\/www.tendenzeshabbychic.it\/es\/wp-json\/wp\/v2\/product\/224786","targetHints":{"allow":["GET"]}}],"collection":[{"href":"https:\/\/www.tendenzeshabbychic.it\/es\/wp-json\/wp\/v2\/product"}],"about":[{"href":"https:\/\/www.tendenzeshabbychic.it\/es\/wp-json\/wp\/v2\/types\/product"}],"replies":[{"embeddable":true,"href":"https:\/\/www.tendenzeshabbychic.it\/es\/wp-json\/wp\/v2\/comments?post=224786"}],"wp:featuredmedia":[{"embeddable":true,"href":"https:\/\/www.tendenzeshabbychic.it\/es\/wp-json\/wp\/v2\/media\/224779"}],"wp:attachment":[{"href":"https:\/\/www.tendenzeshabbychic.it\/es\/wp-json\/wp\/v2\/media?parent=224786"}],"wp:term":[{"taxonomy":"pwb-brand","embeddable":true,"href":"https:\/\/www.tendenzeshabbychic.it\/es\/wp-json\/wp\/v2\/pwb-brand?post=224786"},{"taxonomy":"product_brand","embeddable":true,"href":"https:\/\/www.tendenzeshabbychic.it\/es\/wp-json\/wp\/v2\/product_brand?post=224786"},{"taxonomy":"product_cat","embeddable":true,"href":"https:\/\/www.tendenzeshabbychic.it\/es\/wp-json\/wp\/v2\/product_cat?post=224786"},{"taxonomy":"product_tag","embeddable":true,"href":"https:\/\/www.tendenzeshabbychic.it\/es\/wp-json\/wp\/v2\/product_tag?post=224786"}],"curies":[{"name":"wp","href":"https:\/\/api.w.org\/{rel}","templated":true}]}}