{"id":224754,"date":"2026-01-22T09:30:04","date_gmt":"2026-01-22T08:30:04","guid":{"rendered":"https:\/\/www.tendenzeshabbychic.it\/prodotto\/edg-manojo-de-4-tulipanes-amarillos-sombreados-con-tacto-real-h-40\/"},"modified":"2026-04-09T11:14:16","modified_gmt":"2026-04-09T09:14:16","slug":"edg-manojo-de-4-tulipanes-amarillos-sombreados-con-tacto-real-h-40","status":"publish","type":"product","link":"https:\/\/www.tendenzeshabbychic.it\/es\/producto\/edg-manojo-de-4-tulipanes-amarillos-sombreados-con-tacto-real-h-40\/","title":{"rendered":"EDG Manojo de 4 Tulipanes Amarillos Sombreados con Tacto Real H 40"},"content":{"rendered":"<p>Este ramo de tulipanes de Enzo de Gasperi llama la atenci\u00f3n por sus brillantes tonos amarillo sol enriquecidos con elegantes matices anaranjados. Las cuatro flores presentan capullos cerrados, modelados con gran atenci\u00f3n al detalle, y p\u00e9talos con una textura ligeramente aterciopelada, t\u00edpica del efecto Real Touch. Los tallos verdes, suaves y flexibles, van acompa\u00f1ados de hojas alargadas y estriadas que amplifican el realismo del conjunto. Perfecta para dar energ\u00eda y calidez a las estancias, es ideal tanto en composiciones primaverales como elemento decorativo \u00fanico en macetas.   <\/p>\n<ul>\n<li>Cogollos cerrados con matices naturales amarillo-anaranjados<\/li>\n<li>Efecto Real Touch realista al tacto y a la vista<\/li>\n<li>Tallos y hojas verdes con un acabado natural<\/li>\n<li>Ideal para jarrones de cristal transparente o cer\u00e1mica<\/li>\n<li>Perfecto para decoraciones primaverales y ambientes luminosos<\/li>\n<\/ul>\n","protected":false},"excerpt":{"rendered":"<p>Manojo de 4 tulipanes blancos con capullo cerrado, efecto Real Touch. Tallos verdes naturales, aspecto fresco y elegante. <\/p>\n<p>\ud83d\udccf H 40 cm<\/p>\n","protected":false},"featured_media":224743,"comment_status":"open","ping_status":"closed","template":"","meta":{"_joinchat":[]},"pwb-brand":[2084],"product_brand":[],"product_cat":[2778,2387],"product_tag":[],"class_list":{"0":"post-224754","1":"product","2":"type-product","3":"status-publish","4":"has-post-thumbnail","6":"pwb-brand-edg-enzo-de-gasperi","7":"product_cat-tulipanes","8":"product_cat-flores-y-plantas-artificiales","10":"first","11":"instock","12":"taxable","13":"shipping-taxable","14":"purchasable","15":"product-type-simple"},"brands":[{"id":2084,"name":"EDG - Enzo De Gasperi","slug":"edg-enzo-de-gasperi"}],"_links":{"self":[{"href":"https:\/\/www.tendenzeshabbychic.it\/es\/wp-json\/wp\/v2\/product\/224754","targetHints":{"allow":["GET"]}}],"collection":[{"href":"https:\/\/www.tendenzeshabbychic.it\/es\/wp-json\/wp\/v2\/product"}],"about":[{"href":"https:\/\/www.tendenzeshabbychic.it\/es\/wp-json\/wp\/v2\/types\/product"}],"replies":[{"embeddable":true,"href":"https:\/\/www.tendenzeshabbychic.it\/es\/wp-json\/wp\/v2\/comments?post=224754"}],"wp:featuredmedia":[{"embeddable":true,"href":"https:\/\/www.tendenzeshabbychic.it\/es\/wp-json\/wp\/v2\/media\/224743"}],"wp:attachment":[{"href":"https:\/\/www.tendenzeshabbychic.it\/es\/wp-json\/wp\/v2\/media?parent=224754"}],"wp:term":[{"taxonomy":"pwb-brand","embeddable":true,"href":"https:\/\/www.tendenzeshabbychic.it\/es\/wp-json\/wp\/v2\/pwb-brand?post=224754"},{"taxonomy":"product_brand","embeddable":true,"href":"https:\/\/www.tendenzeshabbychic.it\/es\/wp-json\/wp\/v2\/product_brand?post=224754"},{"taxonomy":"product_cat","embeddable":true,"href":"https:\/\/www.tendenzeshabbychic.it\/es\/wp-json\/wp\/v2\/product_cat?post=224754"},{"taxonomy":"product_tag","embeddable":true,"href":"https:\/\/www.tendenzeshabbychic.it\/es\/wp-json\/wp\/v2\/product_tag?post=224754"}],"curies":[{"name":"wp","href":"https:\/\/api.w.org\/{rel}","templated":true}]}}