{"id":224726,"date":"2026-01-22T09:30:19","date_gmt":"2026-01-22T08:30:19","guid":{"rendered":"https:\/\/www.tendenzeshabbychic.it\/prodotto\/edg-ramo-4-tulipanes-morados-toque-real-h-40\/"},"modified":"2026-01-22T09:30:19","modified_gmt":"2026-01-22T08:30:19","slug":"edg-ramo-4-tulipanes-morados-toque-real-h-40","status":"publish","type":"product","link":"https:\/\/www.tendenzeshabbychic.it\/es\/producto\/edg-ramo-4-tulipanes-morados-toque-real-h-40\/","title":{"rendered":"EDG Ramo 4 Tulipanes Morados Toque Real H 40"},"content":{"rendered":"<p>Este ramo de tulipanes morados de Enzo de Gasperi destaca por su color intenso y sofisticado, perfecto para ambientes elegantes y contempor\u00e1neos. Las flores presentan capullos cerrados y parcialmente abiertos, con p\u00e9talos morados enriquecidos por tonos m\u00e1s claros y sutiles vetas que realzan su realismo. El coraz\u00f3n de la flor, delicadamente visible, aporta profundidad y naturalidad. Los tallos verdes son flexibles y bien proporcionados, acompa\u00f1ados de hojas alargadas y nervadas de aspecto aut\u00e9ntico. El efecto Real Touch hace que este ramo sea ideal para finas composiciones decorativas, tanto en ambientes modernos como en refinados ambientes Shabby Chic.    <\/p>\n<ul>\n<li>Capullos cerrados con elegantes tonos morados<\/li>\n<li>Efecto Real Touch realista al tacto y a la vista<\/li>\n<li>P\u00e9talos veteados con el coraz\u00f3n delicadamente visible<\/li>\n<li>Tallos flexibles y hojas verdes y delgadas<\/li>\n<li>Ideal para jarrones de cristal, cer\u00e1mica ligera o composiciones decorativas<\/li>\n<\/ul>\n","protected":false},"excerpt":{"rendered":"<p>Manojo de 4 tulipanes morados con capullo cerrado. Tonos elegantes, p\u00e9talos veteados y efecto natural Real Touch. <\/p>\n<p>\ud83d\udccf H 40 cm<\/p>\n","protected":false},"featured_media":224708,"comment_status":"open","ping_status":"closed","template":"","meta":{"_joinchat":[]},"pwb-brand":[776],"product_brand":[],"product_cat":[2778,2387],"product_tag":[],"class_list":{"0":"post-224726","1":"product","2":"type-product","3":"status-publish","4":"has-post-thumbnail","6":"pwb-brand-edg","7":"product_cat-tulipanes","8":"product_cat-flores-y-plantas-artificiales","10":"first","11":"outofstock","12":"taxable","13":"shipping-taxable","14":"purchasable","15":"product-type-simple"},"brands":[{"id":2084,"name":"EDG - Enzo De Gasperi","slug":"edg-enzo-de-gasperi"}],"_links":{"self":[{"href":"https:\/\/www.tendenzeshabbychic.it\/es\/wp-json\/wp\/v2\/product\/224726","targetHints":{"allow":["GET"]}}],"collection":[{"href":"https:\/\/www.tendenzeshabbychic.it\/es\/wp-json\/wp\/v2\/product"}],"about":[{"href":"https:\/\/www.tendenzeshabbychic.it\/es\/wp-json\/wp\/v2\/types\/product"}],"replies":[{"embeddable":true,"href":"https:\/\/www.tendenzeshabbychic.it\/es\/wp-json\/wp\/v2\/comments?post=224726"}],"wp:featuredmedia":[{"embeddable":true,"href":"https:\/\/www.tendenzeshabbychic.it\/es\/wp-json\/wp\/v2\/media\/224708"}],"wp:attachment":[{"href":"https:\/\/www.tendenzeshabbychic.it\/es\/wp-json\/wp\/v2\/media?parent=224726"}],"wp:term":[{"taxonomy":"pwb-brand","embeddable":true,"href":"https:\/\/www.tendenzeshabbychic.it\/es\/wp-json\/wp\/v2\/pwb-brand?post=224726"},{"taxonomy":"product_brand","embeddable":true,"href":"https:\/\/www.tendenzeshabbychic.it\/es\/wp-json\/wp\/v2\/product_brand?post=224726"},{"taxonomy":"product_cat","embeddable":true,"href":"https:\/\/www.tendenzeshabbychic.it\/es\/wp-json\/wp\/v2\/product_cat?post=224726"},{"taxonomy":"product_tag","embeddable":true,"href":"https:\/\/www.tendenzeshabbychic.it\/es\/wp-json\/wp\/v2\/product_tag?post=224726"}],"curies":[{"name":"wp","href":"https:\/\/api.w.org\/{rel}","templated":true}]}}