{"id":224616,"date":"2026-01-22T09:04:06","date_gmt":"2026-01-22T08:04:06","guid":{"rendered":"https:\/\/www.tendenzeshabbychic.it\/prodotto\/edg-orquidea-phalaenopsis-con-jarron-h47-cm\/"},"modified":"2026-01-22T09:04:06","modified_gmt":"2026-01-22T08:04:06","slug":"edg-orquidea-phalaenopsis-con-jarron-h47-cm","status":"publish","type":"product","link":"https:\/\/www.tendenzeshabbychic.it\/es\/producto\/edg-orquidea-phalaenopsis-con-jarron-h47-cm\/","title":{"rendered":"EDG Orqu\u00eddea Phalaenopsis con jarr\u00f3n H47 cm"},"content":{"rendered":"<p>Esta orqu\u00eddea Phalaenopsis de Enzo de Gasperi es una propuesta decorativa de gran refinamiento, ideal para ambientes elegantes y cuidados. Las flores tienen p\u00e9talos marfil con delicadas venas rosas y un centro fucsia intenso, enriquecido con peque\u00f1os capullos que aportan naturalidad a la composici\u00f3n. La rama ligeramente arqueada crea movimiento y armon\u00eda visual. Las hojas anchas, carnosas y de color verde oscuro tienen un acabado ligeramente brillante que reproduce fielmente el aspecto de la orqu\u00eddea natural. El jarr\u00f3n cil\u00edndrico est\u00e1 adornado con una textura geom\u00e9trica en relieve en tonos neutros, complementada con musgo decorativo en la superficie, para un efecto sofisticado y contempor\u00e1neo.    <\/p>\n<ul>\n<li>Flores con venas rosas y centro fucsia de gran realismo<\/li>\n<li>Brotes decorativos para un efecto natural y din\u00e1mico<\/li>\n<li>Hojas anchas, verde oscuro, ligeramente brillantes<\/li>\n<li>Jarr\u00f3n decorado con una textura elegante y moderna<\/li>\n<li>Perfecto para consolas, mesas y espacios de vida refinados<\/li>\n<\/ul>\n","protected":false},"excerpt":{"rendered":"<p>Orqu\u00eddea Phalaenopsis artificial con flores rosas veteadas y centro fucsia, hojas verdes realistas y jarr\u00f3n elegantemente decorado.<\/p>\n<p>\ud83d\udccf H 47 cm<\/p>\n<p>\ud83d\udccf Jarr\u00f3n: H 10,5 x P 10,5 cm<\/p>\n","protected":false},"featured_media":224610,"comment_status":"open","ping_status":"closed","template":"","meta":{"_joinchat":[]},"pwb-brand":[2084],"product_brand":[],"product_cat":[2774,2387],"product_tag":[],"class_list":{"0":"post-224616","1":"product","2":"type-product","3":"status-publish","4":"has-post-thumbnail","6":"pwb-brand-edg-enzo-de-gasperi","7":"product_cat-orquideas","8":"product_cat-flores-y-plantas-artificiales","10":"first","11":"instock","12":"taxable","13":"shipping-taxable","14":"purchasable","15":"product-type-simple"},"brands":[{"id":2084,"name":"EDG - Enzo De Gasperi","slug":"edg-enzo-de-gasperi"}],"_links":{"self":[{"href":"https:\/\/www.tendenzeshabbychic.it\/es\/wp-json\/wp\/v2\/product\/224616","targetHints":{"allow":["GET"]}}],"collection":[{"href":"https:\/\/www.tendenzeshabbychic.it\/es\/wp-json\/wp\/v2\/product"}],"about":[{"href":"https:\/\/www.tendenzeshabbychic.it\/es\/wp-json\/wp\/v2\/types\/product"}],"replies":[{"embeddable":true,"href":"https:\/\/www.tendenzeshabbychic.it\/es\/wp-json\/wp\/v2\/comments?post=224616"}],"wp:featuredmedia":[{"embeddable":true,"href":"https:\/\/www.tendenzeshabbychic.it\/es\/wp-json\/wp\/v2\/media\/224610"}],"wp:attachment":[{"href":"https:\/\/www.tendenzeshabbychic.it\/es\/wp-json\/wp\/v2\/media?parent=224616"}],"wp:term":[{"taxonomy":"pwb-brand","embeddable":true,"href":"https:\/\/www.tendenzeshabbychic.it\/es\/wp-json\/wp\/v2\/pwb-brand?post=224616"},{"taxonomy":"product_brand","embeddable":true,"href":"https:\/\/www.tendenzeshabbychic.it\/es\/wp-json\/wp\/v2\/product_brand?post=224616"},{"taxonomy":"product_cat","embeddable":true,"href":"https:\/\/www.tendenzeshabbychic.it\/es\/wp-json\/wp\/v2\/product_cat?post=224616"},{"taxonomy":"product_tag","embeddable":true,"href":"https:\/\/www.tendenzeshabbychic.it\/es\/wp-json\/wp\/v2\/product_tag?post=224616"}],"curies":[{"name":"wp","href":"https:\/\/api.w.org\/{rel}","templated":true}]}}