{"id":224512,"date":"2026-01-22T09:00:01","date_gmt":"2026-01-22T08:00:01","guid":{"rendered":"https:\/\/www.tendenzeshabbychic.it\/prodotto\/edg-rama-de-escabiosa-rosa-malva-6-flores-h-66-cm\/"},"modified":"2026-01-22T09:00:01","modified_gmt":"2026-01-22T08:00:01","slug":"edg-rama-de-escabiosa-rosa-malva-6-flores-h-66-cm","status":"publish","type":"product","link":"https:\/\/www.tendenzeshabbychic.it\/es\/producto\/edg-rama-de-escabiosa-rosa-malva-6-flores-h-66-cm\/","title":{"rendered":"EDG Rama de Escabiosa Rosa Malva 6 Flores H 66 cm"},"content":{"rendered":"<p>La rama de escabiosa rosa malva Enzo de Gasperi es una flor artificial con un encanto rom\u00e1ntico y natural. Las seis flores, reunidas en ligeras esferas, tienen p\u00e9talos esbeltos con delicados tonos rosa malva y un centro claro, adornado con ligeras vetas que le dan profundidad y realismo.<br \/>\nEl esbelto tallo tiene un n\u00facleo met\u00e1lico interior, que te permite dar forma y orientar la rama seg\u00fan tus necesidades decorativas. Fabricada en pl\u00e1stico de calidad, es perfecta para jarrones altos, arreglos mixtos o arreglos Shabby Chic y primaverales, sin necesidad de mantenimiento.  <\/p>\n<p><strong>Ideas y calidad del mobiliario<\/strong><\/p>\n<ul>\n<li>Seis flores rosa malva con ligeros matices naturales<\/li>\n<li>V\u00e1stago flexible con n\u00facleo met\u00e1lico moldeable<\/li>\n<li>Efecto ligero y refinado, ideal para composiciones elegantes<\/li>\n<li>Perfecto en jarrones altos o ramos rom\u00e1nticos<\/li>\n<li>Excelente combinaci\u00f3n con flores artificiales EDG en tonos neutros o pastel<\/li>\n<\/ul>\n","protected":false},"excerpt":{"rendered":"<p>Rama artificial de scabiosa rosa malva con seis delicadas flores. Elegante y moldeable, ideal para arreglos florales refinados.<br \/>\n\ud83d\udccf H 66 cm<\/p>\n","protected":false},"featured_media":224508,"comment_status":"open","ping_status":"closed","template":"","meta":{"_joinchat":[]},"pwb-brand":[2084],"product_brand":[],"product_cat":[2773,2387],"product_tag":[],"class_list":{"0":"post-224512","1":"product","2":"type-product","3":"status-publish","4":"has-post-thumbnail","6":"pwb-brand-edg-enzo-de-gasperi","7":"product_cat-flores-en-maceta","8":"product_cat-flores-y-plantas-artificiales","10":"first","11":"instock","12":"taxable","13":"shipping-taxable","14":"purchasable","15":"product-type-simple"},"brands":[{"id":2084,"name":"EDG - Enzo De Gasperi","slug":"edg-enzo-de-gasperi"}],"_links":{"self":[{"href":"https:\/\/www.tendenzeshabbychic.it\/es\/wp-json\/wp\/v2\/product\/224512","targetHints":{"allow":["GET"]}}],"collection":[{"href":"https:\/\/www.tendenzeshabbychic.it\/es\/wp-json\/wp\/v2\/product"}],"about":[{"href":"https:\/\/www.tendenzeshabbychic.it\/es\/wp-json\/wp\/v2\/types\/product"}],"replies":[{"embeddable":true,"href":"https:\/\/www.tendenzeshabbychic.it\/es\/wp-json\/wp\/v2\/comments?post=224512"}],"wp:featuredmedia":[{"embeddable":true,"href":"https:\/\/www.tendenzeshabbychic.it\/es\/wp-json\/wp\/v2\/media\/224508"}],"wp:attachment":[{"href":"https:\/\/www.tendenzeshabbychic.it\/es\/wp-json\/wp\/v2\/media?parent=224512"}],"wp:term":[{"taxonomy":"pwb-brand","embeddable":true,"href":"https:\/\/www.tendenzeshabbychic.it\/es\/wp-json\/wp\/v2\/pwb-brand?post=224512"},{"taxonomy":"product_brand","embeddable":true,"href":"https:\/\/www.tendenzeshabbychic.it\/es\/wp-json\/wp\/v2\/product_brand?post=224512"},{"taxonomy":"product_cat","embeddable":true,"href":"https:\/\/www.tendenzeshabbychic.it\/es\/wp-json\/wp\/v2\/product_cat?post=224512"},{"taxonomy":"product_tag","embeddable":true,"href":"https:\/\/www.tendenzeshabbychic.it\/es\/wp-json\/wp\/v2\/product_tag?post=224512"}],"curies":[{"name":"wp","href":"https:\/\/api.w.org\/{rel}","templated":true}]}}