{"id":224371,"date":"2026-01-22T10:50:57","date_gmt":"2026-01-22T09:50:57","guid":{"rendered":"https:\/\/www.tendenzeshabbychic.it\/prodotto\/edg-portavelas-de-cristal-flor-h125-cm\/"},"modified":"2026-04-05T12:05:49","modified_gmt":"2026-04-05T10:05:49","slug":"edg-portavelas-de-cristal-flor-h125-cm","status":"publish","type":"product","link":"https:\/\/www.tendenzeshabbychic.it\/es\/producto\/edg-portavelas-de-cristal-flor-h125-cm\/","title":{"rendered":"EDG Portavelas de cristal Flor H12,5 cm"},"content":{"rendered":"<p>Este portavelas de Enzo de Gasperi est\u00e1 hecho de vidrio decorativo trabajado con gran atenci\u00f3n al detalle. La base redondeada de color azul agua presenta una refinada textura rayada, mientras que la parte central se abre en una estilizada flor de color coral con p\u00e9talos transparentes y nervaduras bien definidas. El portavelas central, de vidrio rayado verde claro, crea un elegante contraste de color.  <\/p>\n<p>Gracias a su estructura reversible, tambi\u00e9n se puede utilizar boca abajo, convirti\u00e9ndose en un original objeto decorativo o en un peque\u00f1o portavelas alternativo. Perfecto para ambientes Shabby Chic, primaverales o rom\u00e1nticos y sofisticados. <\/p>\n<p><strong>Ideas y calidad del mobiliario<\/strong><\/p>\n<ul>\n<li>Cristal transparente multicolor con acabado pulido<\/li>\n<li>P\u00e9talos esculpidos en relieve con efecto floral<\/li>\n<li>Dise\u00f1o reversible para un doble uso decorativo<\/li>\n<li>Ideal para mesas elegantes, vitrinas o consolas<\/li>\n<li>Objeto decorativo refinado y original<\/li>\n<\/ul>\n","protected":false},"excerpt":{"rendered":"<p>Portavelas EDG de cristal multicolor con base azul transparente y flor de coral. Dise\u00f1o floral a rayas, elegante y que tambi\u00e9n se puede utilizar boca abajo. <\/p>\n<p>\ud83d\udccf H 12,5 x \u00d8 12 cm<\/p>\n","protected":false},"featured_media":224363,"comment_status":"open","ping_status":"closed","template":"","meta":{"_joinchat":[]},"pwb-brand":[2084],"product_brand":[],"product_cat":[2951,2320],"product_tag":[],"class_list":{"0":"post-224371","1":"product","2":"type-product","3":"status-publish","4":"has-post-thumbnail","6":"pwb-brand-edg-enzo-de-gasperi","7":"product_cat-candelabro","8":"product_cat-candelabros-y-portavelas","10":"first","11":"instock","12":"taxable","13":"shipping-taxable","14":"purchasable","15":"product-type-simple"},"brands":[{"id":2084,"name":"EDG - Enzo De Gasperi","slug":"edg-enzo-de-gasperi"}],"_links":{"self":[{"href":"https:\/\/www.tendenzeshabbychic.it\/es\/wp-json\/wp\/v2\/product\/224371","targetHints":{"allow":["GET"]}}],"collection":[{"href":"https:\/\/www.tendenzeshabbychic.it\/es\/wp-json\/wp\/v2\/product"}],"about":[{"href":"https:\/\/www.tendenzeshabbychic.it\/es\/wp-json\/wp\/v2\/types\/product"}],"replies":[{"embeddable":true,"href":"https:\/\/www.tendenzeshabbychic.it\/es\/wp-json\/wp\/v2\/comments?post=224371"}],"wp:featuredmedia":[{"embeddable":true,"href":"https:\/\/www.tendenzeshabbychic.it\/es\/wp-json\/wp\/v2\/media\/224363"}],"wp:attachment":[{"href":"https:\/\/www.tendenzeshabbychic.it\/es\/wp-json\/wp\/v2\/media?parent=224371"}],"wp:term":[{"taxonomy":"pwb-brand","embeddable":true,"href":"https:\/\/www.tendenzeshabbychic.it\/es\/wp-json\/wp\/v2\/pwb-brand?post=224371"},{"taxonomy":"product_brand","embeddable":true,"href":"https:\/\/www.tendenzeshabbychic.it\/es\/wp-json\/wp\/v2\/product_brand?post=224371"},{"taxonomy":"product_cat","embeddable":true,"href":"https:\/\/www.tendenzeshabbychic.it\/es\/wp-json\/wp\/v2\/product_cat?post=224371"},{"taxonomy":"product_tag","embeddable":true,"href":"https:\/\/www.tendenzeshabbychic.it\/es\/wp-json\/wp\/v2\/product_tag?post=224371"}],"curies":[{"name":"wp","href":"https:\/\/api.w.org\/{rel}","templated":true}]}}